{"id":1089,"date":"2016-02-03T11:43:54","date_gmt":"2016-02-03T10:43:54","guid":{"rendered":"http:\/\/photocopie-ajaccio.com\/photocopie\/?page_id=1089"},"modified":"2016-02-03T14:55:43","modified_gmt":"2016-02-03T13:55:43","slug":"carte-de-condoleances","status":"publish","type":"page","link":"http:\/\/photocopie-ajaccio.com\/photocopie\/imprimerie\/carte-de-condoleances\/","title":{"rendered":"Carte de Condol\u00e9ances"},"content":{"rendered":"<p>Avec nos cartes de condol\u00e9ances, pr\u00e9sentez vos condol\u00e9ances \u00e0 ceux autour de vous qui sont touch\u00e9s par un deuil.<br \/>\nNous vous proposons de nombreux mod\u00e8les de cartes pour transmettre vos chaleureuses pens\u00e9es \u00e0 ces proches.<\/p>\n<p><a href=\"http:\/\/i1.wp.com\/photocopie-ajaccio.com\/photocopie\/wp-content\/uploads\/2016\/02\/image-modele.jpg\"><img loading=\"lazy\" decoding=\"async\" class=\"aligncenter  wp-image-1086\" src=\"http:\/\/i2.wp.com\/photocopie-ajaccio.com\/photocopie\/wp-content\/uploads\/2016\/02\/image-modele.jpg?zoom=1.5&amp;resize=550%2C497\" srcset=\"http:\/\/i2.wp.com\/photocopie-ajaccio.com\/photocopie\/wp-content\/uploads\/2016\/02\/image-modele.jpg?zoom=1.5&amp;resize=550%2C497\" alt=\"image modele\" width=\"637\" height=\"575\" \/><\/a><\/p>\n","protected":false},"excerpt":{"rendered":"<p>Avec nos cartes de condol\u00e9ances, pr\u00e9sentez vos condol\u00e9ances \u00e0 ceux autour de vous qui sont touch\u00e9s par un deuil. Nous vous proposons de nombreux mod\u00e8les de cartes pour transmettre vos chaleureuses pens\u00e9es \u00e0 ces proches.<\/p>\n","protected":false},"author":1,"featured_media":0,"parent":28,"menu_order":0,"comment_status":"open","ping_status":"open","template":"","meta":{"footnotes":""},"class_list":["post-1089","page","type-page","status-publish","hentry"],"yoast_head":"<!-- This site is optimized with the Yoast SEO plugin v18.8 - https:\/\/yoast.com\/wordpress\/plugins\/seo\/ -->\n<title>Carte de Condol\u00e9ances - Copy Flash System<\/title>\n<meta name=\"robots\" content=\"index, follow, max-snippet:-1, max-image-preview:large, max-video-preview:-1\" \/>\n<link rel=\"canonical\" href=\"https:\/\/photocopie-ajaccio.com\/photocopie\/imprimerie\/carte-de-condoleances\/\" \/>\n<meta property=\"og:locale\" content=\"fr_FR\" \/>\n<meta property=\"og:type\" content=\"article\" \/>\n<meta property=\"og:title\" content=\"Carte de Condol\u00e9ances - Copy Flash System\" \/>\n<meta property=\"og:description\" content=\"Avec nos cartes de condol\u00e9ances, pr\u00e9sentez vos condol\u00e9ances \u00e0 ceux autour de vous qui sont touch\u00e9s par un deuil. Nous vous proposons de nombreux mod\u00e8les de cartes pour transmettre vos chaleureuses pens\u00e9es \u00e0 ces proches.\" \/>\n<meta property=\"og:url\" content=\"https:\/\/photocopie-ajaccio.com\/photocopie\/imprimerie\/carte-de-condoleances\/\" \/>\n<meta property=\"og:site_name\" content=\"Copy Flash System\" \/>\n<meta property=\"article:publisher\" content=\"https:\/\/www.facebook.com\/cfs.mezzavia\" \/>\n<meta property=\"article:modified_time\" content=\"2016-02-03T13:55:43+00:00\" \/>\n<meta property=\"og:image\" content=\"http:\/\/i2.wp.com\/photocopie-ajaccio.com\/photocopie\/wp-content\/uploads\/2016\/02\/image-modele.jpg?zoom=1.5&#038;resize=550%2C497\" \/>\n<script type=\"application\/ld+json\" class=\"yoast-schema-graph\">{\"@context\":\"https:\/\/schema.org\",\"@graph\":[{\"@type\":\"WebSite\",\"@id\":\"https:\/\/photocopie-ajaccio.com\/photocopie\/#website\",\"url\":\"https:\/\/photocopie-ajaccio.com\/photocopie\/\",\"name\":\"Copy Flash System\",\"description\":\"Photocopies &amp; Impressions sur ajaccio\",\"potentialAction\":[{\"@type\":\"SearchAction\",\"target\":{\"@type\":\"EntryPoint\",\"urlTemplate\":\"https:\/\/photocopie-ajaccio.com\/photocopie\/?s={search_term_string}\"},\"query-input\":\"required name=search_term_string\"}],\"inLanguage\":\"fr-FR\"},{\"@type\":\"ImageObject\",\"inLanguage\":\"fr-FR\",\"@id\":\"https:\/\/photocopie-ajaccio.com\/photocopie\/imprimerie\/carte-de-condoleances\/#primaryimage\",\"url\":\"http:\/\/i2.wp.com\/photocopie-ajaccio.com\/photocopie\/wp-content\/uploads\/2016\/02\/image-modele.jpg?zoom=1.5&amp;resize=550%2C497\",\"contentUrl\":\"http:\/\/i2.wp.com\/photocopie-ajaccio.com\/photocopie\/wp-content\/uploads\/2016\/02\/image-modele.jpg?zoom=1.5&amp;resize=550%2C497\"},{\"@type\":\"WebPage\",\"@id\":\"https:\/\/photocopie-ajaccio.com\/photocopie\/imprimerie\/carte-de-condoleances\/#webpage\",\"url\":\"https:\/\/photocopie-ajaccio.com\/photocopie\/imprimerie\/carte-de-condoleances\/\",\"name\":\"Carte de Condol\u00e9ances - Copy Flash System\",\"isPartOf\":{\"@id\":\"https:\/\/photocopie-ajaccio.com\/photocopie\/#website\"},\"primaryImageOfPage\":{\"@id\":\"https:\/\/photocopie-ajaccio.com\/photocopie\/imprimerie\/carte-de-condoleances\/#primaryimage\"},\"datePublished\":\"2016-02-03T10:43:54+00:00\",\"dateModified\":\"2016-02-03T13:55:43+00:00\",\"breadcrumb\":{\"@id\":\"https:\/\/photocopie-ajaccio.com\/photocopie\/imprimerie\/carte-de-condoleances\/#breadcrumb\"},\"inLanguage\":\"fr-FR\",\"potentialAction\":[{\"@type\":\"ReadAction\",\"target\":[\"https:\/\/photocopie-ajaccio.com\/photocopie\/imprimerie\/carte-de-condoleances\/\"]}]},{\"@type\":\"BreadcrumbList\",\"@id\":\"https:\/\/photocopie-ajaccio.com\/photocopie\/imprimerie\/carte-de-condoleances\/#breadcrumb\",\"itemListElement\":[{\"@type\":\"ListItem\",\"position\":1,\"name\":\"Accueil\",\"item\":\"https:\/\/photocopie-ajaccio.com\/photocopie\/\"},{\"@type\":\"ListItem\",\"position\":2,\"name\":\"Imprimerie\",\"item\":\"http:\/\/photocopie-ajaccio.com\/photocopie\/imprimerie\/\"},{\"@type\":\"ListItem\",\"position\":3,\"name\":\"Carte de Condol\u00e9ances\"}]}]}<\/script>\n<!-- \/ Yoast SEO plugin. -->","yoast_head_json":{"title":"Carte de Condol\u00e9ances - Copy Flash System","robots":{"index":"index","follow":"follow","max-snippet":"max-snippet:-1","max-image-preview":"max-image-preview:large","max-video-preview":"max-video-preview:-1"},"canonical":"https:\/\/photocopie-ajaccio.com\/photocopie\/imprimerie\/carte-de-condoleances\/","og_locale":"fr_FR","og_type":"article","og_title":"Carte de Condol\u00e9ances - Copy Flash System","og_description":"Avec nos cartes de condol\u00e9ances, pr\u00e9sentez vos condol\u00e9ances \u00e0 ceux autour de vous qui sont touch\u00e9s par un deuil. Nous vous proposons de nombreux mod\u00e8les de cartes pour transmettre vos chaleureuses pens\u00e9es \u00e0 ces proches.","og_url":"https:\/\/photocopie-ajaccio.com\/photocopie\/imprimerie\/carte-de-condoleances\/","og_site_name":"Copy Flash System","article_publisher":"https:\/\/www.facebook.com\/cfs.mezzavia","article_modified_time":"2016-02-03T13:55:43+00:00","og_image":[{"url":"http:\/\/i2.wp.com\/photocopie-ajaccio.com\/photocopie\/wp-content\/uploads\/2016\/02\/image-modele.jpg?zoom=1.5&amp;resize=550%2C497"}],"schema":{"@context":"https:\/\/schema.org","@graph":[{"@type":"WebSite","@id":"https:\/\/photocopie-ajaccio.com\/photocopie\/#website","url":"https:\/\/photocopie-ajaccio.com\/photocopie\/","name":"Copy Flash System","description":"Photocopies &amp; Impressions sur ajaccio","potentialAction":[{"@type":"SearchAction","target":{"@type":"EntryPoint","urlTemplate":"https:\/\/photocopie-ajaccio.com\/photocopie\/?s={search_term_string}"},"query-input":"required name=search_term_string"}],"inLanguage":"fr-FR"},{"@type":"ImageObject","inLanguage":"fr-FR","@id":"https:\/\/photocopie-ajaccio.com\/photocopie\/imprimerie\/carte-de-condoleances\/#primaryimage","url":"http:\/\/i2.wp.com\/photocopie-ajaccio.com\/photocopie\/wp-content\/uploads\/2016\/02\/image-modele.jpg?zoom=1.5&amp;resize=550%2C497","contentUrl":"http:\/\/i2.wp.com\/photocopie-ajaccio.com\/photocopie\/wp-content\/uploads\/2016\/02\/image-modele.jpg?zoom=1.5&amp;resize=550%2C497"},{"@type":"WebPage","@id":"https:\/\/photocopie-ajaccio.com\/photocopie\/imprimerie\/carte-de-condoleances\/#webpage","url":"https:\/\/photocopie-ajaccio.com\/photocopie\/imprimerie\/carte-de-condoleances\/","name":"Carte de Condol\u00e9ances - Copy Flash System","isPartOf":{"@id":"https:\/\/photocopie-ajaccio.com\/photocopie\/#website"},"primaryImageOfPage":{"@id":"https:\/\/photocopie-ajaccio.com\/photocopie\/imprimerie\/carte-de-condoleances\/#primaryimage"},"datePublished":"2016-02-03T10:43:54+00:00","dateModified":"2016-02-03T13:55:43+00:00","breadcrumb":{"@id":"https:\/\/photocopie-ajaccio.com\/photocopie\/imprimerie\/carte-de-condoleances\/#breadcrumb"},"inLanguage":"fr-FR","potentialAction":[{"@type":"ReadAction","target":["https:\/\/photocopie-ajaccio.com\/photocopie\/imprimerie\/carte-de-condoleances\/"]}]},{"@type":"BreadcrumbList","@id":"https:\/\/photocopie-ajaccio.com\/photocopie\/imprimerie\/carte-de-condoleances\/#breadcrumb","itemListElement":[{"@type":"ListItem","position":1,"name":"Accueil","item":"https:\/\/photocopie-ajaccio.com\/photocopie\/"},{"@type":"ListItem","position":2,"name":"Imprimerie","item":"http:\/\/photocopie-ajaccio.com\/photocopie\/imprimerie\/"},{"@type":"ListItem","position":3,"name":"Carte de Condol\u00e9ances"}]}]}},"_links":{"self":[{"href":"http:\/\/photocopie-ajaccio.com\/photocopie\/wp-json\/wp\/v2\/pages\/1089","targetHints":{"allow":["GET"]}}],"collection":[{"href":"http:\/\/photocopie-ajaccio.com\/photocopie\/wp-json\/wp\/v2\/pages"}],"about":[{"href":"http:\/\/photocopie-ajaccio.com\/photocopie\/wp-json\/wp\/v2\/types\/page"}],"author":[{"embeddable":true,"href":"http:\/\/photocopie-ajaccio.com\/photocopie\/wp-json\/wp\/v2\/users\/1"}],"replies":[{"embeddable":true,"href":"http:\/\/photocopie-ajaccio.com\/photocopie\/wp-json\/wp\/v2\/comments?post=1089"}],"version-history":[{"count":0,"href":"http:\/\/photocopie-ajaccio.com\/photocopie\/wp-json\/wp\/v2\/pages\/1089\/revisions"}],"up":[{"embeddable":true,"href":"http:\/\/photocopie-ajaccio.com\/photocopie\/wp-json\/wp\/v2\/pages\/28"}],"wp:attachment":[{"href":"http:\/\/photocopie-ajaccio.com\/photocopie\/wp-json\/wp\/v2\/media?parent=1089"}],"curies":[{"name":"wp","href":"https:\/\/api.w.org\/{rel}","templated":true}]}}