{"id":114,"date":"2013-10-31T14:40:16","date_gmt":"2013-10-31T13:40:16","guid":{"rendered":"http:\/\/photocopie-ajaccio.com\/photocopie\/?page_id=114"},"modified":"2015-03-30T16:48:30","modified_gmt":"2015-03-30T15:48:30","slug":"objets-publicitaires","status":"publish","type":"page","link":"http:\/\/photocopie-ajaccio.com\/photocopie\/objets-publicitaires\/","title":{"rendered":"Objets publicitaires"},"content":{"rendered":"<h1 style=\"text-align: center;\">Objets publicitaires<\/h1>\n<p style=\"text-align: center;\"><a href=\"http:\/\/photocopie-ajaccio.com\/photocopie\/wp-content\/uploads\/2013\/10\/photo-pub-vide.jpg\"><img loading=\"lazy\" decoding=\"async\" class=\"aligncenter size-full wp-image-687\" src=\"http:\/\/photocopie-ajaccio.com\/photocopie\/wp-content\/uploads\/2013\/10\/photo-pub-vide.jpg\" alt=\"photo pub vide\" width=\"800\" height=\"611\" \/><\/a><\/p>\n<p style=\"text-align: center;\"><span style=\"font-size: 13px; line-height: 19px;\">\u00a0<\/span><\/p>\n<p><span style=\"font-size: 14pt;\">En nous confiant vos <strong>op\u00e9rations de communication par l\u2019objet<\/strong>, nous d\u00e9nicherons l\u2019objet publicitaire adapt\u00e9 \u00e0 votre m\u00e9tier, \u00e0 votre \u00e9v\u00e9nement et \u00e0 votre budget.<\/span><\/p>\n<p><span style=\"font-size: 14pt;\">Nous vous proposons un large choix d&rsquo;objets publicitaires tendance personnalisables:<\/span><\/p>\n<p><span style=\"font-size: 14pt;\">&#8211; Stylos publicitaire<\/span><br \/>\n<span style=\"font-size: 14pt;\"> &#8211; Briquets<\/span><br \/>\n<span style=\"font-size: 14pt;\"> &#8211; Cl\u00e9s usb\u00a0<\/span><br \/>\n<span style=\"font-size: 14pt;\"> &#8211; T-shirt\u00a0<\/span><br \/>\n<span style=\"font-size: 14pt;\"> &#8211; Tours de cou\u00a0<\/span><br \/>\n<span style=\"font-size: 14pt;\"> &#8211; Casquettes<\/span><br \/>\n<span style=\"font-size: 14pt;\"> &#8211; Magnets<\/span><\/p>\n<p><span style=\"font-size: 14pt;\">\u00a0<\/span><\/p>\n<p style=\"text-align: center;\"><a href=\"http:\/\/photocopie-ajaccio.com\/photocopie\/wp-content\/uploads\/2013\/10\/Briquets.jpg\"><img loading=\"lazy\" decoding=\"async\" class=\"aligncenter  wp-image-369\" src=\"http:\/\/photocopie-ajaccio.com\/photocopie\/wp-content\/uploads\/2013\/10\/Briquets.jpg\" alt=\"Briquets\" width=\"300\" height=\"205\" \/><\/a><\/p>\n<p><span style=\"font-size: 14pt;\">Vous pourrez ainsi satisfaire vos clients, fournisseurs ou autres partenaires commerciaux \u00e0 travers des goodies, des cadeaux d&rsquo;entreprise, des objets promotionnels, des\u00a0cadeaux publicitaires&#8230;\u00e0 votre effigie.<\/span><\/p>\n","protected":false},"excerpt":{"rendered":"<p>Objets publicitaires \u00a0 En nous confiant vos op\u00e9rations de communication par l\u2019objet, nous d\u00e9nicherons l\u2019objet publicitaire adapt\u00e9 \u00e0 votre m\u00e9tier, \u00e0 votre \u00e9v\u00e9nement et \u00e0 votre budget. Nous vous proposons un large choix d&rsquo;objets publicitaires tendance personnalisables: &#8211; Stylos publicitaire &#8211; Briquets &#8211; Cl\u00e9s usb\u00a0 &#8211; T-shirt\u00a0 &#8211; Tours de cou\u00a0 &#8211; Casquettes &#8211; Magnets &hellip;<\/p>\n","protected":false},"author":1,"featured_media":0,"parent":0,"menu_order":0,"comment_status":"open","ping_status":"open","template":"","meta":{"footnotes":""},"class_list":["post-114","page","type-page","status-publish","hentry"],"yoast_head":"<!-- This site is optimized with the Yoast SEO plugin v18.8 - https:\/\/yoast.com\/wordpress\/plugins\/seo\/ -->\n<title>Objets publicitaires - Copy Flash System<\/title>\n<meta name=\"description\" content=\"Objets publicitaires Nous vous proposons un large choix d&#039;objets tendance personnalisables: stylo publicitaire, cl\u00e9 usb publicitaire,t-shirt publicitaire\" \/>\n<meta name=\"robots\" content=\"index, follow, max-snippet:-1, max-image-preview:large, max-video-preview:-1\" \/>\n<link rel=\"canonical\" href=\"https:\/\/photocopie-ajaccio.com\/photocopie\/objets-publicitaires\/\" \/>\n<meta property=\"og:locale\" content=\"fr_FR\" \/>\n<meta property=\"og:type\" content=\"article\" \/>\n<meta property=\"og:title\" content=\"Objets publicitaires - Copy Flash System\" \/>\n<meta property=\"og:description\" content=\"Objets publicitaires Nous vous proposons un large choix d&#039;objets tendance personnalisables: stylo publicitaire, cl\u00e9 usb publicitaire,t-shirt publicitaire\" \/>\n<meta property=\"og:url\" content=\"https:\/\/photocopie-ajaccio.com\/photocopie\/objets-publicitaires\/\" \/>\n<meta property=\"og:site_name\" content=\"Copy Flash System\" \/>\n<meta property=\"article:publisher\" content=\"https:\/\/www.facebook.com\/cfs.mezzavia\" \/>\n<meta property=\"article:modified_time\" content=\"2015-03-30T15:48:30+00:00\" \/>\n<meta property=\"og:image\" content=\"http:\/\/photocopie-ajaccio.com\/photocopie\/wp-content\/uploads\/2013\/10\/photo-pub-vide.jpg\" \/>\n<script type=\"application\/ld+json\" class=\"yoast-schema-graph\">{\"@context\":\"https:\/\/schema.org\",\"@graph\":[{\"@type\":\"WebSite\",\"@id\":\"http:\/\/photocopie-ajaccio.com\/photocopie\/#website\",\"url\":\"http:\/\/photocopie-ajaccio.com\/photocopie\/\",\"name\":\"Copy Flash System\",\"description\":\"Photocopies &amp; Impressions sur ajaccio\",\"potentialAction\":[{\"@type\":\"SearchAction\",\"target\":{\"@type\":\"EntryPoint\",\"urlTemplate\":\"http:\/\/photocopie-ajaccio.com\/photocopie\/?s={search_term_string}\"},\"query-input\":\"required name=search_term_string\"}],\"inLanguage\":\"fr-FR\"},{\"@type\":\"ImageObject\",\"inLanguage\":\"fr-FR\",\"@id\":\"https:\/\/photocopie-ajaccio.com\/photocopie\/objets-publicitaires\/#primaryimage\",\"url\":\"http:\/\/photocopie-ajaccio.com\/photocopie\/wp-content\/uploads\/2013\/10\/photo-pub-vide.jpg\",\"contentUrl\":\"http:\/\/photocopie-ajaccio.com\/photocopie\/wp-content\/uploads\/2013\/10\/photo-pub-vide.jpg\",\"width\":800,\"height\":611},{\"@type\":\"WebPage\",\"@id\":\"https:\/\/photocopie-ajaccio.com\/photocopie\/objets-publicitaires\/#webpage\",\"url\":\"https:\/\/photocopie-ajaccio.com\/photocopie\/objets-publicitaires\/\",\"name\":\"Objets publicitaires - Copy Flash System\",\"isPartOf\":{\"@id\":\"http:\/\/photocopie-ajaccio.com\/photocopie\/#website\"},\"primaryImageOfPage\":{\"@id\":\"https:\/\/photocopie-ajaccio.com\/photocopie\/objets-publicitaires\/#primaryimage\"},\"datePublished\":\"2013-10-31T13:40:16+00:00\",\"dateModified\":\"2015-03-30T15:48:30+00:00\",\"description\":\"Objets publicitaires Nous vous proposons un large choix d'objets tendance personnalisables: stylo publicitaire, cl\u00e9 usb publicitaire,t-shirt publicitaire\",\"breadcrumb\":{\"@id\":\"https:\/\/photocopie-ajaccio.com\/photocopie\/objets-publicitaires\/#breadcrumb\"},\"inLanguage\":\"fr-FR\",\"potentialAction\":[{\"@type\":\"ReadAction\",\"target\":[\"https:\/\/photocopie-ajaccio.com\/photocopie\/objets-publicitaires\/\"]}]},{\"@type\":\"BreadcrumbList\",\"@id\":\"https:\/\/photocopie-ajaccio.com\/photocopie\/objets-publicitaires\/#breadcrumb\",\"itemListElement\":[{\"@type\":\"ListItem\",\"position\":1,\"name\":\"Accueil\",\"item\":\"http:\/\/photocopie-ajaccio.com\/photocopie\/\"},{\"@type\":\"ListItem\",\"position\":2,\"name\":\"Objets publicitaires\"}]}]}<\/script>\n<!-- \/ Yoast SEO plugin. -->","yoast_head_json":{"title":"Objets publicitaires - Copy Flash System","description":"Objets publicitaires Nous vous proposons un large choix d'objets tendance personnalisables: stylo publicitaire, cl\u00e9 usb publicitaire,t-shirt publicitaire","robots":{"index":"index","follow":"follow","max-snippet":"max-snippet:-1","max-image-preview":"max-image-preview:large","max-video-preview":"max-video-preview:-1"},"canonical":"https:\/\/photocopie-ajaccio.com\/photocopie\/objets-publicitaires\/","og_locale":"fr_FR","og_type":"article","og_title":"Objets publicitaires - Copy Flash System","og_description":"Objets publicitaires Nous vous proposons un large choix d'objets tendance personnalisables: stylo publicitaire, cl\u00e9 usb publicitaire,t-shirt publicitaire","og_url":"https:\/\/photocopie-ajaccio.com\/photocopie\/objets-publicitaires\/","og_site_name":"Copy Flash System","article_publisher":"https:\/\/www.facebook.com\/cfs.mezzavia","article_modified_time":"2015-03-30T15:48:30+00:00","og_image":[{"url":"http:\/\/photocopie-ajaccio.com\/photocopie\/wp-content\/uploads\/2013\/10\/photo-pub-vide.jpg"}],"schema":{"@context":"https:\/\/schema.org","@graph":[{"@type":"WebSite","@id":"http:\/\/photocopie-ajaccio.com\/photocopie\/#website","url":"http:\/\/photocopie-ajaccio.com\/photocopie\/","name":"Copy Flash System","description":"Photocopies &amp; Impressions sur ajaccio","potentialAction":[{"@type":"SearchAction","target":{"@type":"EntryPoint","urlTemplate":"http:\/\/photocopie-ajaccio.com\/photocopie\/?s={search_term_string}"},"query-input":"required name=search_term_string"}],"inLanguage":"fr-FR"},{"@type":"ImageObject","inLanguage":"fr-FR","@id":"https:\/\/photocopie-ajaccio.com\/photocopie\/objets-publicitaires\/#primaryimage","url":"http:\/\/photocopie-ajaccio.com\/photocopie\/wp-content\/uploads\/2013\/10\/photo-pub-vide.jpg","contentUrl":"http:\/\/photocopie-ajaccio.com\/photocopie\/wp-content\/uploads\/2013\/10\/photo-pub-vide.jpg","width":800,"height":611},{"@type":"WebPage","@id":"https:\/\/photocopie-ajaccio.com\/photocopie\/objets-publicitaires\/#webpage","url":"https:\/\/photocopie-ajaccio.com\/photocopie\/objets-publicitaires\/","name":"Objets publicitaires - Copy Flash System","isPartOf":{"@id":"http:\/\/photocopie-ajaccio.com\/photocopie\/#website"},"primaryImageOfPage":{"@id":"https:\/\/photocopie-ajaccio.com\/photocopie\/objets-publicitaires\/#primaryimage"},"datePublished":"2013-10-31T13:40:16+00:00","dateModified":"2015-03-30T15:48:30+00:00","description":"Objets publicitaires Nous vous proposons un large choix d'objets tendance personnalisables: stylo publicitaire, cl\u00e9 usb publicitaire,t-shirt publicitaire","breadcrumb":{"@id":"https:\/\/photocopie-ajaccio.com\/photocopie\/objets-publicitaires\/#breadcrumb"},"inLanguage":"fr-FR","potentialAction":[{"@type":"ReadAction","target":["https:\/\/photocopie-ajaccio.com\/photocopie\/objets-publicitaires\/"]}]},{"@type":"BreadcrumbList","@id":"https:\/\/photocopie-ajaccio.com\/photocopie\/objets-publicitaires\/#breadcrumb","itemListElement":[{"@type":"ListItem","position":1,"name":"Accueil","item":"http:\/\/photocopie-ajaccio.com\/photocopie\/"},{"@type":"ListItem","position":2,"name":"Objets publicitaires"}]}]}},"_links":{"self":[{"href":"http:\/\/photocopie-ajaccio.com\/photocopie\/wp-json\/wp\/v2\/pages\/114","targetHints":{"allow":["GET"]}}],"collection":[{"href":"http:\/\/photocopie-ajaccio.com\/photocopie\/wp-json\/wp\/v2\/pages"}],"about":[{"href":"http:\/\/photocopie-ajaccio.com\/photocopie\/wp-json\/wp\/v2\/types\/page"}],"author":[{"embeddable":true,"href":"http:\/\/photocopie-ajaccio.com\/photocopie\/wp-json\/wp\/v2\/users\/1"}],"replies":[{"embeddable":true,"href":"http:\/\/photocopie-ajaccio.com\/photocopie\/wp-json\/wp\/v2\/comments?post=114"}],"version-history":[{"count":0,"href":"http:\/\/photocopie-ajaccio.com\/photocopie\/wp-json\/wp\/v2\/pages\/114\/revisions"}],"wp:attachment":[{"href":"http:\/\/photocopie-ajaccio.com\/photocopie\/wp-json\/wp\/v2\/media?parent=114"}],"curies":[{"name":"wp","href":"https:\/\/api.w.org\/{rel}","templated":true}]}}