{"id":16,"date":"2013-10-31T10:18:43","date_gmt":"2013-10-31T09:18:43","guid":{"rendered":"http:\/\/photocopie-ajaccio.com\/photocopie\/?page_id=16"},"modified":"2018-02-28T17:52:27","modified_gmt":"2018-02-28T16:52:27","slug":"tampons","status":"publish","type":"page","link":"http:\/\/photocopie-ajaccio.com\/photocopie\/tampons\/","title":{"rendered":"Tampons"},"content":{"rendered":"<p><iframe loading=\"lazy\" src=\"https:\/\/www.youtube.com\/embed\/3OyjTazsDbA?rel=0\" width=\"800\" height=\"500\" frameborder=\"0\" allowfullscreen=\"allowfullscreen\">&lt;span data-mce-type=\u00a0\u00bbbookmark\u00a0\u00bb style=\u00a0\u00bbdisplay: inline-block; width: 0px; overflow: hidden; line-height: 0;\u00a0\u00bb class=\u00a0\u00bbmce_SELRES_start\u00a0\u00bb&gt;\ufeff&lt;\/span&gt;&amp;lt;span data-mce-type=\u00a0\u00bbbookmark\u00a0\u00bb style=\u00a0\u00bbdisplay: inline-block; width: 0px; overflow: hidden; line-height: 0;\u00a0\u00bb class=\u00a0\u00bbmce_SELRES_start\u00a0\u00bb&amp;gt;\ufeff&amp;lt;\/span&amp;gt;<\/iframe><\/p>\n<h1 style=\"text-align: center;\"><span style=\"font-size: 36pt; font-family: helvetica, arial, sans-serif;\">Tampons<\/span><\/h1>\n<p><span style=\"font-size: 14pt; font-family: helvetica, arial, sans-serif;\"><strong><a href=\"http:\/\/photocopie-ajaccio.com\/\">Copy Flash System<\/a><\/strong>&nbsp;vous propose une large gamme de tampons pour tout usage.<\/span><br \/>\n<span style=\"font-size: 14pt; font-family: helvetica, arial, sans-serif;\"> Nous trouverons&nbsp;ensemble, la solution adapt\u00e9e \u00e0 vos besoins&nbsp;!<br \/>\n<\/span><br \/>\n<span style=\"font-size: 14pt; font-family: helvetica, arial, sans-serif;\"> <strong>Nos tampons sont fabriqu\u00e9s sur place, dans des d\u00e9lais tr\u00e8s rapides.<\/strong><\/span><\/p>\n<p>&nbsp;<\/p>\n<h1 style=\"text-align: center;\"><span style=\"font-size: 36pt;\">&nbsp;Nos Tampons Stars<\/span><\/h1>\n<table border=\"0\">\n<tbody>\n<tr>\n<td>\n<h2><span style=\"font-family: tahoma, arial, helvetica, sans-serif;\"><span style=\"font-family: tahoma, arial, helvetica, sans-serif;\"><span style=\"font-family: tahoma, arial, helvetica, sans-serif;\"><strong><a href=\"http:\/\/photocopie-ajaccio.com\/photocopie\/wp-content\/uploads\/metaline.png\"><img loading=\"lazy\" decoding=\"async\" class=\"alignleft\" src=\"http:\/\/photocopie-ajaccio.com\/photocopie\/wp-content\/uploads\/metaline-217x300.png\" alt=\"metaline\" width=\"217\" height=\"300\"><\/a><span style=\"text-decoration: underline; font-size: x-large; font-family: helvetica, arial, sans-serif;\">Le Metal Line pour un usage intensif<\/span><\/strong><\/span><\/span><\/span><\/h2>\n<h3><span style=\"font-family: helvetica, arial, sans-serif; font-size: 12pt;\"><strong>Tampon id\u00e9al pour l\u2019usage quotidien au bureau en garantissant des empreintes propres et nettes.<br \/>\n<\/strong><br \/>\nDepuis plusieurs dizaines d\u2019ann\u00e9es, il est synonyme de fiabilit\u00e9 et professionnalisme.<br \/>\nL\u2019usinage de pr\u00e9cision et les mat\u00e9riaux de qualit\u00e9 sup\u00e9rieure en font le champion de l\u2019endurance parmi les produits Trodat.Depuis le d\u00e9but de l\u2019ann\u00e9e 2013 la gamme M\u00e9tallique Professional Line a une empreinte carbone sur l\u2019environnement et le climat neutre de s\u00e9rie.<\/span><\/h3>\n<\/td>\n<\/tr>\n<tr>\n<td>\n<h2><span style=\"font-family: tahoma, arial, helvetica, sans-serif;\"><span style=\"font-family: tahoma, arial, helvetica, sans-serif;\"><span style=\"font-family: tahoma, arial, helvetica, sans-serif;\"><strong><a href=\"http:\/\/photocopie-ajaccio.com\/photocopie\/wp-content\/uploads\/printy.png\"><img loading=\"lazy\" decoding=\"async\" class=\"alignleft\" src=\"http:\/\/photocopie-ajaccio.com\/photocopie\/wp-content\/uploads\/printy-217x300.png\" alt=\"printy\" width=\"217\" height=\"300\"><\/a><span style=\"text-decoration: underline; font-size: x-large; font-family: helvetica, arial, sans-serif;\">Le tampon encreur Printy 4.0<\/span><\/strong><\/span><\/span><\/span><\/h2>\n<h3><span style=\"font-size: 12pt; font-family: helvetica, arial, sans-serif;\">Appr\u00e9ci\u00e9&nbsp;non seulement par son apparence&nbsp;mais il est aussi un&nbsp;tampon climatiquement neutre&nbsp;de s\u00e9rie !<\/span><\/h3>\n<h3><span style=\"font-size: 12pt; font-family: helvetica, arial, sans-serif;\">Lors de la fabrication, une \u00e9conomie de jusqu&rsquo;\u00e0 49%* de CO2 est r\u00e9alis\u00e9e par rapport aux mod\u00e8les ant\u00e9rieurs.Et&nbsp; l\u2019empreinte CO2&nbsp; r\u00e9siduelle in\u00e9vitable est compens\u00e9e par des investissements dans des&nbsp;Projets de protection climatique Gold Standard.Le&nbsp;tampon encreur Printy 4.0 est l\u2019un des plus petits et plus l\u00e9gers tampons auto-encreurs du monde.Des \u00e9l\u00e9ments de soft-touch assurent une prise en main agr\u00e9able et s\u00fbre du tampon.<\/span><\/h3>\n<\/td>\n<\/tr>\n<tr>\n<td>\n<h2><span style=\"font-family: tahoma, arial, helvetica, sans-serif;\"><a href=\"http:\/\/photocopie-ajaccio.com\/photocopie\/wp-content\/uploads\/mobile-printy.png\"><img loading=\"lazy\" decoding=\"async\" class=\"alignleft\" src=\"http:\/\/photocopie-ajaccio.com\/photocopie\/wp-content\/uploads\/mobile-printy-217x300.png\" alt=\"mobile printy\" width=\"217\" height=\"300\"><\/a><span style=\"font-family: helvetica, arial, sans-serif;\"><strong><span style=\"text-decoration: underline; font-size: x-large;\">Mobile Printy<\/span><\/strong><\/span><\/span><\/h2>\n<h3><span style=\"font-size: 12pt; font-family: helvetica, arial, sans-serif;\">Le tampon de poche Trodat Mobile Printy \u00e0 usage exceptionnel d\u2019une seule main est le tampon de poche le plus simple, stable et propre ayant jamais exist\u00e9.Son design moderne souligne la fonctionnalit\u00e9 innovante et en fait un accessoire pratique et attrayant lors des d\u00e9placements. Ce&nbsp; n\u2019est pas pour rien que le Mobile Printy 2009 de Trodat a \u00e9t\u00e9 deux fois \u00e9lu.<\/span><br \/>\n<span style=\"font-size: 12pt; font-family: helvetica, arial, sans-serif;\"> Une technique astucieuse permet d\u2019ouvrir, de tamponner et de refermer d\u2019une seule main.<\/span><\/h3>\n<p><span style=\"font-family: tahoma, arial, helvetica, sans-serif;\">&nbsp;<\/span><\/td>\n<\/tr>\n<\/tbody>\n<\/table>\n<p><img decoding=\"async\" class=\"ngg_displayed_gallery mceItem aligncenter\" src=\"http:\/\/photocopie-ajaccio.com\/photocopie\/nextgen-attach_to_post\/preview\/id--675\" alt=\"\" data-mce-placeholder=\"1\"><\/p>\n<p>&nbsp;<br \/>\n<iframe loading=\"lazy\" src=\"https:\/\/www.youtube.com\/embed\/jP6GIi1CK1Y?rel=0\" width=\"800\" height=\"500\" frameborder=\"0\" allowfullscreen=\"allowfullscreen\"><\/iframe><br \/>\n&nbsp;<\/p>\n","protected":false},"excerpt":{"rendered":"<p>&lt;span data-mce-type=\u00a0\u00bbbookmark\u00a0\u00bb style=\u00a0\u00bbdisplay: inline-block; width: 0px; overflow: hidden; line-height: 0;\u00a0\u00bb class=\u00a0\u00bbmce_SELRES_start\u00a0\u00bb&gt;\ufeff&lt;\/span&gt;&amp;lt;span data-mce-type=\u00a0\u00bbbookmark\u00a0\u00bb style=\u00a0\u00bbdisplay: inline-block; width: 0px; overflow: hidden; line-height: 0;\u00a0\u00bb class=\u00a0\u00bbmce_SELRES_start\u00a0\u00bb&amp;gt;\ufeff&amp;lt;\/span&amp;gt; Tampons Copy Flash System&nbsp;vous propose une large gamme de tampons pour tout usage. Nous trouverons&nbsp;ensemble, la solution adapt\u00e9e \u00e0 vos besoins&nbsp;! Nos tampons sont fabriqu\u00e9s sur place, dans des d\u00e9lais tr\u00e8s rapides. &nbsp; &nbsp;Nos &hellip;<\/p>\n","protected":false},"author":1,"featured_media":0,"parent":0,"menu_order":0,"comment_status":"open","ping_status":"open","template":"","meta":{"footnotes":""},"class_list":["post-16","page","type-page","status-publish","hentry"],"yoast_head":"<!-- This site is optimized with the Yoast SEO plugin v18.8 - https:\/\/yoast.com\/wordpress\/plugins\/seo\/ -->\n<title>Tampons : acheter vos tampons sur Ajaccio<\/title>\n<meta name=\"description\" content=\"Tampons : Nous vous proposons une large gamme de tampons pour tout usage. Nous trouverons ensemble,\" \/>\n<meta name=\"robots\" content=\"index, follow, max-snippet:-1, max-image-preview:large, max-video-preview:-1\" \/>\n<link rel=\"canonical\" href=\"http:\/\/photocopie-ajaccio.com\/photocopie\/tampons\/\" \/>\n<meta property=\"og:locale\" content=\"fr_FR\" \/>\n<meta property=\"og:type\" content=\"article\" \/>\n<meta property=\"og:title\" content=\"Tampons : acheter vos tampons sur Ajaccio\" \/>\n<meta property=\"og:description\" content=\"Tampons : Nous vous proposons une large gamme de tampons pour tout usage. Nous trouverons ensemble,\" \/>\n<meta property=\"og:url\" content=\"http:\/\/photocopie-ajaccio.com\/photocopie\/tampons\/\" \/>\n<meta property=\"og:site_name\" content=\"Copy Flash System\" \/>\n<meta property=\"article:publisher\" content=\"https:\/\/www.facebook.com\/cfs.mezzavia\" \/>\n<meta property=\"article:modified_time\" content=\"2018-02-28T16:52:27+00:00\" \/>\n<meta property=\"og:image\" content=\"http:\/\/photocopie-ajaccio.com\/photocopie\/wp-content\/uploads\/metaline-217x300.png\" \/>\n<meta name=\"twitter:label1\" content=\"Dur\u00e9e de lecture estim\u00e9e\" \/>\n\t<meta name=\"twitter:data1\" content=\"2 minutes\" \/>\n<script type=\"application\/ld+json\" class=\"yoast-schema-graph\">{\"@context\":\"https:\/\/schema.org\",\"@graph\":[{\"@type\":\"WebSite\",\"@id\":\"https:\/\/photocopie-ajaccio.com\/photocopie\/#website\",\"url\":\"https:\/\/photocopie-ajaccio.com\/photocopie\/\",\"name\":\"Copy Flash System\",\"description\":\"Photocopies &amp; Impressions sur ajaccio\",\"potentialAction\":[{\"@type\":\"SearchAction\",\"target\":{\"@type\":\"EntryPoint\",\"urlTemplate\":\"https:\/\/photocopie-ajaccio.com\/photocopie\/?s={search_term_string}\"},\"query-input\":\"required name=search_term_string\"}],\"inLanguage\":\"fr-FR\"},{\"@type\":\"ImageObject\",\"inLanguage\":\"fr-FR\",\"@id\":\"http:\/\/photocopie-ajaccio.com\/photocopie\/tampons\/#primaryimage\",\"url\":\"http:\/\/photocopie-ajaccio.com\/photocopie\/wp-content\/uploads\/metaline.png\",\"contentUrl\":\"http:\/\/photocopie-ajaccio.com\/photocopie\/wp-content\/uploads\/metaline.png\",\"width\":320,\"height\":442},{\"@type\":\"WebPage\",\"@id\":\"http:\/\/photocopie-ajaccio.com\/photocopie\/tampons\/#webpage\",\"url\":\"http:\/\/photocopie-ajaccio.com\/photocopie\/tampons\/\",\"name\":\"Tampons : acheter vos tampons sur Ajaccio\",\"isPartOf\":{\"@id\":\"https:\/\/photocopie-ajaccio.com\/photocopie\/#website\"},\"primaryImageOfPage\":{\"@id\":\"http:\/\/photocopie-ajaccio.com\/photocopie\/tampons\/#primaryimage\"},\"datePublished\":\"2013-10-31T09:18:43+00:00\",\"dateModified\":\"2018-02-28T16:52:27+00:00\",\"description\":\"Tampons : Nous vous proposons une large gamme de tampons pour tout usage. Nous trouverons ensemble,\",\"breadcrumb\":{\"@id\":\"http:\/\/photocopie-ajaccio.com\/photocopie\/tampons\/#breadcrumb\"},\"inLanguage\":\"fr-FR\",\"potentialAction\":[{\"@type\":\"ReadAction\",\"target\":[\"http:\/\/photocopie-ajaccio.com\/photocopie\/tampons\/\"]}]},{\"@type\":\"BreadcrumbList\",\"@id\":\"http:\/\/photocopie-ajaccio.com\/photocopie\/tampons\/#breadcrumb\",\"itemListElement\":[{\"@type\":\"ListItem\",\"position\":1,\"name\":\"Accueil\",\"item\":\"https:\/\/photocopie-ajaccio.com\/photocopie\/\"},{\"@type\":\"ListItem\",\"position\":2,\"name\":\"Tampons\"}]}]}<\/script>\n<!-- \/ Yoast SEO plugin. -->","yoast_head_json":{"title":"Tampons : acheter vos tampons sur Ajaccio","description":"Tampons : Nous vous proposons une large gamme de tampons pour tout usage. Nous trouverons ensemble,","robots":{"index":"index","follow":"follow","max-snippet":"max-snippet:-1","max-image-preview":"max-image-preview:large","max-video-preview":"max-video-preview:-1"},"canonical":"http:\/\/photocopie-ajaccio.com\/photocopie\/tampons\/","og_locale":"fr_FR","og_type":"article","og_title":"Tampons : acheter vos tampons sur Ajaccio","og_description":"Tampons : Nous vous proposons une large gamme de tampons pour tout usage. Nous trouverons ensemble,","og_url":"http:\/\/photocopie-ajaccio.com\/photocopie\/tampons\/","og_site_name":"Copy Flash System","article_publisher":"https:\/\/www.facebook.com\/cfs.mezzavia","article_modified_time":"2018-02-28T16:52:27+00:00","og_image":[{"url":"http:\/\/photocopie-ajaccio.com\/photocopie\/wp-content\/uploads\/metaline-217x300.png"}],"twitter_misc":{"Dur\u00e9e de lecture estim\u00e9e":"2 minutes"},"schema":{"@context":"https:\/\/schema.org","@graph":[{"@type":"WebSite","@id":"https:\/\/photocopie-ajaccio.com\/photocopie\/#website","url":"https:\/\/photocopie-ajaccio.com\/photocopie\/","name":"Copy Flash System","description":"Photocopies &amp; Impressions sur ajaccio","potentialAction":[{"@type":"SearchAction","target":{"@type":"EntryPoint","urlTemplate":"https:\/\/photocopie-ajaccio.com\/photocopie\/?s={search_term_string}"},"query-input":"required name=search_term_string"}],"inLanguage":"fr-FR"},{"@type":"ImageObject","inLanguage":"fr-FR","@id":"http:\/\/photocopie-ajaccio.com\/photocopie\/tampons\/#primaryimage","url":"http:\/\/photocopie-ajaccio.com\/photocopie\/wp-content\/uploads\/metaline.png","contentUrl":"http:\/\/photocopie-ajaccio.com\/photocopie\/wp-content\/uploads\/metaline.png","width":320,"height":442},{"@type":"WebPage","@id":"http:\/\/photocopie-ajaccio.com\/photocopie\/tampons\/#webpage","url":"http:\/\/photocopie-ajaccio.com\/photocopie\/tampons\/","name":"Tampons : acheter vos tampons sur Ajaccio","isPartOf":{"@id":"https:\/\/photocopie-ajaccio.com\/photocopie\/#website"},"primaryImageOfPage":{"@id":"http:\/\/photocopie-ajaccio.com\/photocopie\/tampons\/#primaryimage"},"datePublished":"2013-10-31T09:18:43+00:00","dateModified":"2018-02-28T16:52:27+00:00","description":"Tampons : Nous vous proposons une large gamme de tampons pour tout usage. Nous trouverons ensemble,","breadcrumb":{"@id":"http:\/\/photocopie-ajaccio.com\/photocopie\/tampons\/#breadcrumb"},"inLanguage":"fr-FR","potentialAction":[{"@type":"ReadAction","target":["http:\/\/photocopie-ajaccio.com\/photocopie\/tampons\/"]}]},{"@type":"BreadcrumbList","@id":"http:\/\/photocopie-ajaccio.com\/photocopie\/tampons\/#breadcrumb","itemListElement":[{"@type":"ListItem","position":1,"name":"Accueil","item":"https:\/\/photocopie-ajaccio.com\/photocopie\/"},{"@type":"ListItem","position":2,"name":"Tampons"}]}]}},"_links":{"self":[{"href":"http:\/\/photocopie-ajaccio.com\/photocopie\/wp-json\/wp\/v2\/pages\/16","targetHints":{"allow":["GET"]}}],"collection":[{"href":"http:\/\/photocopie-ajaccio.com\/photocopie\/wp-json\/wp\/v2\/pages"}],"about":[{"href":"http:\/\/photocopie-ajaccio.com\/photocopie\/wp-json\/wp\/v2\/types\/page"}],"author":[{"embeddable":true,"href":"http:\/\/photocopie-ajaccio.com\/photocopie\/wp-json\/wp\/v2\/users\/1"}],"replies":[{"embeddable":true,"href":"http:\/\/photocopie-ajaccio.com\/photocopie\/wp-json\/wp\/v2\/comments?post=16"}],"version-history":[{"count":0,"href":"http:\/\/photocopie-ajaccio.com\/photocopie\/wp-json\/wp\/v2\/pages\/16\/revisions"}],"wp:attachment":[{"href":"http:\/\/photocopie-ajaccio.com\/photocopie\/wp-json\/wp\/v2\/media?parent=16"}],"curies":[{"name":"wp","href":"https:\/\/api.w.org\/{rel}","templated":true}]}}