{"id":20,"date":"2013-10-31T10:19:29","date_gmt":"2013-10-31T09:19:29","guid":{"rendered":"http:\/\/photocopie-ajaccio.com\/photocopie\/?page_id=20"},"modified":"2018-02-28T15:44:40","modified_gmt":"2018-02-28T14:44:40","slug":"plaque-professionnelle","status":"publish","type":"page","link":"http:\/\/photocopie-ajaccio.com\/photocopie\/gravure\/plaque-professionnelle\/","title":{"rendered":"Plaque professionnelle"},"content":{"rendered":"<h1 style=\"text-align: center;\"><img loading=\"lazy\" decoding=\"async\" class=\"aligncenter wp-image-1191\" src=\"http:\/\/photocopie-ajaccio.com\/photocopie\/wp-content\/uploads\/2013\/10\/Visuel-plaque-7-1024x521.jpg\" alt=\"Plaque grav\u00e9e ajaccio\" width=\"690\" height=\"351\"><\/h1>\n<h2><span style=\"font-size: large;\"><strong>Une plaque professionnelle<\/strong> est indispensable pour certains m\u00e9tiers, notamment les avocats, les dentistes, les infirmi\u00e8res ou encore les psychologues. <\/span><\/h2>\n<p><span style=\"font-size: 14pt;\">Outil incontournable pour avoir une bonne visibilit\u00e9 de la rue, cette plaque doit \u00eatre choisie avec prudence car le premier regard du client sur celle-ci est capital : si la plaque est de mauvaise qualit\u00e9, vous pouvez \u00eatre s\u00fbr que le client doutera avant d&rsquo;entrer.<\/span><\/p>\n<p><span style=\"font-size: 14pt;\"><a href=\"http:\/\/photocopie-ajaccio.com\/\">Copy flash system<\/a> est fabricant, d\u00e9lais de fabrication rapide.<\/span><\/p>\n<p style=\"text-align: center;\"><a href=\"http:\/\/photocopie-ajaccio.com\/photocopie\/wp-content\/uploads\/Plaque-metalex-dor\u00e9.jpg\"><img loading=\"lazy\" decoding=\"async\" class=\"aligncenter size-full wp-image-192\" src=\"http:\/\/photocopie-ajaccio.com\/photocopie\/wp-content\/uploads\/Plaque-metalex-dor\u00e9.jpg\" alt=\"Plaque metalex dor\u00e9\" width=\"223\" height=\"130\"><br \/>\n<\/a><span style=\"font-size: x-small;\">Plaque metalex dor\u00e9e<\/span><br \/>\n<a href=\"http:\/\/photocopie-ajaccio.com\/photocopie\/wp-content\/uploads\/Plaque-plexi.jpg\"><img loading=\"lazy\" decoding=\"async\" class=\"aligncenter size-medium wp-image-193\" src=\"http:\/\/photocopie-ajaccio.com\/photocopie\/wp-content\/uploads\/Plaque-plexi.jpg\" alt=\"Plaque plexi\" width=\"265\" height=\"190\"><\/a><\/p>\n<p style=\"text-align: center;\"><span style=\"font-size: x-small;\">Plaque plexi<\/span><\/p>\n<p style=\"text-align: center;\"><strong><a title=\"Demande de devis\" href=\"copyflashajaccio@yahoo.fr\" target=\"_blank\" rel=\"noopener\">Demande de devis&nbsp;<\/a><\/strong><\/p>\n","protected":false},"excerpt":{"rendered":"<p>Une plaque professionnelle est indispensable pour certains m\u00e9tiers, notamment les avocats, les dentistes, les infirmi\u00e8res ou encore les psychologues. Outil incontournable pour avoir une bonne visibilit\u00e9 de la rue, cette plaque doit \u00eatre choisie avec prudence car le premier regard du client sur celle-ci est capital : si la plaque est de mauvaise qualit\u00e9, vous &hellip;<\/p>\n","protected":false},"author":1,"featured_media":0,"parent":18,"menu_order":0,"comment_status":"open","ping_status":"open","template":"","meta":{"footnotes":""},"class_list":["post-20","page","type-page","status-publish","hentry"],"yoast_head":"<!-- This site is optimized with the Yoast SEO plugin v18.8 - https:\/\/yoast.com\/wordpress\/plugins\/seo\/ -->\n<title>Plaque professionnelle - Copy Flash System<\/title>\n<meta name=\"description\" content=\"Plaque professionnelle : Une plaque professionnelle est indispensable pour certains m\u00e9tiers, avocats, dentistes, infirmi\u00e8res ou encore les psychologues.\" \/>\n<meta name=\"robots\" content=\"index, follow, max-snippet:-1, max-image-preview:large, max-video-preview:-1\" \/>\n<link rel=\"canonical\" href=\"https:\/\/photocopie-ajaccio.com\/photocopie\/gravure\/plaque-professionnelle\/\" \/>\n<meta property=\"og:locale\" content=\"fr_FR\" \/>\n<meta property=\"og:type\" content=\"article\" \/>\n<meta property=\"og:title\" content=\"Plaque professionnelle - Copy Flash System\" \/>\n<meta property=\"og:description\" content=\"Plaque professionnelle : Une plaque professionnelle est indispensable pour certains m\u00e9tiers, avocats, dentistes, infirmi\u00e8res ou encore les psychologues.\" \/>\n<meta property=\"og:url\" content=\"https:\/\/photocopie-ajaccio.com\/photocopie\/gravure\/plaque-professionnelle\/\" \/>\n<meta property=\"og:site_name\" content=\"Copy Flash System\" \/>\n<meta property=\"article:publisher\" content=\"https:\/\/www.facebook.com\/cfs.mezzavia\" \/>\n<meta property=\"article:modified_time\" content=\"2018-02-28T14:44:40+00:00\" \/>\n<meta property=\"og:image\" content=\"http:\/\/photocopie-ajaccio.com\/photocopie\/wp-content\/uploads\/2013\/10\/Visuel-plaque-7-1024x521.jpg\" \/>\n<script type=\"application\/ld+json\" class=\"yoast-schema-graph\">{\"@context\":\"https:\/\/schema.org\",\"@graph\":[{\"@type\":\"WebSite\",\"@id\":\"https:\/\/photocopie-ajaccio.com\/photocopie\/#website\",\"url\":\"https:\/\/photocopie-ajaccio.com\/photocopie\/\",\"name\":\"Copy Flash System\",\"description\":\"Photocopies &amp; Impressions sur ajaccio\",\"potentialAction\":[{\"@type\":\"SearchAction\",\"target\":{\"@type\":\"EntryPoint\",\"urlTemplate\":\"https:\/\/photocopie-ajaccio.com\/photocopie\/?s={search_term_string}\"},\"query-input\":\"required name=search_term_string\"}],\"inLanguage\":\"fr-FR\"},{\"@type\":\"ImageObject\",\"inLanguage\":\"fr-FR\",\"@id\":\"https:\/\/photocopie-ajaccio.com\/photocopie\/gravure\/plaque-professionnelle\/#primaryimage\",\"url\":\"http:\/\/photocopie-ajaccio.com\/photocopie\/wp-content\/uploads\/2013\/10\/Visuel-plaque-7.jpg\",\"contentUrl\":\"http:\/\/photocopie-ajaccio.com\/photocopie\/wp-content\/uploads\/2013\/10\/Visuel-plaque-7.jpg\",\"width\":4161,\"height\":2119},{\"@type\":\"WebPage\",\"@id\":\"https:\/\/photocopie-ajaccio.com\/photocopie\/gravure\/plaque-professionnelle\/#webpage\",\"url\":\"https:\/\/photocopie-ajaccio.com\/photocopie\/gravure\/plaque-professionnelle\/\",\"name\":\"Plaque professionnelle - Copy Flash System\",\"isPartOf\":{\"@id\":\"https:\/\/photocopie-ajaccio.com\/photocopie\/#website\"},\"primaryImageOfPage\":{\"@id\":\"https:\/\/photocopie-ajaccio.com\/photocopie\/gravure\/plaque-professionnelle\/#primaryimage\"},\"datePublished\":\"2013-10-31T09:19:29+00:00\",\"dateModified\":\"2018-02-28T14:44:40+00:00\",\"description\":\"Plaque professionnelle : Une plaque professionnelle est indispensable pour certains m\u00e9tiers, avocats, dentistes, infirmi\u00e8res ou encore les psychologues.\",\"breadcrumb\":{\"@id\":\"https:\/\/photocopie-ajaccio.com\/photocopie\/gravure\/plaque-professionnelle\/#breadcrumb\"},\"inLanguage\":\"fr-FR\",\"potentialAction\":[{\"@type\":\"ReadAction\",\"target\":[\"https:\/\/photocopie-ajaccio.com\/photocopie\/gravure\/plaque-professionnelle\/\"]}]},{\"@type\":\"BreadcrumbList\",\"@id\":\"https:\/\/photocopie-ajaccio.com\/photocopie\/gravure\/plaque-professionnelle\/#breadcrumb\",\"itemListElement\":[{\"@type\":\"ListItem\",\"position\":1,\"name\":\"Accueil\",\"item\":\"https:\/\/photocopie-ajaccio.com\/photocopie\/\"},{\"@type\":\"ListItem\",\"position\":2,\"name\":\"Gravure\",\"item\":\"https:\/\/photocopie-ajaccio.com\/photocopie\/gravure\/\"},{\"@type\":\"ListItem\",\"position\":3,\"name\":\"Plaque professionnelle\"}]}]}<\/script>\n<!-- \/ Yoast SEO plugin. -->","yoast_head_json":{"title":"Plaque professionnelle - Copy Flash System","description":"Plaque professionnelle : Une plaque professionnelle est indispensable pour certains m\u00e9tiers, avocats, dentistes, infirmi\u00e8res ou encore les psychologues.","robots":{"index":"index","follow":"follow","max-snippet":"max-snippet:-1","max-image-preview":"max-image-preview:large","max-video-preview":"max-video-preview:-1"},"canonical":"https:\/\/photocopie-ajaccio.com\/photocopie\/gravure\/plaque-professionnelle\/","og_locale":"fr_FR","og_type":"article","og_title":"Plaque professionnelle - Copy Flash System","og_description":"Plaque professionnelle : Une plaque professionnelle est indispensable pour certains m\u00e9tiers, avocats, dentistes, infirmi\u00e8res ou encore les psychologues.","og_url":"https:\/\/photocopie-ajaccio.com\/photocopie\/gravure\/plaque-professionnelle\/","og_site_name":"Copy Flash System","article_publisher":"https:\/\/www.facebook.com\/cfs.mezzavia","article_modified_time":"2018-02-28T14:44:40+00:00","og_image":[{"url":"http:\/\/photocopie-ajaccio.com\/photocopie\/wp-content\/uploads\/2013\/10\/Visuel-plaque-7-1024x521.jpg"}],"schema":{"@context":"https:\/\/schema.org","@graph":[{"@type":"WebSite","@id":"https:\/\/photocopie-ajaccio.com\/photocopie\/#website","url":"https:\/\/photocopie-ajaccio.com\/photocopie\/","name":"Copy Flash System","description":"Photocopies &amp; Impressions sur ajaccio","potentialAction":[{"@type":"SearchAction","target":{"@type":"EntryPoint","urlTemplate":"https:\/\/photocopie-ajaccio.com\/photocopie\/?s={search_term_string}"},"query-input":"required name=search_term_string"}],"inLanguage":"fr-FR"},{"@type":"ImageObject","inLanguage":"fr-FR","@id":"https:\/\/photocopie-ajaccio.com\/photocopie\/gravure\/plaque-professionnelle\/#primaryimage","url":"http:\/\/photocopie-ajaccio.com\/photocopie\/wp-content\/uploads\/2013\/10\/Visuel-plaque-7.jpg","contentUrl":"http:\/\/photocopie-ajaccio.com\/photocopie\/wp-content\/uploads\/2013\/10\/Visuel-plaque-7.jpg","width":4161,"height":2119},{"@type":"WebPage","@id":"https:\/\/photocopie-ajaccio.com\/photocopie\/gravure\/plaque-professionnelle\/#webpage","url":"https:\/\/photocopie-ajaccio.com\/photocopie\/gravure\/plaque-professionnelle\/","name":"Plaque professionnelle - Copy Flash System","isPartOf":{"@id":"https:\/\/photocopie-ajaccio.com\/photocopie\/#website"},"primaryImageOfPage":{"@id":"https:\/\/photocopie-ajaccio.com\/photocopie\/gravure\/plaque-professionnelle\/#primaryimage"},"datePublished":"2013-10-31T09:19:29+00:00","dateModified":"2018-02-28T14:44:40+00:00","description":"Plaque professionnelle : Une plaque professionnelle est indispensable pour certains m\u00e9tiers, avocats, dentistes, infirmi\u00e8res ou encore les psychologues.","breadcrumb":{"@id":"https:\/\/photocopie-ajaccio.com\/photocopie\/gravure\/plaque-professionnelle\/#breadcrumb"},"inLanguage":"fr-FR","potentialAction":[{"@type":"ReadAction","target":["https:\/\/photocopie-ajaccio.com\/photocopie\/gravure\/plaque-professionnelle\/"]}]},{"@type":"BreadcrumbList","@id":"https:\/\/photocopie-ajaccio.com\/photocopie\/gravure\/plaque-professionnelle\/#breadcrumb","itemListElement":[{"@type":"ListItem","position":1,"name":"Accueil","item":"https:\/\/photocopie-ajaccio.com\/photocopie\/"},{"@type":"ListItem","position":2,"name":"Gravure","item":"https:\/\/photocopie-ajaccio.com\/photocopie\/gravure\/"},{"@type":"ListItem","position":3,"name":"Plaque professionnelle"}]}]}},"_links":{"self":[{"href":"http:\/\/photocopie-ajaccio.com\/photocopie\/wp-json\/wp\/v2\/pages\/20","targetHints":{"allow":["GET"]}}],"collection":[{"href":"http:\/\/photocopie-ajaccio.com\/photocopie\/wp-json\/wp\/v2\/pages"}],"about":[{"href":"http:\/\/photocopie-ajaccio.com\/photocopie\/wp-json\/wp\/v2\/types\/page"}],"author":[{"embeddable":true,"href":"http:\/\/photocopie-ajaccio.com\/photocopie\/wp-json\/wp\/v2\/users\/1"}],"replies":[{"embeddable":true,"href":"http:\/\/photocopie-ajaccio.com\/photocopie\/wp-json\/wp\/v2\/comments?post=20"}],"version-history":[{"count":0,"href":"http:\/\/photocopie-ajaccio.com\/photocopie\/wp-json\/wp\/v2\/pages\/20\/revisions"}],"up":[{"embeddable":true,"href":"http:\/\/photocopie-ajaccio.com\/photocopie\/wp-json\/wp\/v2\/pages\/18"}],"wp:attachment":[{"href":"http:\/\/photocopie-ajaccio.com\/photocopie\/wp-json\/wp\/v2\/media?parent=20"}],"curies":[{"name":"wp","href":"https:\/\/api.w.org\/{rel}","templated":true}]}}