{"id":24,"date":"2013-10-31T10:20:14","date_gmt":"2013-10-31T09:20:14","guid":{"rendered":"http:\/\/photocopie-ajaccio.com\/photocopie\/?page_id=24"},"modified":"2020-01-24T11:41:23","modified_gmt":"2020-01-24T10:41:23","slug":"medailles-et-plaques-pour-animaux","status":"publish","type":"page","link":"http:\/\/photocopie-ajaccio.com\/photocopie\/gravure\/medailles-et-plaques-pour-animaux\/","title":{"rendered":"M\u00e9dailles et plaques pour animaux"},"content":{"rendered":"<h2><img loading=\"lazy\" decoding=\"async\" class=\"aligncenter size-full wp-image-1594\" src=\"http:\/\/photocopie-ajaccio.com\/photocopie\/wp-content\/uploads\/2020\/01\/Medaille.png\" alt=\"\" width=\"1368\" height=\"966\"><\/h2>\n<h1 style=\"text-align: center;\"><span style=\"font-size: 36pt;\">M\u00e9dailles et plaques pour animaux<\/span><\/h1>\n<h2><strong><span style=\"font-size: large;\"><br \/>\nCopy Flash System vous propose un large choix de m\u00e9dailles et plaques grav\u00e9es pour chien et chat<\/span><\/strong><span style=\"font-size: large;\">.<br \/>\n<\/span><\/h2>\n<p>&nbsp;<\/p>\n<p><span style=\"font-size: 14pt;\">Plusieurs couleurs, de formes adapt\u00e9es pour chat, petit, moyen et gros chien, de m\u00e9dailles et plaques grav\u00e9es.<\/span><\/p>\n<p><span style=\"font-size: 14pt;\"><br \/>\nVous voulez une m\u00e9daille ou une plaque grav\u00e9e pour votre chien ou votre chat, vous \u00eates au bon endroit.<\/span><\/p>\n<p style=\"text-align: center;\">&nbsp;<\/p>\n<p style=\"text-align: center;\"><span style=\"font-size: large;\">&nbsp;<\/span><\/p>\n<p style=\"text-align: center;\"><a href=\"http:\/\/photocopie-ajaccio.com\/photocopie\/wp-content\/uploads\/collierivete.jpg\">&nbsp;<\/a><\/p>\n<p style=\"text-align: center;\"><a href=\"http:\/\/photocopie-ajaccio.com\/photocopie\/wp-content\/uploads\/medaille-bleu-os-chien.jpg\">&nbsp;<\/a><\/p>\n","protected":false},"excerpt":{"rendered":"<p>M\u00e9dailles et plaques pour animaux Copy Flash System vous propose un large choix de m\u00e9dailles et plaques grav\u00e9es pour chien et chat. &nbsp; Plusieurs couleurs, de formes adapt\u00e9es pour chat, petit, moyen et gros chien, de m\u00e9dailles et plaques grav\u00e9es. Vous voulez une m\u00e9daille ou une plaque grav\u00e9e pour votre chien ou votre chat, vous &hellip;<\/p>\n","protected":false},"author":1,"featured_media":0,"parent":18,"menu_order":0,"comment_status":"closed","ping_status":"closed","template":"","meta":{"footnotes":""},"class_list":["post-24","page","type-page","status-publish","hentry"],"yoast_head":"<!-- This site is optimized with the Yoast SEO plugin v18.8 - https:\/\/yoast.com\/wordpress\/plugins\/seo\/ -->\n<title>M\u00e9dailles et plaques pour animaux<\/title>\n<meta name=\"description\" content=\"M\u00e9dailles et plaques pour animaux : Copy Flash System vous propose un large choix de m\u00e9dailles et plaques grav\u00e9es pour chien et chat.\" \/>\n<meta name=\"robots\" content=\"index, follow, max-snippet:-1, max-image-preview:large, max-video-preview:-1\" \/>\n<link rel=\"canonical\" href=\"http:\/\/photocopie-ajaccio.com\/photocopie\/gravure\/medailles-et-plaques-pour-animaux\/\" \/>\n<meta property=\"og:locale\" content=\"fr_FR\" \/>\n<meta property=\"og:type\" content=\"article\" \/>\n<meta property=\"og:title\" content=\"M\u00e9dailles et plaques pour animaux\" \/>\n<meta property=\"og:description\" content=\"M\u00e9dailles et plaques pour animaux : Copy Flash System vous propose un large choix de m\u00e9dailles et plaques grav\u00e9es pour chien et chat.\" \/>\n<meta property=\"og:url\" content=\"http:\/\/photocopie-ajaccio.com\/photocopie\/gravure\/medailles-et-plaques-pour-animaux\/\" \/>\n<meta property=\"og:site_name\" content=\"Copy Flash System\" \/>\n<meta property=\"article:publisher\" content=\"https:\/\/www.facebook.com\/cfs.mezzavia\" \/>\n<meta property=\"article:modified_time\" content=\"2020-01-24T10:41:23+00:00\" \/>\n<meta property=\"og:image\" content=\"http:\/\/photocopie-ajaccio.com\/photocopie\/wp-content\/uploads\/2020\/01\/Medaille.png\" \/>\n<script type=\"application\/ld+json\" class=\"yoast-schema-graph\">{\"@context\":\"https:\/\/schema.org\",\"@graph\":[{\"@type\":\"WebSite\",\"@id\":\"https:\/\/photocopie-ajaccio.com\/photocopie\/#website\",\"url\":\"https:\/\/photocopie-ajaccio.com\/photocopie\/\",\"name\":\"Copy Flash System\",\"description\":\"Photocopies &amp; Impressions sur ajaccio\",\"potentialAction\":[{\"@type\":\"SearchAction\",\"target\":{\"@type\":\"EntryPoint\",\"urlTemplate\":\"https:\/\/photocopie-ajaccio.com\/photocopie\/?s={search_term_string}\"},\"query-input\":\"required name=search_term_string\"}],\"inLanguage\":\"fr-FR\"},{\"@type\":\"ImageObject\",\"inLanguage\":\"fr-FR\",\"@id\":\"http:\/\/photocopie-ajaccio.com\/photocopie\/gravure\/medailles-et-plaques-pour-animaux\/#primaryimage\",\"url\":\"http:\/\/photocopie-ajaccio.com\/photocopie\/wp-content\/uploads\/2020\/01\/Medaille.png\",\"contentUrl\":\"http:\/\/photocopie-ajaccio.com\/photocopie\/wp-content\/uploads\/2020\/01\/Medaille.png\",\"width\":1368,\"height\":966},{\"@type\":\"WebPage\",\"@id\":\"http:\/\/photocopie-ajaccio.com\/photocopie\/gravure\/medailles-et-plaques-pour-animaux\/#webpage\",\"url\":\"http:\/\/photocopie-ajaccio.com\/photocopie\/gravure\/medailles-et-plaques-pour-animaux\/\",\"name\":\"M\u00e9dailles et plaques pour animaux\",\"isPartOf\":{\"@id\":\"https:\/\/photocopie-ajaccio.com\/photocopie\/#website\"},\"primaryImageOfPage\":{\"@id\":\"http:\/\/photocopie-ajaccio.com\/photocopie\/gravure\/medailles-et-plaques-pour-animaux\/#primaryimage\"},\"datePublished\":\"2013-10-31T09:20:14+00:00\",\"dateModified\":\"2020-01-24T10:41:23+00:00\",\"description\":\"M\u00e9dailles et plaques pour animaux : Copy Flash System vous propose un large choix de m\u00e9dailles et plaques grav\u00e9es pour chien et chat.\",\"breadcrumb\":{\"@id\":\"http:\/\/photocopie-ajaccio.com\/photocopie\/gravure\/medailles-et-plaques-pour-animaux\/#breadcrumb\"},\"inLanguage\":\"fr-FR\",\"potentialAction\":[{\"@type\":\"ReadAction\",\"target\":[\"http:\/\/photocopie-ajaccio.com\/photocopie\/gravure\/medailles-et-plaques-pour-animaux\/\"]}]},{\"@type\":\"BreadcrumbList\",\"@id\":\"http:\/\/photocopie-ajaccio.com\/photocopie\/gravure\/medailles-et-plaques-pour-animaux\/#breadcrumb\",\"itemListElement\":[{\"@type\":\"ListItem\",\"position\":1,\"name\":\"Accueil\",\"item\":\"https:\/\/photocopie-ajaccio.com\/photocopie\/\"},{\"@type\":\"ListItem\",\"position\":2,\"name\":\"Gravure\",\"item\":\"https:\/\/photocopie-ajaccio.com\/photocopie\/gravure\/\"},{\"@type\":\"ListItem\",\"position\":3,\"name\":\"M\u00e9dailles et plaques pour animaux\"}]}]}<\/script>\n<!-- \/ Yoast SEO plugin. -->","yoast_head_json":{"title":"M\u00e9dailles et plaques pour animaux","description":"M\u00e9dailles et plaques pour animaux : Copy Flash System vous propose un large choix de m\u00e9dailles et plaques grav\u00e9es pour chien et chat.","robots":{"index":"index","follow":"follow","max-snippet":"max-snippet:-1","max-image-preview":"max-image-preview:large","max-video-preview":"max-video-preview:-1"},"canonical":"http:\/\/photocopie-ajaccio.com\/photocopie\/gravure\/medailles-et-plaques-pour-animaux\/","og_locale":"fr_FR","og_type":"article","og_title":"M\u00e9dailles et plaques pour animaux","og_description":"M\u00e9dailles et plaques pour animaux : Copy Flash System vous propose un large choix de m\u00e9dailles et plaques grav\u00e9es pour chien et chat.","og_url":"http:\/\/photocopie-ajaccio.com\/photocopie\/gravure\/medailles-et-plaques-pour-animaux\/","og_site_name":"Copy Flash System","article_publisher":"https:\/\/www.facebook.com\/cfs.mezzavia","article_modified_time":"2020-01-24T10:41:23+00:00","og_image":[{"url":"http:\/\/photocopie-ajaccio.com\/photocopie\/wp-content\/uploads\/2020\/01\/Medaille.png"}],"schema":{"@context":"https:\/\/schema.org","@graph":[{"@type":"WebSite","@id":"https:\/\/photocopie-ajaccio.com\/photocopie\/#website","url":"https:\/\/photocopie-ajaccio.com\/photocopie\/","name":"Copy Flash System","description":"Photocopies &amp; Impressions sur ajaccio","potentialAction":[{"@type":"SearchAction","target":{"@type":"EntryPoint","urlTemplate":"https:\/\/photocopie-ajaccio.com\/photocopie\/?s={search_term_string}"},"query-input":"required name=search_term_string"}],"inLanguage":"fr-FR"},{"@type":"ImageObject","inLanguage":"fr-FR","@id":"http:\/\/photocopie-ajaccio.com\/photocopie\/gravure\/medailles-et-plaques-pour-animaux\/#primaryimage","url":"http:\/\/photocopie-ajaccio.com\/photocopie\/wp-content\/uploads\/2020\/01\/Medaille.png","contentUrl":"http:\/\/photocopie-ajaccio.com\/photocopie\/wp-content\/uploads\/2020\/01\/Medaille.png","width":1368,"height":966},{"@type":"WebPage","@id":"http:\/\/photocopie-ajaccio.com\/photocopie\/gravure\/medailles-et-plaques-pour-animaux\/#webpage","url":"http:\/\/photocopie-ajaccio.com\/photocopie\/gravure\/medailles-et-plaques-pour-animaux\/","name":"M\u00e9dailles et plaques pour animaux","isPartOf":{"@id":"https:\/\/photocopie-ajaccio.com\/photocopie\/#website"},"primaryImageOfPage":{"@id":"http:\/\/photocopie-ajaccio.com\/photocopie\/gravure\/medailles-et-plaques-pour-animaux\/#primaryimage"},"datePublished":"2013-10-31T09:20:14+00:00","dateModified":"2020-01-24T10:41:23+00:00","description":"M\u00e9dailles et plaques pour animaux : Copy Flash System vous propose un large choix de m\u00e9dailles et plaques grav\u00e9es pour chien et chat.","breadcrumb":{"@id":"http:\/\/photocopie-ajaccio.com\/photocopie\/gravure\/medailles-et-plaques-pour-animaux\/#breadcrumb"},"inLanguage":"fr-FR","potentialAction":[{"@type":"ReadAction","target":["http:\/\/photocopie-ajaccio.com\/photocopie\/gravure\/medailles-et-plaques-pour-animaux\/"]}]},{"@type":"BreadcrumbList","@id":"http:\/\/photocopie-ajaccio.com\/photocopie\/gravure\/medailles-et-plaques-pour-animaux\/#breadcrumb","itemListElement":[{"@type":"ListItem","position":1,"name":"Accueil","item":"https:\/\/photocopie-ajaccio.com\/photocopie\/"},{"@type":"ListItem","position":2,"name":"Gravure","item":"https:\/\/photocopie-ajaccio.com\/photocopie\/gravure\/"},{"@type":"ListItem","position":3,"name":"M\u00e9dailles et plaques pour animaux"}]}]}},"_links":{"self":[{"href":"http:\/\/photocopie-ajaccio.com\/photocopie\/wp-json\/wp\/v2\/pages\/24","targetHints":{"allow":["GET"]}}],"collection":[{"href":"http:\/\/photocopie-ajaccio.com\/photocopie\/wp-json\/wp\/v2\/pages"}],"about":[{"href":"http:\/\/photocopie-ajaccio.com\/photocopie\/wp-json\/wp\/v2\/types\/page"}],"author":[{"embeddable":true,"href":"http:\/\/photocopie-ajaccio.com\/photocopie\/wp-json\/wp\/v2\/users\/1"}],"replies":[{"embeddable":true,"href":"http:\/\/photocopie-ajaccio.com\/photocopie\/wp-json\/wp\/v2\/comments?post=24"}],"version-history":[{"count":2,"href":"http:\/\/photocopie-ajaccio.com\/photocopie\/wp-json\/wp\/v2\/pages\/24\/revisions"}],"predecessor-version":[{"id":1596,"href":"http:\/\/photocopie-ajaccio.com\/photocopie\/wp-json\/wp\/v2\/pages\/24\/revisions\/1596"}],"up":[{"embeddable":true,"href":"http:\/\/photocopie-ajaccio.com\/photocopie\/wp-json\/wp\/v2\/pages\/18"}],"wp:attachment":[{"href":"http:\/\/photocopie-ajaccio.com\/photocopie\/wp-json\/wp\/v2\/media?parent=24"}],"curies":[{"name":"wp","href":"https:\/\/api.w.org\/{rel}","templated":true}]}}