{"id":26,"date":"2013-10-31T10:20:33","date_gmt":"2013-10-31T09:20:33","guid":{"rendered":"http:\/\/photocopie-ajaccio.com\/photocopie\/?page_id=26"},"modified":"2023-04-28T10:32:08","modified_gmt":"2023-04-28T09:32:08","slug":"coupes-et-trophees","status":"publish","type":"page","link":"http:\/\/photocopie-ajaccio.com\/photocopie\/gravure\/coupes-et-trophees\/","title":{"rendered":"Coupes et troph\u00e9es"},"content":{"rendered":"<p>&nbsp;<\/p>\n<h2 style=\"text-align: left;\">Coupes et troph\u00e9es:\u00a0<strong>Copy Flash system<\/strong> est sp\u00e9cialis\u00e9e dans la vente de r\u00e9compenses sportives ou associatives ,de coupes , de m\u00e9dailles et de troph\u00e9es personnalis\u00e9s.<\/h2>\n<p style=\"text-align: left;\">Sp\u00e9cialis\u00e9 en gravure , notre atelier professionnel situ\u00e9 \u00e0 AJACCIO personnalise vos m\u00e9dailles, plaques, troph\u00e9es, coupes et m\u00e9dailles pour votre association sportive ou \u00e9v\u00e9nement promotionnel.<\/p>\n<p><img loading=\"lazy\" decoding=\"async\" class=\"aligncenter size-full wp-image-242\" src=\"http:\/\/photocopie-ajaccio.com\/photocopie\/wp-content\/uploads\/visuel.jpg\" alt=\"\" width=\"928\" height=\"519\" \/><\/p>\n","protected":false},"excerpt":{"rendered":"<p>&nbsp; Coupes et troph\u00e9es:\u00a0Copy Flash system est sp\u00e9cialis\u00e9e dans la vente de r\u00e9compenses sportives ou associatives ,de coupes , de m\u00e9dailles et de troph\u00e9es personnalis\u00e9s. Sp\u00e9cialis\u00e9 en gravure , notre atelier professionnel situ\u00e9 \u00e0 AJACCIO personnalise vos m\u00e9dailles, plaques, troph\u00e9es, coupes et m\u00e9dailles pour votre association sportive ou \u00e9v\u00e9nement promotionnel.<\/p>\n","protected":false},"author":1,"featured_media":0,"parent":18,"menu_order":0,"comment_status":"closed","ping_status":"closed","template":"","meta":{"footnotes":""},"class_list":["post-26","page","type-page","status-publish","hentry"],"yoast_head":"<!-- This site is optimized with the Yoast SEO plugin v18.8 - https:\/\/yoast.com\/wordpress\/plugins\/seo\/ -->\n<title>Coupes et troph\u00e9es - Copy Flash System<\/title>\n<meta name=\"description\" content=\"Coupes et troph\u00e9es : Copy Flash system est sp\u00e9cialis\u00e9e dans la vente de r\u00e9compenses sportives ,de coupes , de m\u00e9dailles et de troph\u00e9es personnalis\u00e9s.\" \/>\n<meta name=\"robots\" content=\"index, follow, max-snippet:-1, max-image-preview:large, max-video-preview:-1\" \/>\n<link rel=\"canonical\" href=\"https:\/\/photocopie-ajaccio.com\/photocopie\/gravure\/coupes-et-trophees\/\" \/>\n<meta property=\"og:locale\" content=\"fr_FR\" \/>\n<meta property=\"og:type\" content=\"article\" \/>\n<meta property=\"og:title\" content=\"Coupes et troph\u00e9es - Copy Flash System\" \/>\n<meta property=\"og:description\" content=\"Coupes et troph\u00e9es : Copy Flash system est sp\u00e9cialis\u00e9e dans la vente de r\u00e9compenses sportives ,de coupes , de m\u00e9dailles et de troph\u00e9es personnalis\u00e9s.\" \/>\n<meta property=\"og:url\" content=\"https:\/\/photocopie-ajaccio.com\/photocopie\/gravure\/coupes-et-trophees\/\" \/>\n<meta property=\"og:site_name\" content=\"Copy Flash System\" \/>\n<meta property=\"article:publisher\" content=\"https:\/\/www.facebook.com\/cfs.mezzavia\" \/>\n<meta property=\"article:modified_time\" content=\"2023-04-28T09:32:08+00:00\" \/>\n<meta property=\"og:image\" content=\"http:\/\/photocopie-ajaccio.com\/photocopie\/wp-content\/uploads\/visuel.jpg\" \/>\n<script type=\"application\/ld+json\" class=\"yoast-schema-graph\">{\"@context\":\"https:\/\/schema.org\",\"@graph\":[{\"@type\":\"WebSite\",\"@id\":\"https:\/\/photocopie-ajaccio.com\/photocopie\/#website\",\"url\":\"https:\/\/photocopie-ajaccio.com\/photocopie\/\",\"name\":\"Copy Flash System\",\"description\":\"Photocopies &amp; Impressions sur ajaccio\",\"potentialAction\":[{\"@type\":\"SearchAction\",\"target\":{\"@type\":\"EntryPoint\",\"urlTemplate\":\"https:\/\/photocopie-ajaccio.com\/photocopie\/?s={search_term_string}\"},\"query-input\":\"required name=search_term_string\"}],\"inLanguage\":\"fr-FR\"},{\"@type\":\"ImageObject\",\"inLanguage\":\"fr-FR\",\"@id\":\"https:\/\/photocopie-ajaccio.com\/photocopie\/gravure\/coupes-et-trophees\/#primaryimage\",\"url\":\"http:\/\/photocopie-ajaccio.com\/photocopie\/wp-content\/uploads\/visuel.jpg\",\"contentUrl\":\"http:\/\/photocopie-ajaccio.com\/photocopie\/wp-content\/uploads\/visuel.jpg\",\"width\":928,\"height\":519},{\"@type\":\"WebPage\",\"@id\":\"https:\/\/photocopie-ajaccio.com\/photocopie\/gravure\/coupes-et-trophees\/#webpage\",\"url\":\"https:\/\/photocopie-ajaccio.com\/photocopie\/gravure\/coupes-et-trophees\/\",\"name\":\"Coupes et troph\u00e9es - Copy Flash System\",\"isPartOf\":{\"@id\":\"https:\/\/photocopie-ajaccio.com\/photocopie\/#website\"},\"primaryImageOfPage\":{\"@id\":\"https:\/\/photocopie-ajaccio.com\/photocopie\/gravure\/coupes-et-trophees\/#primaryimage\"},\"datePublished\":\"2013-10-31T09:20:33+00:00\",\"dateModified\":\"2023-04-28T09:32:08+00:00\",\"description\":\"Coupes et troph\u00e9es : Copy Flash system est sp\u00e9cialis\u00e9e dans la vente de r\u00e9compenses sportives ,de coupes , de m\u00e9dailles et de troph\u00e9es personnalis\u00e9s.\",\"breadcrumb\":{\"@id\":\"https:\/\/photocopie-ajaccio.com\/photocopie\/gravure\/coupes-et-trophees\/#breadcrumb\"},\"inLanguage\":\"fr-FR\",\"potentialAction\":[{\"@type\":\"ReadAction\",\"target\":[\"https:\/\/photocopie-ajaccio.com\/photocopie\/gravure\/coupes-et-trophees\/\"]}]},{\"@type\":\"BreadcrumbList\",\"@id\":\"https:\/\/photocopie-ajaccio.com\/photocopie\/gravure\/coupes-et-trophees\/#breadcrumb\",\"itemListElement\":[{\"@type\":\"ListItem\",\"position\":1,\"name\":\"Accueil\",\"item\":\"https:\/\/photocopie-ajaccio.com\/photocopie\/\"},{\"@type\":\"ListItem\",\"position\":2,\"name\":\"Gravure\",\"item\":\"https:\/\/photocopie-ajaccio.com\/photocopie\/gravure\/\"},{\"@type\":\"ListItem\",\"position\":3,\"name\":\"Coupes et troph\u00e9es\"}]}]}<\/script>\n<!-- \/ Yoast SEO plugin. -->","yoast_head_json":{"title":"Coupes et troph\u00e9es - Copy Flash System","description":"Coupes et troph\u00e9es : Copy Flash system est sp\u00e9cialis\u00e9e dans la vente de r\u00e9compenses sportives ,de coupes , de m\u00e9dailles et de troph\u00e9es personnalis\u00e9s.","robots":{"index":"index","follow":"follow","max-snippet":"max-snippet:-1","max-image-preview":"max-image-preview:large","max-video-preview":"max-video-preview:-1"},"canonical":"https:\/\/photocopie-ajaccio.com\/photocopie\/gravure\/coupes-et-trophees\/","og_locale":"fr_FR","og_type":"article","og_title":"Coupes et troph\u00e9es - Copy Flash System","og_description":"Coupes et troph\u00e9es : Copy Flash system est sp\u00e9cialis\u00e9e dans la vente de r\u00e9compenses sportives ,de coupes , de m\u00e9dailles et de troph\u00e9es personnalis\u00e9s.","og_url":"https:\/\/photocopie-ajaccio.com\/photocopie\/gravure\/coupes-et-trophees\/","og_site_name":"Copy Flash System","article_publisher":"https:\/\/www.facebook.com\/cfs.mezzavia","article_modified_time":"2023-04-28T09:32:08+00:00","og_image":[{"url":"http:\/\/photocopie-ajaccio.com\/photocopie\/wp-content\/uploads\/visuel.jpg"}],"schema":{"@context":"https:\/\/schema.org","@graph":[{"@type":"WebSite","@id":"https:\/\/photocopie-ajaccio.com\/photocopie\/#website","url":"https:\/\/photocopie-ajaccio.com\/photocopie\/","name":"Copy Flash System","description":"Photocopies &amp; Impressions sur ajaccio","potentialAction":[{"@type":"SearchAction","target":{"@type":"EntryPoint","urlTemplate":"https:\/\/photocopie-ajaccio.com\/photocopie\/?s={search_term_string}"},"query-input":"required name=search_term_string"}],"inLanguage":"fr-FR"},{"@type":"ImageObject","inLanguage":"fr-FR","@id":"https:\/\/photocopie-ajaccio.com\/photocopie\/gravure\/coupes-et-trophees\/#primaryimage","url":"http:\/\/photocopie-ajaccio.com\/photocopie\/wp-content\/uploads\/visuel.jpg","contentUrl":"http:\/\/photocopie-ajaccio.com\/photocopie\/wp-content\/uploads\/visuel.jpg","width":928,"height":519},{"@type":"WebPage","@id":"https:\/\/photocopie-ajaccio.com\/photocopie\/gravure\/coupes-et-trophees\/#webpage","url":"https:\/\/photocopie-ajaccio.com\/photocopie\/gravure\/coupes-et-trophees\/","name":"Coupes et troph\u00e9es - Copy Flash System","isPartOf":{"@id":"https:\/\/photocopie-ajaccio.com\/photocopie\/#website"},"primaryImageOfPage":{"@id":"https:\/\/photocopie-ajaccio.com\/photocopie\/gravure\/coupes-et-trophees\/#primaryimage"},"datePublished":"2013-10-31T09:20:33+00:00","dateModified":"2023-04-28T09:32:08+00:00","description":"Coupes et troph\u00e9es : Copy Flash system est sp\u00e9cialis\u00e9e dans la vente de r\u00e9compenses sportives ,de coupes , de m\u00e9dailles et de troph\u00e9es personnalis\u00e9s.","breadcrumb":{"@id":"https:\/\/photocopie-ajaccio.com\/photocopie\/gravure\/coupes-et-trophees\/#breadcrumb"},"inLanguage":"fr-FR","potentialAction":[{"@type":"ReadAction","target":["https:\/\/photocopie-ajaccio.com\/photocopie\/gravure\/coupes-et-trophees\/"]}]},{"@type":"BreadcrumbList","@id":"https:\/\/photocopie-ajaccio.com\/photocopie\/gravure\/coupes-et-trophees\/#breadcrumb","itemListElement":[{"@type":"ListItem","position":1,"name":"Accueil","item":"https:\/\/photocopie-ajaccio.com\/photocopie\/"},{"@type":"ListItem","position":2,"name":"Gravure","item":"https:\/\/photocopie-ajaccio.com\/photocopie\/gravure\/"},{"@type":"ListItem","position":3,"name":"Coupes et troph\u00e9es"}]}]}},"_links":{"self":[{"href":"http:\/\/photocopie-ajaccio.com\/photocopie\/wp-json\/wp\/v2\/pages\/26","targetHints":{"allow":["GET"]}}],"collection":[{"href":"http:\/\/photocopie-ajaccio.com\/photocopie\/wp-json\/wp\/v2\/pages"}],"about":[{"href":"http:\/\/photocopie-ajaccio.com\/photocopie\/wp-json\/wp\/v2\/types\/page"}],"author":[{"embeddable":true,"href":"http:\/\/photocopie-ajaccio.com\/photocopie\/wp-json\/wp\/v2\/users\/1"}],"replies":[{"embeddable":true,"href":"http:\/\/photocopie-ajaccio.com\/photocopie\/wp-json\/wp\/v2\/comments?post=26"}],"version-history":[{"count":5,"href":"http:\/\/photocopie-ajaccio.com\/photocopie\/wp-json\/wp\/v2\/pages\/26\/revisions"}],"predecessor-version":[{"id":1756,"href":"http:\/\/photocopie-ajaccio.com\/photocopie\/wp-json\/wp\/v2\/pages\/26\/revisions\/1756"}],"up":[{"embeddable":true,"href":"http:\/\/photocopie-ajaccio.com\/photocopie\/wp-json\/wp\/v2\/pages\/18"}],"wp:attachment":[{"href":"http:\/\/photocopie-ajaccio.com\/photocopie\/wp-json\/wp\/v2\/media?parent=26"}],"curies":[{"name":"wp","href":"https:\/\/api.w.org\/{rel}","templated":true}]}}