{"id":34,"date":"2013-10-31T10:23:29","date_gmt":"2013-10-31T09:23:29","guid":{"rendered":"http:\/\/photocopie-ajaccio.com\/photocopie\/?page_id=34"},"modified":"2020-01-23T10:03:51","modified_gmt":"2020-01-23T09:03:51","slug":"cartes-de-visite","status":"publish","type":"page","link":"http:\/\/photocopie-ajaccio.com\/photocopie\/imprimerie\/cartes-de-visite\/","title":{"rendered":"Cartes de visite"},"content":{"rendered":"<p><iframe loading=\"lazy\" src=\"https:\/\/www.youtube.com\/embed\/MgTDKOzqxK0?rel=0\" width=\"800\" height=\"500\" frameborder=\"0\" allowfullscreen=\"allowfullscreen\"><span data-mce-type=\"bookmark\" style=\"display: inline-block; width: 0px; overflow: hidden; line-height: 0;\" class=\"mce_SELRES_start\">\ufeff<\/span><\/iframe><\/p>\n<h2 style=\"text-align: center;\"><strong>Copy Flash System r\u00e9alise* et imprime vos cartes de visite<\/strong>.<\/h2>\n<h2>Nombreuses options d&rsquo;impression disponibles mat ou brillant, pelliculage, vernis s\u00e9lectif !<\/h2>\n<p>&nbsp;<\/p>\n<p>Cr\u00e9ation et Impression de cartes de visite de haute qualit\u00e9<br \/>\nLa carte de visite est le document personnalis\u00e9 indispensable \u00e0 votre entreprise.Elle vous permet de laisser vos coordonn\u00e9es compl\u00e8tes.<\/p>\n<p>Par le grand choix d\u2019options que nous vous proposons , votre carte de visite devient un r\u00e9v\u00e9lateur de votre personnalit\u00e9 et\/ou des valeurs de votre entreprise.<\/p>\n<p><span style=\"font-size: 14pt;\">Diff\u00e9rents formats disponibles&nbsp;: cartes de cr\u00e9dits, correspondance, carte double&#8230;<\/span><\/p>\n<div id='gallery-1' class='gallery galleryid-34 gallery-columns-3 gallery-size-medium'><figure class='gallery-item'>\n\t\t\t<div class='gallery-icon landscape'>\n\t\t\t\t<a href='http:\/\/photocopie-ajaccio.com\/photocopie\/imprimerie\/cartes-de-visite\/lame-de-beaute\/'><img decoding=\"async\" width=\"300\" height=\"187\" src=\"data:image\/png;base64,iVBORw0KGgoAAAANSUhEUgAAAYYAAADcAQMAAABOLJSDAAAAA1BMVEUAAACnej3aAAAAAXRSTlMAQObYZgAAACJJREFUaIHtwTEBAAAAwqD1T20ND6AAAAAAAAAAAAAA4N8AKvgAAUFIrrEAAAAASUVORK5CYII=\" class=\"attachment-medium size-medium lazy-img\" alt=\"\" data-src=\"http:\/\/photocopie-ajaccio.com\/photocopie\/wp-content\/uploads\/2020\/01\/Lame-de-Beaut\u00e9-300x187.png\" loading=\"lazy\" \/><\/a>\n\t\t\t<\/div><\/figure><figure class='gallery-item'>\n\t\t\t<div class='gallery-icon landscape'>\n\t\t\t\t<a href='http:\/\/photocopie-ajaccio.com\/photocopie\/imprimerie\/cartes-de-visite\/fmjlart-illustrateur\/'><img decoding=\"async\" width=\"300\" height=\"184\" src=\"data:image\/png;base64,iVBORw0KGgoAAAANSUhEUgAAAYYAAADcAQMAAABOLJSDAAAAA1BMVEUAAACnej3aAAAAAXRSTlMAQObYZgAAACJJREFUaIHtwTEBAAAAwqD1T20ND6AAAAAAAAAAAAAA4N8AKvgAAUFIrrEAAAAASUVORK5CYII=\" class=\"attachment-medium size-medium lazy-img\" alt=\"\" data-src=\"http:\/\/photocopie-ajaccio.com\/photocopie\/wp-content\/uploads\/2020\/01\/Fmjlart-illustrateur-300x184.png\" loading=\"lazy\" \/><\/a>\n\t\t\t<\/div><\/figure><figure class='gallery-item'>\n\t\t\t<div class='gallery-icon landscape'>\n\t\t\t\t<a href='http:\/\/photocopie-ajaccio.com\/photocopie\/imprimerie\/cartes-de-visite\/mcm-construction-marginean-constantin-maconnerie\/'><img decoding=\"async\" width=\"300\" height=\"196\" src=\"data:image\/png;base64,iVBORw0KGgoAAAANSUhEUgAAAYYAAADcAQMAAABOLJSDAAAAA1BMVEUAAACnej3aAAAAAXRSTlMAQObYZgAAACJJREFUaIHtwTEBAAAAwqD1T20ND6AAAAAAAAAAAAAA4N8AKvgAAUFIrrEAAAAASUVORK5CYII=\" class=\"attachment-medium size-medium lazy-img\" alt=\"\" data-src=\"http:\/\/photocopie-ajaccio.com\/photocopie\/wp-content\/uploads\/2020\/01\/MCM-Construction-Marginean-Constantin-Maconnerie-300x196.png\" loading=\"lazy\" \/><\/a>\n\t\t\t<\/div><\/figure><figure class='gallery-item'>\n\t\t\t<div class='gallery-icon landscape'>\n\t\t\t\t<a href='http:\/\/photocopie-ajaccio.com\/photocopie\/imprimerie\/cartes-de-visite\/sophie-padovani-carte-pro-2019\/'><img decoding=\"async\" width=\"300\" height=\"190\" src=\"data:image\/png;base64,iVBORw0KGgoAAAANSUhEUgAAAYYAAADcAQMAAABOLJSDAAAAA1BMVEUAAACnej3aAAAAAXRSTlMAQObYZgAAACJJREFUaIHtwTEBAAAAwqD1T20ND6AAAAAAAAAAAAAA4N8AKvgAAUFIrrEAAAAASUVORK5CYII=\" class=\"attachment-medium size-medium lazy-img\" alt=\"\" data-src=\"http:\/\/photocopie-ajaccio.com\/photocopie\/wp-content\/uploads\/2020\/01\/Sophie-PADOVANI-carte-pro-2019-300x190.png\" loading=\"lazy\" \/><\/a>\n\t\t\t<\/div><\/figure><figure class='gallery-item'>\n\t\t\t<div class='gallery-icon portrait'>\n\t\t\t\t<a href='http:\/\/photocopie-ajaccio.com\/photocopie\/imprimerie\/cartes-de-visite\/au-panel-gourmand\/'><img decoding=\"async\" width=\"196\" height=\"300\" src=\"data:image\/png;base64,iVBORw0KGgoAAAANSUhEUgAAAYYAAADcAQMAAABOLJSDAAAAA1BMVEUAAACnej3aAAAAAXRSTlMAQObYZgAAACJJREFUaIHtwTEBAAAAwqD1T20ND6AAAAAAAAAAAAAA4N8AKvgAAUFIrrEAAAAASUVORK5CYII=\" class=\"attachment-medium size-medium lazy-img\" alt=\"\" data-src=\"http:\/\/photocopie-ajaccio.com\/photocopie\/wp-content\/uploads\/2020\/01\/AU-PANEL-GOURMAND-196x300.png\" loading=\"lazy\" \/><\/a>\n\t\t\t<\/div><\/figure><figure class='gallery-item'>\n\t\t\t<div class='gallery-icon landscape'>\n\t\t\t\t<a href='http:\/\/photocopie-ajaccio.com\/photocopie\/imprimerie\/cartes-de-visite\/jmt\/'><img decoding=\"async\" width=\"300\" height=\"196\" src=\"data:image\/png;base64,iVBORw0KGgoAAAANSUhEUgAAAYYAAADcAQMAAABOLJSDAAAAA1BMVEUAAACnej3aAAAAAXRSTlMAQObYZgAAACJJREFUaIHtwTEBAAAAwqD1T20ND6AAAAAAAAAAAAAA4N8AKvgAAUFIrrEAAAAASUVORK5CYII=\" class=\"attachment-medium size-medium lazy-img\" alt=\"\" data-src=\"http:\/\/photocopie-ajaccio.com\/photocopie\/wp-content\/uploads\/2020\/01\/JMT-300x196.png\" loading=\"lazy\" \/><\/a>\n\t\t\t<\/div><\/figure><figure class='gallery-item'>\n\t\t\t<div class='gallery-icon landscape'>\n\t\t\t\t<a href='http:\/\/photocopie-ajaccio.com\/photocopie\/imprimerie\/cartes-de-visite\/saveurs-corses\/'><img decoding=\"async\" width=\"300\" height=\"196\" src=\"data:image\/png;base64,iVBORw0KGgoAAAANSUhEUgAAAYYAAADcAQMAAABOLJSDAAAAA1BMVEUAAACnej3aAAAAAXRSTlMAQObYZgAAACJJREFUaIHtwTEBAAAAwqD1T20ND6AAAAAAAAAAAAAA4N8AKvgAAUFIrrEAAAAASUVORK5CYII=\" class=\"attachment-medium size-medium lazy-img\" alt=\"\" data-src=\"http:\/\/photocopie-ajaccio.com\/photocopie\/wp-content\/uploads\/2020\/01\/Saveurs-Corses-300x196.png\" loading=\"lazy\" \/><\/a>\n\t\t\t<\/div><\/figure><figure class='gallery-item'>\n\t\t\t<div class='gallery-icon landscape'>\n\t\t\t\t<a href='http:\/\/photocopie-ajaccio.com\/photocopie\/imprimerie\/cartes-de-visite\/ap-services\/'><img decoding=\"async\" width=\"300\" height=\"197\" src=\"data:image\/png;base64,iVBORw0KGgoAAAANSUhEUgAAAYYAAADcAQMAAABOLJSDAAAAA1BMVEUAAACnej3aAAAAAXRSTlMAQObYZgAAACJJREFUaIHtwTEBAAAAwqD1T20ND6AAAAAAAAAAAAAA4N8AKvgAAUFIrrEAAAAASUVORK5CYII=\" class=\"attachment-medium size-medium lazy-img\" alt=\"\" data-src=\"http:\/\/photocopie-ajaccio.com\/photocopie\/wp-content\/uploads\/2020\/01\/AP-Services-300x197.png\" loading=\"lazy\" \/><\/a>\n\t\t\t<\/div><\/figure><figure class='gallery-item'>\n\t\t\t<div class='gallery-icon landscape'>\n\t\t\t\t<a href='http:\/\/photocopie-ajaccio.com\/photocopie\/imprimerie\/cartes-de-visite\/corsideal\/'><img decoding=\"async\" width=\"300\" height=\"196\" src=\"data:image\/png;base64,iVBORw0KGgoAAAANSUhEUgAAAYYAAADcAQMAAABOLJSDAAAAA1BMVEUAAACnej3aAAAAAXRSTlMAQObYZgAAACJJREFUaIHtwTEBAAAAwqD1T20ND6AAAAAAAAAAAAAA4N8AKvgAAUFIrrEAAAAASUVORK5CYII=\" class=\"attachment-medium size-medium lazy-img\" alt=\"\" data-src=\"http:\/\/photocopie-ajaccio.com\/photocopie\/wp-content\/uploads\/2020\/01\/CORSIDEAL-300x196.png\" loading=\"lazy\" \/><\/a>\n\t\t\t<\/div><\/figure><figure class='gallery-item'>\n\t\t\t<div class='gallery-icon landscape'>\n\t\t\t\t<a href='http:\/\/photocopie-ajaccio.com\/photocopie\/imprimerie\/cartes-de-visite\/auberge-de-coggia\/'><img decoding=\"async\" width=\"300\" height=\"196\" src=\"data:image\/png;base64,iVBORw0KGgoAAAANSUhEUgAAAYYAAADcAQMAAABOLJSDAAAAA1BMVEUAAACnej3aAAAAAXRSTlMAQObYZgAAACJJREFUaIHtwTEBAAAAwqD1T20ND6AAAAAAAAAAAAAA4N8AKvgAAUFIrrEAAAAASUVORK5CYII=\" class=\"attachment-medium size-medium lazy-img\" alt=\"\" data-src=\"http:\/\/photocopie-ajaccio.com\/photocopie\/wp-content\/uploads\/2020\/01\/AUBERGE-DE-COGGIA-300x196.png\" loading=\"lazy\" \/><\/a>\n\t\t\t<\/div><\/figure>\n\t\t<\/div>\n\n<p><span style=\"font-size: 14pt;\"><br \/>\nQuelques r\u00e9f\u00e9rences clients <\/span><\/p>\n<p><span style=\"font-size: 14pt;\">*<a href=\"http:\/\/photocopie-ajaccio.com\/photocopie\/imprimerie\/nos-realisations\/\">Nous cr\u00e9ons votre identit\u00e9 visuelle.<\/a><\/span><br \/>\n<span style=\"font-size: 14pt;\"> Nos graphistes s&rsquo;occupe de tout : conception de votre logo, mise en page , d\u00e9clinaison sur d&rsquo;autres supports de communication&#8230;<\/span><\/p>\n<p>&nbsp;<\/p>\n","protected":false},"excerpt":{"rendered":"<p>\ufeff Copy Flash System r\u00e9alise* et imprime vos cartes de visite. Nombreuses options d&rsquo;impression disponibles mat ou brillant, pelliculage, vernis s\u00e9lectif ! &nbsp; Cr\u00e9ation et Impression de cartes de visite de haute qualit\u00e9 La carte de visite est le document personnalis\u00e9 indispensable \u00e0 votre entreprise.Elle vous permet de laisser vos coordonn\u00e9es compl\u00e8tes. Par le grand &hellip;<\/p>\n","protected":false},"author":1,"featured_media":0,"parent":28,"menu_order":0,"comment_status":"closed","ping_status":"closed","template":"","meta":{"footnotes":""},"class_list":["post-34","page","type-page","status-publish","hentry"],"yoast_head":"<!-- This site is optimized with the Yoast SEO plugin v18.8 - https:\/\/yoast.com\/wordpress\/plugins\/seo\/ -->\n<title>Cartes de visite - Copy Flash System<\/title>\n<meta name=\"description\" content=\"Cartes de visite : copy flash system se charge de la r\u00e9alisation et l&#039;impression de vos cartes de visite sur ajaccio et en corse\" \/>\n<meta name=\"robots\" content=\"index, follow, max-snippet:-1, max-image-preview:large, max-video-preview:-1\" \/>\n<link rel=\"canonical\" href=\"http:\/\/photocopie-ajaccio.com\/photocopie\/imprimerie\/cartes-de-visite\/\" \/>\n<meta property=\"og:locale\" content=\"fr_FR\" \/>\n<meta property=\"og:type\" content=\"article\" \/>\n<meta property=\"og:title\" content=\"Cartes de visite - Copy Flash System\" \/>\n<meta property=\"og:description\" content=\"Cartes de visite : copy flash system se charge de la r\u00e9alisation et l&#039;impression de vos cartes de visite sur ajaccio et en corse\" \/>\n<meta property=\"og:url\" content=\"http:\/\/photocopie-ajaccio.com\/photocopie\/imprimerie\/cartes-de-visite\/\" \/>\n<meta property=\"og:site_name\" content=\"Copy Flash System\" \/>\n<meta property=\"article:publisher\" content=\"https:\/\/www.facebook.com\/cfs.mezzavia\" \/>\n<meta property=\"article:modified_time\" content=\"2020-01-23T09:03:51+00:00\" \/>\n<meta property=\"og:image\" content=\"\" \/>\n<meta name=\"twitter:label1\" content=\"Dur\u00e9e de lecture estim\u00e9e\" \/>\n\t<meta name=\"twitter:data1\" content=\"1 minute\" \/>\n<script type=\"application\/ld+json\" class=\"yoast-schema-graph\">{\"@context\":\"https:\/\/schema.org\",\"@graph\":[{\"@type\":\"WebSite\",\"@id\":\"https:\/\/photocopie-ajaccio.com\/photocopie\/#website\",\"url\":\"https:\/\/photocopie-ajaccio.com\/photocopie\/\",\"name\":\"Copy Flash System\",\"description\":\"Photocopies &amp; Impressions sur ajaccio\",\"potentialAction\":[{\"@type\":\"SearchAction\",\"target\":{\"@type\":\"EntryPoint\",\"urlTemplate\":\"https:\/\/photocopie-ajaccio.com\/photocopie\/?s={search_term_string}\"},\"query-input\":\"required name=search_term_string\"}],\"inLanguage\":\"fr-FR\"},{\"@type\":\"WebPage\",\"@id\":\"http:\/\/photocopie-ajaccio.com\/photocopie\/imprimerie\/cartes-de-visite\/#webpage\",\"url\":\"http:\/\/photocopie-ajaccio.com\/photocopie\/imprimerie\/cartes-de-visite\/\",\"name\":\"Cartes de visite - Copy Flash System\",\"isPartOf\":{\"@id\":\"https:\/\/photocopie-ajaccio.com\/photocopie\/#website\"},\"datePublished\":\"2013-10-31T09:23:29+00:00\",\"dateModified\":\"2020-01-23T09:03:51+00:00\",\"description\":\"Cartes de visite : copy flash system se charge de la r\u00e9alisation et l'impression de vos cartes de visite sur ajaccio et en corse\",\"breadcrumb\":{\"@id\":\"http:\/\/photocopie-ajaccio.com\/photocopie\/imprimerie\/cartes-de-visite\/#breadcrumb\"},\"inLanguage\":\"fr-FR\",\"potentialAction\":[{\"@type\":\"ReadAction\",\"target\":[\"http:\/\/photocopie-ajaccio.com\/photocopie\/imprimerie\/cartes-de-visite\/\"]}]},{\"@type\":\"BreadcrumbList\",\"@id\":\"http:\/\/photocopie-ajaccio.com\/photocopie\/imprimerie\/cartes-de-visite\/#breadcrumb\",\"itemListElement\":[{\"@type\":\"ListItem\",\"position\":1,\"name\":\"Accueil\",\"item\":\"https:\/\/photocopie-ajaccio.com\/photocopie\/\"},{\"@type\":\"ListItem\",\"position\":2,\"name\":\"Imprimerie\",\"item\":\"http:\/\/photocopie-ajaccio.com\/photocopie\/imprimerie\/\"},{\"@type\":\"ListItem\",\"position\":3,\"name\":\"Cartes de visite\"}]}]}<\/script>\n<!-- \/ Yoast SEO plugin. -->","yoast_head_json":{"title":"Cartes de visite - Copy Flash System","description":"Cartes de visite : copy flash system se charge de la r\u00e9alisation et l'impression de vos cartes de visite sur ajaccio et en corse","robots":{"index":"index","follow":"follow","max-snippet":"max-snippet:-1","max-image-preview":"max-image-preview:large","max-video-preview":"max-video-preview:-1"},"canonical":"http:\/\/photocopie-ajaccio.com\/photocopie\/imprimerie\/cartes-de-visite\/","og_locale":"fr_FR","og_type":"article","og_title":"Cartes de visite - Copy Flash System","og_description":"Cartes de visite : copy flash system se charge de la r\u00e9alisation et l'impression de vos cartes de visite sur ajaccio et en corse","og_url":"http:\/\/photocopie-ajaccio.com\/photocopie\/imprimerie\/cartes-de-visite\/","og_site_name":"Copy Flash System","article_publisher":"https:\/\/www.facebook.com\/cfs.mezzavia","article_modified_time":"2020-01-23T09:03:51+00:00","og_image":[{"url":"data:image\/png;base64,iVBORw0KGgoAAAANSUhEUgAAAYYAAADcAQMAAABOLJSDAAAAA1BMVEUAAACnej3aAAAAAXRSTlMAQObYZgAAACJJREFUaIHtwTEBAAAAwqD1T20ND6AAAAAAAAAAAAAA4N8AKvgAAUFIrrEAAAAASUVORK5CYII="}],"twitter_misc":{"Dur\u00e9e de lecture estim\u00e9e":"1 minute"},"schema":{"@context":"https:\/\/schema.org","@graph":[{"@type":"WebSite","@id":"https:\/\/photocopie-ajaccio.com\/photocopie\/#website","url":"https:\/\/photocopie-ajaccio.com\/photocopie\/","name":"Copy Flash System","description":"Photocopies &amp; Impressions sur ajaccio","potentialAction":[{"@type":"SearchAction","target":{"@type":"EntryPoint","urlTemplate":"https:\/\/photocopie-ajaccio.com\/photocopie\/?s={search_term_string}"},"query-input":"required name=search_term_string"}],"inLanguage":"fr-FR"},{"@type":"WebPage","@id":"http:\/\/photocopie-ajaccio.com\/photocopie\/imprimerie\/cartes-de-visite\/#webpage","url":"http:\/\/photocopie-ajaccio.com\/photocopie\/imprimerie\/cartes-de-visite\/","name":"Cartes de visite - Copy Flash System","isPartOf":{"@id":"https:\/\/photocopie-ajaccio.com\/photocopie\/#website"},"datePublished":"2013-10-31T09:23:29+00:00","dateModified":"2020-01-23T09:03:51+00:00","description":"Cartes de visite : copy flash system se charge de la r\u00e9alisation et l'impression de vos cartes de visite sur ajaccio et en corse","breadcrumb":{"@id":"http:\/\/photocopie-ajaccio.com\/photocopie\/imprimerie\/cartes-de-visite\/#breadcrumb"},"inLanguage":"fr-FR","potentialAction":[{"@type":"ReadAction","target":["http:\/\/photocopie-ajaccio.com\/photocopie\/imprimerie\/cartes-de-visite\/"]}]},{"@type":"BreadcrumbList","@id":"http:\/\/photocopie-ajaccio.com\/photocopie\/imprimerie\/cartes-de-visite\/#breadcrumb","itemListElement":[{"@type":"ListItem","position":1,"name":"Accueil","item":"https:\/\/photocopie-ajaccio.com\/photocopie\/"},{"@type":"ListItem","position":2,"name":"Imprimerie","item":"http:\/\/photocopie-ajaccio.com\/photocopie\/imprimerie\/"},{"@type":"ListItem","position":3,"name":"Cartes de visite"}]}]}},"_links":{"self":[{"href":"http:\/\/photocopie-ajaccio.com\/photocopie\/wp-json\/wp\/v2\/pages\/34","targetHints":{"allow":["GET"]}}],"collection":[{"href":"http:\/\/photocopie-ajaccio.com\/photocopie\/wp-json\/wp\/v2\/pages"}],"about":[{"href":"http:\/\/photocopie-ajaccio.com\/photocopie\/wp-json\/wp\/v2\/types\/page"}],"author":[{"embeddable":true,"href":"http:\/\/photocopie-ajaccio.com\/photocopie\/wp-json\/wp\/v2\/users\/1"}],"replies":[{"embeddable":true,"href":"http:\/\/photocopie-ajaccio.com\/photocopie\/wp-json\/wp\/v2\/comments?post=34"}],"version-history":[{"count":3,"href":"http:\/\/photocopie-ajaccio.com\/photocopie\/wp-json\/wp\/v2\/pages\/34\/revisions"}],"predecessor-version":[{"id":1564,"href":"http:\/\/photocopie-ajaccio.com\/photocopie\/wp-json\/wp\/v2\/pages\/34\/revisions\/1564"}],"up":[{"embeddable":true,"href":"http:\/\/photocopie-ajaccio.com\/photocopie\/wp-json\/wp\/v2\/pages\/28"}],"wp:attachment":[{"href":"http:\/\/photocopie-ajaccio.com\/photocopie\/wp-json\/wp\/v2\/media?parent=34"}],"curies":[{"name":"wp","href":"https:\/\/api.w.org\/{rel}","templated":true}]}}