{"id":344,"date":"2013-12-04T15:05:28","date_gmt":"2013-12-04T14:05:28","guid":{"rendered":"http:\/\/photocopie-ajaccio.com\/photocopie\/?page_id=344"},"modified":"2016-12-22T09:24:24","modified_gmt":"2016-12-22T08:24:24","slug":"cartes-de-voeux","status":"publish","type":"page","link":"http:\/\/photocopie-ajaccio.com\/photocopie\/imprimerie\/cartes-de-voeux\/","title":{"rendered":"Cartes de voeux"},"content":{"rendered":"<h1 style=\"text-align: center;\">Cartes de v\u0153ux<\/h1>\n<h3><span style=\"font-family: tahoma, arial, helvetica, sans-serif;\">Profitez de la p\u00e9riode des f\u00eates de fin d\u2019ann\u00e9e pour vous lancer dans une op\u00e9ration de communication aussi simple \u00e0 mettre en oeuvre qu\u2019efficace :&nbsp;<strong>l\u2019envoi de&nbsp;cartes de v\u0153ux&nbsp;!<\/strong><br \/>\n<\/span><\/h3>\n<pre>&nbsp;<\/pre>\n<p><span style=\"font-size: 14pt;\">Id\u00e9ale pour&nbsp;maintenir et renforcer les liens avec vos partenaires, vos clients et vos contacts professionnels, la&nbsp;carte de v\u0153ux&nbsp;est une fa\u00e7on informelle et amicale de renforcer son r\u00e9seau.<\/span><\/p>\n<p><span style=\"font-size: 14pt;\">Les v\u0153ux montre&nbsp;l\u2019estime et l\u2019importance que l\u2019on accorde \u00e0 une relation et sa volont\u00e9 de la prolonger dans le futur.<\/span><\/p>\n<p><span style=\"font-size: 14pt;\">R\u00e9alisation personnalis\u00e9e et impression rapide.<\/span><\/p>\n<p><img loading=\"lazy\" decoding=\"async\" class=\"aligncenter wp-image-1252\" src=\"http:\/\/photocopie-ajaccio.com\/photocopie\/wp-content\/uploads\/2013\/12\/1.jpg\" alt=\"\" width=\"621\" height=\"442\"> <img loading=\"lazy\" decoding=\"async\" class=\"aligncenter wp-image-1253\" src=\"http:\/\/photocopie-ajaccio.com\/photocopie\/wp-content\/uploads\/2013\/12\/2.jpg\" alt=\"\" width=\"620\" height=\"442\"> <img loading=\"lazy\" decoding=\"async\" class=\"aligncenter wp-image-1254\" src=\"http:\/\/photocopie-ajaccio.com\/photocopie\/wp-content\/uploads\/2013\/12\/3.jpg\" alt=\"\" width=\"623\" height=\"443\"> <img loading=\"lazy\" decoding=\"async\" class=\"aligncenter wp-image-1255\" src=\"http:\/\/photocopie-ajaccio.com\/photocopie\/wp-content\/uploads\/2013\/12\/4.jpg\" alt=\"\" width=\"626\" height=\"446\"> <img loading=\"lazy\" decoding=\"async\" class=\"aligncenter wp-image-1256\" src=\"http:\/\/photocopie-ajaccio.com\/photocopie\/wp-content\/uploads\/2013\/12\/5.jpg\" alt=\"\" width=\"627\" height=\"447\"><\/p>\n<pre><span style=\"font-size: 14pt;\">&nbsp;<\/span><\/pre>\n","protected":false},"excerpt":{"rendered":"<p>Cartes de v\u0153ux Profitez de la p\u00e9riode des f\u00eates de fin d\u2019ann\u00e9e pour vous lancer dans une op\u00e9ration de communication aussi simple \u00e0 mettre en oeuvre qu\u2019efficace :&nbsp;l\u2019envoi de&nbsp;cartes de v\u0153ux&nbsp;! &nbsp; Id\u00e9ale pour&nbsp;maintenir et renforcer les liens avec vos partenaires, vos clients et vos contacts professionnels, la&nbsp;carte de v\u0153ux&nbsp;est une fa\u00e7on informelle et amicale &hellip;<\/p>\n","protected":false},"author":1,"featured_media":0,"parent":28,"menu_order":0,"comment_status":"open","ping_status":"open","template":"","meta":{"footnotes":""},"class_list":["post-344","page","type-page","status-publish","hentry"],"yoast_head":"<!-- This site is optimized with the Yoast SEO plugin v18.8 - https:\/\/yoast.com\/wordpress\/plugins\/seo\/ -->\n<title>Cartes de voeux - Copy Flash System<\/title>\n<meta name=\"description\" content=\"Cartes de v\u0153ux : Profitez de la p\u00e9riode des f\u00eates de fin d\u2019ann\u00e9e pour vous lancer dans une op\u00e9ration de communication : l\u2019envoi de cartes de v\u0153ux !\" \/>\n<meta name=\"robots\" content=\"index, follow, max-snippet:-1, max-image-preview:large, max-video-preview:-1\" \/>\n<link rel=\"canonical\" href=\"https:\/\/photocopie-ajaccio.com\/photocopie\/imprimerie\/cartes-de-voeux\/\" \/>\n<meta property=\"og:locale\" content=\"fr_FR\" \/>\n<meta property=\"og:type\" content=\"article\" \/>\n<meta property=\"og:title\" content=\"Cartes de voeux - Copy Flash System\" \/>\n<meta property=\"og:description\" content=\"Cartes de v\u0153ux : Profitez de la p\u00e9riode des f\u00eates de fin d\u2019ann\u00e9e pour vous lancer dans une op\u00e9ration de communication : l\u2019envoi de cartes de v\u0153ux !\" \/>\n<meta property=\"og:url\" content=\"https:\/\/photocopie-ajaccio.com\/photocopie\/imprimerie\/cartes-de-voeux\/\" \/>\n<meta property=\"og:site_name\" content=\"Copy Flash System\" \/>\n<meta property=\"article:publisher\" content=\"https:\/\/www.facebook.com\/cfs.mezzavia\" \/>\n<meta property=\"article:modified_time\" content=\"2016-12-22T08:24:24+00:00\" \/>\n<meta property=\"og:image\" content=\"http:\/\/photocopie-ajaccio.com\/photocopie\/wp-content\/uploads\/2013\/12\/1.jpg\" \/>\n<meta name=\"twitter:label1\" content=\"Dur\u00e9e de lecture estim\u00e9e\" \/>\n\t<meta name=\"twitter:data1\" content=\"1 minute\" \/>\n<script type=\"application\/ld+json\" class=\"yoast-schema-graph\">{\"@context\":\"https:\/\/schema.org\",\"@graph\":[{\"@type\":\"WebSite\",\"@id\":\"https:\/\/photocopie-ajaccio.com\/photocopie\/#website\",\"url\":\"https:\/\/photocopie-ajaccio.com\/photocopie\/\",\"name\":\"Copy Flash System\",\"description\":\"Photocopies &amp; Impressions sur ajaccio\",\"potentialAction\":[{\"@type\":\"SearchAction\",\"target\":{\"@type\":\"EntryPoint\",\"urlTemplate\":\"https:\/\/photocopie-ajaccio.com\/photocopie\/?s={search_term_string}\"},\"query-input\":\"required name=search_term_string\"}],\"inLanguage\":\"fr-FR\"},{\"@type\":\"ImageObject\",\"inLanguage\":\"fr-FR\",\"@id\":\"https:\/\/photocopie-ajaccio.com\/photocopie\/imprimerie\/cartes-de-voeux\/#primaryimage\",\"url\":\"http:\/\/photocopie-ajaccio.com\/photocopie\/wp-content\/uploads\/2013\/12\/1.jpg\",\"contentUrl\":\"http:\/\/photocopie-ajaccio.com\/photocopie\/wp-content\/uploads\/2013\/12\/1.jpg\",\"width\":1011,\"height\":720},{\"@type\":\"WebPage\",\"@id\":\"https:\/\/photocopie-ajaccio.com\/photocopie\/imprimerie\/cartes-de-voeux\/#webpage\",\"url\":\"https:\/\/photocopie-ajaccio.com\/photocopie\/imprimerie\/cartes-de-voeux\/\",\"name\":\"Cartes de voeux - Copy Flash System\",\"isPartOf\":{\"@id\":\"https:\/\/photocopie-ajaccio.com\/photocopie\/#website\"},\"primaryImageOfPage\":{\"@id\":\"https:\/\/photocopie-ajaccio.com\/photocopie\/imprimerie\/cartes-de-voeux\/#primaryimage\"},\"datePublished\":\"2013-12-04T14:05:28+00:00\",\"dateModified\":\"2016-12-22T08:24:24+00:00\",\"description\":\"Cartes de v\u0153ux : Profitez de la p\u00e9riode des f\u00eates de fin d\u2019ann\u00e9e pour vous lancer dans une op\u00e9ration de communication : l\u2019envoi de cartes de v\u0153ux !\",\"breadcrumb\":{\"@id\":\"https:\/\/photocopie-ajaccio.com\/photocopie\/imprimerie\/cartes-de-voeux\/#breadcrumb\"},\"inLanguage\":\"fr-FR\",\"potentialAction\":[{\"@type\":\"ReadAction\",\"target\":[\"https:\/\/photocopie-ajaccio.com\/photocopie\/imprimerie\/cartes-de-voeux\/\"]}]},{\"@type\":\"BreadcrumbList\",\"@id\":\"https:\/\/photocopie-ajaccio.com\/photocopie\/imprimerie\/cartes-de-voeux\/#breadcrumb\",\"itemListElement\":[{\"@type\":\"ListItem\",\"position\":1,\"name\":\"Accueil\",\"item\":\"https:\/\/photocopie-ajaccio.com\/photocopie\/\"},{\"@type\":\"ListItem\",\"position\":2,\"name\":\"Imprimerie\",\"item\":\"http:\/\/photocopie-ajaccio.com\/photocopie\/imprimerie\/\"},{\"@type\":\"ListItem\",\"position\":3,\"name\":\"Cartes de voeux\"}]}]}<\/script>\n<!-- \/ Yoast SEO plugin. -->","yoast_head_json":{"title":"Cartes de voeux - Copy Flash System","description":"Cartes de v\u0153ux : Profitez de la p\u00e9riode des f\u00eates de fin d\u2019ann\u00e9e pour vous lancer dans une op\u00e9ration de communication : l\u2019envoi de cartes de v\u0153ux !","robots":{"index":"index","follow":"follow","max-snippet":"max-snippet:-1","max-image-preview":"max-image-preview:large","max-video-preview":"max-video-preview:-1"},"canonical":"https:\/\/photocopie-ajaccio.com\/photocopie\/imprimerie\/cartes-de-voeux\/","og_locale":"fr_FR","og_type":"article","og_title":"Cartes de voeux - Copy Flash System","og_description":"Cartes de v\u0153ux : Profitez de la p\u00e9riode des f\u00eates de fin d\u2019ann\u00e9e pour vous lancer dans une op\u00e9ration de communication : l\u2019envoi de cartes de v\u0153ux !","og_url":"https:\/\/photocopie-ajaccio.com\/photocopie\/imprimerie\/cartes-de-voeux\/","og_site_name":"Copy Flash System","article_publisher":"https:\/\/www.facebook.com\/cfs.mezzavia","article_modified_time":"2016-12-22T08:24:24+00:00","og_image":[{"url":"http:\/\/photocopie-ajaccio.com\/photocopie\/wp-content\/uploads\/2013\/12\/1.jpg"}],"twitter_misc":{"Dur\u00e9e de lecture estim\u00e9e":"1 minute"},"schema":{"@context":"https:\/\/schema.org","@graph":[{"@type":"WebSite","@id":"https:\/\/photocopie-ajaccio.com\/photocopie\/#website","url":"https:\/\/photocopie-ajaccio.com\/photocopie\/","name":"Copy Flash System","description":"Photocopies &amp; Impressions sur ajaccio","potentialAction":[{"@type":"SearchAction","target":{"@type":"EntryPoint","urlTemplate":"https:\/\/photocopie-ajaccio.com\/photocopie\/?s={search_term_string}"},"query-input":"required name=search_term_string"}],"inLanguage":"fr-FR"},{"@type":"ImageObject","inLanguage":"fr-FR","@id":"https:\/\/photocopie-ajaccio.com\/photocopie\/imprimerie\/cartes-de-voeux\/#primaryimage","url":"http:\/\/photocopie-ajaccio.com\/photocopie\/wp-content\/uploads\/2013\/12\/1.jpg","contentUrl":"http:\/\/photocopie-ajaccio.com\/photocopie\/wp-content\/uploads\/2013\/12\/1.jpg","width":1011,"height":720},{"@type":"WebPage","@id":"https:\/\/photocopie-ajaccio.com\/photocopie\/imprimerie\/cartes-de-voeux\/#webpage","url":"https:\/\/photocopie-ajaccio.com\/photocopie\/imprimerie\/cartes-de-voeux\/","name":"Cartes de voeux - Copy Flash System","isPartOf":{"@id":"https:\/\/photocopie-ajaccio.com\/photocopie\/#website"},"primaryImageOfPage":{"@id":"https:\/\/photocopie-ajaccio.com\/photocopie\/imprimerie\/cartes-de-voeux\/#primaryimage"},"datePublished":"2013-12-04T14:05:28+00:00","dateModified":"2016-12-22T08:24:24+00:00","description":"Cartes de v\u0153ux : Profitez de la p\u00e9riode des f\u00eates de fin d\u2019ann\u00e9e pour vous lancer dans une op\u00e9ration de communication : l\u2019envoi de cartes de v\u0153ux !","breadcrumb":{"@id":"https:\/\/photocopie-ajaccio.com\/photocopie\/imprimerie\/cartes-de-voeux\/#breadcrumb"},"inLanguage":"fr-FR","potentialAction":[{"@type":"ReadAction","target":["https:\/\/photocopie-ajaccio.com\/photocopie\/imprimerie\/cartes-de-voeux\/"]}]},{"@type":"BreadcrumbList","@id":"https:\/\/photocopie-ajaccio.com\/photocopie\/imprimerie\/cartes-de-voeux\/#breadcrumb","itemListElement":[{"@type":"ListItem","position":1,"name":"Accueil","item":"https:\/\/photocopie-ajaccio.com\/photocopie\/"},{"@type":"ListItem","position":2,"name":"Imprimerie","item":"http:\/\/photocopie-ajaccio.com\/photocopie\/imprimerie\/"},{"@type":"ListItem","position":3,"name":"Cartes de voeux"}]}]}},"_links":{"self":[{"href":"http:\/\/photocopie-ajaccio.com\/photocopie\/wp-json\/wp\/v2\/pages\/344","targetHints":{"allow":["GET"]}}],"collection":[{"href":"http:\/\/photocopie-ajaccio.com\/photocopie\/wp-json\/wp\/v2\/pages"}],"about":[{"href":"http:\/\/photocopie-ajaccio.com\/photocopie\/wp-json\/wp\/v2\/types\/page"}],"author":[{"embeddable":true,"href":"http:\/\/photocopie-ajaccio.com\/photocopie\/wp-json\/wp\/v2\/users\/1"}],"replies":[{"embeddable":true,"href":"http:\/\/photocopie-ajaccio.com\/photocopie\/wp-json\/wp\/v2\/comments?post=344"}],"version-history":[{"count":0,"href":"http:\/\/photocopie-ajaccio.com\/photocopie\/wp-json\/wp\/v2\/pages\/344\/revisions"}],"up":[{"embeddable":true,"href":"http:\/\/photocopie-ajaccio.com\/photocopie\/wp-json\/wp\/v2\/pages\/28"}],"wp:attachment":[{"href":"http:\/\/photocopie-ajaccio.com\/photocopie\/wp-json\/wp\/v2\/media?parent=344"}],"curies":[{"name":"wp","href":"https:\/\/api.w.org\/{rel}","templated":true}]}}