{"id":36,"date":"2013-10-31T10:23:50","date_gmt":"2013-10-31T09:23:50","guid":{"rendered":"http:\/\/photocopie-ajaccio.com\/photocopie\/?page_id=36"},"modified":"2020-01-24T08:52:14","modified_gmt":"2020-01-24T07:52:14","slug":"flyers","status":"publish","type":"page","link":"http:\/\/photocopie-ajaccio.com\/photocopie\/imprimerie\/flyers\/","title":{"rendered":"Flyers"},"content":{"rendered":"<h3>Confiez nous la r\u00e9alisation et l\u2019impression de vos flyers.<\/h3>\n<p>Nous mettons en valeur vos cr\u00e9ations de flyers,avec un rendu pro et une qualit\u00e9 d\u2019impression de haute d\u00e9finition.<\/p>\n<p>Mixez la cr\u00e9ation graphique \u00e0 un travail sur la mati\u00e8re : couleurs, textures, effets de brillance.<\/p>\n<h3><strong>Quelques r\u00e9alisations :<\/strong><\/h3>\n<div id='gallery-1' class='gallery galleryid-36 gallery-columns-4 gallery-size-medium'><figure class='gallery-item'>\n\t\t\t<div class='gallery-icon portrait'>\n\t\t\t\t<a href='http:\/\/photocopie-ajaccio.com\/photocopie\/imprimerie\/flyers\/supermarcato\/'><img decoding=\"async\" width=\"211\" height=\"300\" src=\"data:image\/png;base64,iVBORw0KGgoAAAANSUhEUgAAAYYAAADcAQMAAABOLJSDAAAAA1BMVEUAAACnej3aAAAAAXRSTlMAQObYZgAAACJJREFUaIHtwTEBAAAAwqD1T20ND6AAAAAAAAAAAAAA4N8AKvgAAUFIrrEAAAAASUVORK5CYII=\" class=\"attachment-medium size-medium lazy-img\" alt=\"\" data-src=\"http:\/\/photocopie-ajaccio.com\/photocopie\/wp-content\/uploads\/2020\/01\/Supermarcato-211x300.png\" loading=\"lazy\" \/><\/a>\n\t\t\t<\/div><\/figure><figure class='gallery-item'>\n\t\t\t<div class='gallery-icon portrait'>\n\t\t\t\t<a href='http:\/\/photocopie-ajaccio.com\/photocopie\/imprimerie\/flyers\/a-piazza-pizza-orange\/'><img decoding=\"async\" width=\"215\" height=\"300\" src=\"data:image\/png;base64,iVBORw0KGgoAAAANSUhEUgAAAYYAAADcAQMAAABOLJSDAAAAA1BMVEUAAACnej3aAAAAAXRSTlMAQObYZgAAACJJREFUaIHtwTEBAAAAwqD1T20ND6AAAAAAAAAAAAAA4N8AKvgAAUFIrrEAAAAASUVORK5CYII=\" class=\"attachment-medium size-medium lazy-img\" alt=\"\" data-src=\"http:\/\/photocopie-ajaccio.com\/photocopie\/wp-content\/uploads\/2020\/01\/A-PIAZZA-PIZZA-orange-215x300.png\" loading=\"lazy\" \/><\/a>\n\t\t\t<\/div><\/figure><figure class='gallery-item'>\n\t\t\t<div class='gallery-icon landscape'>\n\t\t\t\t<a href='http:\/\/photocopie-ajaccio.com\/photocopie\/imprimerie\/flyers\/questceque-la-sophrologie\/'><img decoding=\"async\" width=\"300\" height=\"213\" src=\"data:image\/png;base64,iVBORw0KGgoAAAANSUhEUgAAAYYAAADcAQMAAABOLJSDAAAAA1BMVEUAAACnej3aAAAAAXRSTlMAQObYZgAAACJJREFUaIHtwTEBAAAAwqD1T20ND6AAAAAAAAAAAAAA4N8AKvgAAUFIrrEAAAAASUVORK5CYII=\" class=\"attachment-medium size-medium lazy-img\" alt=\"\" data-src=\"http:\/\/photocopie-ajaccio.com\/photocopie\/wp-content\/uploads\/2020\/01\/Questceque-la-sophrologie-300x213.png\" loading=\"lazy\" \/><\/a>\n\t\t\t<\/div><\/figure><figure class='gallery-item'>\n\t\t\t<div class='gallery-icon portrait'>\n\t\t\t\t<a href='http:\/\/photocopie-ajaccio.com\/photocopie\/imprimerie\/flyers\/ajaccio-renove-pro\/'><img decoding=\"async\" width=\"213\" height=\"300\" src=\"data:image\/png;base64,iVBORw0KGgoAAAANSUhEUgAAAYYAAADcAQMAAABOLJSDAAAAA1BMVEUAAACnej3aAAAAAXRSTlMAQObYZgAAACJJREFUaIHtwTEBAAAAwqD1T20ND6AAAAAAAAAAAAAA4N8AKvgAAUFIrrEAAAAASUVORK5CYII=\" class=\"attachment-medium size-medium lazy-img\" alt=\"\" data-src=\"http:\/\/photocopie-ajaccio.com\/photocopie\/wp-content\/uploads\/2020\/01\/Ajaccio-Renove-pro-213x300.png\" loading=\"lazy\" \/><\/a>\n\t\t\t<\/div><\/figure><figure class='gallery-item'>\n\t\t\t<div class='gallery-icon landscape'>\n\t\t\t\t<a href='http:\/\/photocopie-ajaccio.com\/photocopie\/imprimerie\/flyers\/depannage-informatique-anthony\/'><img decoding=\"async\" width=\"300\" height=\"215\" src=\"data:image\/png;base64,iVBORw0KGgoAAAANSUhEUgAAAYYAAADcAQMAAABOLJSDAAAAA1BMVEUAAACnej3aAAAAAXRSTlMAQObYZgAAACJJREFUaIHtwTEBAAAAwqD1T20ND6AAAAAAAAAAAAAA4N8AKvgAAUFIrrEAAAAASUVORK5CYII=\" class=\"attachment-medium size-medium lazy-img\" alt=\"\" data-src=\"http:\/\/photocopie-ajaccio.com\/photocopie\/wp-content\/uploads\/2020\/01\/D\u00e9pannage-Informatique-Anthony-300x215.png\" loading=\"lazy\" \/><\/a>\n\t\t\t<\/div><\/figure><figure class='gallery-item'>\n\t\t\t<div class='gallery-icon portrait'>\n\t\t\t\t<a href='http:\/\/photocopie-ajaccio.com\/photocopie\/imprimerie\/flyers\/jcp-alu\/'><img decoding=\"async\" width=\"213\" height=\"300\" src=\"data:image\/png;base64,iVBORw0KGgoAAAANSUhEUgAAAYYAAADcAQMAAABOLJSDAAAAA1BMVEUAAACnej3aAAAAAXRSTlMAQObYZgAAACJJREFUaIHtwTEBAAAAwqD1T20ND6AAAAAAAAAAAAAA4N8AKvgAAUFIrrEAAAAASUVORK5CYII=\" class=\"attachment-medium size-medium lazy-img\" alt=\"\" data-src=\"http:\/\/photocopie-ajaccio.com\/photocopie\/wp-content\/uploads\/2020\/01\/JCP-alu-213x300.png\" loading=\"lazy\" \/><\/a>\n\t\t\t<\/div><\/figure><figure class='gallery-item'>\n\t\t\t<div class='gallery-icon portrait'>\n\t\t\t\t<a href='http:\/\/photocopie-ajaccio.com\/photocopie\/imprimerie\/flyers\/johana-pizza-tracts\/'><img decoding=\"async\" width=\"213\" height=\"300\" src=\"data:image\/png;base64,iVBORw0KGgoAAAANSUhEUgAAAYYAAADcAQMAAABOLJSDAAAAA1BMVEUAAACnej3aAAAAAXRSTlMAQObYZgAAACJJREFUaIHtwTEBAAAAwqD1T20ND6AAAAAAAAAAAAAA4N8AKvgAAUFIrrEAAAAASUVORK5CYII=\" class=\"attachment-medium size-medium lazy-img\" alt=\"\" data-src=\"http:\/\/photocopie-ajaccio.com\/photocopie\/wp-content\/uploads\/2020\/01\/Johana-Pizza-tracts-213x300.png\" loading=\"lazy\" \/><\/a>\n\t\t\t<\/div><\/figure><figure class='gallery-item'>\n\t\t\t<div class='gallery-icon portrait'>\n\t\t\t\t<a href='http:\/\/photocopie-ajaccio.com\/photocopie\/imprimerie\/flyers\/marylou-defourny\/'><img decoding=\"async\" width=\"214\" height=\"300\" src=\"data:image\/png;base64,iVBORw0KGgoAAAANSUhEUgAAAYYAAADcAQMAAABOLJSDAAAAA1BMVEUAAACnej3aAAAAAXRSTlMAQObYZgAAACJJREFUaIHtwTEBAAAAwqD1T20ND6AAAAAAAAAAAAAA4N8AKvgAAUFIrrEAAAAASUVORK5CYII=\" class=\"attachment-medium size-medium lazy-img\" alt=\"\" data-src=\"http:\/\/photocopie-ajaccio.com\/photocopie\/wp-content\/uploads\/2020\/01\/Marylou-Defourny-214x300.png\" loading=\"lazy\" \/><\/a>\n\t\t\t<\/div><\/figure>\n\t\t<\/div>\n\n<p>&nbsp;<\/p>\n<p><strong>*<a href=\"http:\/\/photocopie-ajaccio.com\/photocopie\/imprimerie\/service-pao\/\">Nous cr\u00e9ons votre identit\u00e9 visuelle.<\/a><br \/>\n<\/strong>Nos graphistes s\u2019occupent de tout : conception de votre logo, mise en page , d\u00e9clinaison sur d\u2019autres supports de communication\u2026<\/p>\n<p>&nbsp;<\/p>\n","protected":false},"excerpt":{"rendered":"<p>Confiez nous la r\u00e9alisation et l\u2019impression de vos flyers. Nous mettons en valeur vos cr\u00e9ations de flyers,avec un rendu pro et une qualit\u00e9 d\u2019impression de haute d\u00e9finition. Mixez la cr\u00e9ation graphique \u00e0 un travail sur la mati\u00e8re : couleurs, textures, effets de brillance. Quelques r\u00e9alisations : &nbsp; *Nous cr\u00e9ons votre identit\u00e9 visuelle. Nos graphistes s\u2019occupent &hellip;<\/p>\n","protected":false},"author":1,"featured_media":0,"parent":28,"menu_order":0,"comment_status":"closed","ping_status":"closed","template":"","meta":{"footnotes":""},"class_list":["post-36","page","type-page","status-publish","hentry"],"yoast_head":"<!-- This site is optimized with the Yoast SEO plugin v18.8 - https:\/\/yoast.com\/wordpress\/plugins\/seo\/ -->\n<title>Impressions de vos Flyers<\/title>\n<meta name=\"description\" content=\"Impressions de vos Flyers : Copy flash system r\u00e9alise et imprime vos flyers. Nombreux formats, grammages de papiers disponible.\" \/>\n<meta name=\"robots\" content=\"index, follow, max-snippet:-1, max-image-preview:large, max-video-preview:-1\" \/>\n<link rel=\"canonical\" href=\"http:\/\/photocopie-ajaccio.com\/photocopie\/imprimerie\/flyers\/\" \/>\n<meta property=\"og:locale\" content=\"fr_FR\" \/>\n<meta property=\"og:type\" content=\"article\" \/>\n<meta property=\"og:title\" content=\"Impressions de vos Flyers\" \/>\n<meta property=\"og:description\" content=\"Impressions de vos Flyers : Copy flash system r\u00e9alise et imprime vos flyers. Nombreux formats, grammages de papiers disponible.\" \/>\n<meta property=\"og:url\" content=\"http:\/\/photocopie-ajaccio.com\/photocopie\/imprimerie\/flyers\/\" \/>\n<meta property=\"og:site_name\" content=\"Copy Flash System\" \/>\n<meta property=\"article:publisher\" content=\"https:\/\/www.facebook.com\/cfs.mezzavia\" \/>\n<meta property=\"article:modified_time\" content=\"2020-01-24T07:52:14+00:00\" \/>\n<meta property=\"og:image\" content=\"\" \/>\n<script type=\"application\/ld+json\" class=\"yoast-schema-graph\">{\"@context\":\"https:\/\/schema.org\",\"@graph\":[{\"@type\":\"WebSite\",\"@id\":\"http:\/\/photocopie-ajaccio.com\/photocopie\/#website\",\"url\":\"http:\/\/photocopie-ajaccio.com\/photocopie\/\",\"name\":\"Copy Flash System\",\"description\":\"Photocopies &amp; Impressions sur ajaccio\",\"potentialAction\":[{\"@type\":\"SearchAction\",\"target\":{\"@type\":\"EntryPoint\",\"urlTemplate\":\"http:\/\/photocopie-ajaccio.com\/photocopie\/?s={search_term_string}\"},\"query-input\":\"required name=search_term_string\"}],\"inLanguage\":\"fr-FR\"},{\"@type\":\"WebPage\",\"@id\":\"http:\/\/photocopie-ajaccio.com\/photocopie\/imprimerie\/flyers\/#webpage\",\"url\":\"http:\/\/photocopie-ajaccio.com\/photocopie\/imprimerie\/flyers\/\",\"name\":\"Impressions de vos Flyers\",\"isPartOf\":{\"@id\":\"http:\/\/photocopie-ajaccio.com\/photocopie\/#website\"},\"datePublished\":\"2013-10-31T09:23:50+00:00\",\"dateModified\":\"2020-01-24T07:52:14+00:00\",\"description\":\"Impressions de vos Flyers : Copy flash system r\u00e9alise et imprime vos flyers. Nombreux formats, grammages de papiers disponible.\",\"breadcrumb\":{\"@id\":\"http:\/\/photocopie-ajaccio.com\/photocopie\/imprimerie\/flyers\/#breadcrumb\"},\"inLanguage\":\"fr-FR\",\"potentialAction\":[{\"@type\":\"ReadAction\",\"target\":[\"http:\/\/photocopie-ajaccio.com\/photocopie\/imprimerie\/flyers\/\"]}]},{\"@type\":\"BreadcrumbList\",\"@id\":\"http:\/\/photocopie-ajaccio.com\/photocopie\/imprimerie\/flyers\/#breadcrumb\",\"itemListElement\":[{\"@type\":\"ListItem\",\"position\":1,\"name\":\"Accueil\",\"item\":\"http:\/\/photocopie-ajaccio.com\/photocopie\/\"},{\"@type\":\"ListItem\",\"position\":2,\"name\":\"Imprimerie\",\"item\":\"http:\/\/photocopie-ajaccio.com\/photocopie\/imprimerie\/\"},{\"@type\":\"ListItem\",\"position\":3,\"name\":\"Flyers\"}]}]}<\/script>\n<!-- \/ Yoast SEO plugin. -->","yoast_head_json":{"title":"Impressions de vos Flyers","description":"Impressions de vos Flyers : Copy flash system r\u00e9alise et imprime vos flyers. Nombreux formats, grammages de papiers disponible.","robots":{"index":"index","follow":"follow","max-snippet":"max-snippet:-1","max-image-preview":"max-image-preview:large","max-video-preview":"max-video-preview:-1"},"canonical":"http:\/\/photocopie-ajaccio.com\/photocopie\/imprimerie\/flyers\/","og_locale":"fr_FR","og_type":"article","og_title":"Impressions de vos Flyers","og_description":"Impressions de vos Flyers : Copy flash system r\u00e9alise et imprime vos flyers. Nombreux formats, grammages de papiers disponible.","og_url":"http:\/\/photocopie-ajaccio.com\/photocopie\/imprimerie\/flyers\/","og_site_name":"Copy Flash System","article_publisher":"https:\/\/www.facebook.com\/cfs.mezzavia","article_modified_time":"2020-01-24T07:52:14+00:00","og_image":[{"url":"data:image\/png;base64,iVBORw0KGgoAAAANSUhEUgAAAYYAAADcAQMAAABOLJSDAAAAA1BMVEUAAACnej3aAAAAAXRSTlMAQObYZgAAACJJREFUaIHtwTEBAAAAwqD1T20ND6AAAAAAAAAAAAAA4N8AKvgAAUFIrrEAAAAASUVORK5CYII="}],"schema":{"@context":"https:\/\/schema.org","@graph":[{"@type":"WebSite","@id":"http:\/\/photocopie-ajaccio.com\/photocopie\/#website","url":"http:\/\/photocopie-ajaccio.com\/photocopie\/","name":"Copy Flash System","description":"Photocopies &amp; Impressions sur ajaccio","potentialAction":[{"@type":"SearchAction","target":{"@type":"EntryPoint","urlTemplate":"http:\/\/photocopie-ajaccio.com\/photocopie\/?s={search_term_string}"},"query-input":"required name=search_term_string"}],"inLanguage":"fr-FR"},{"@type":"WebPage","@id":"http:\/\/photocopie-ajaccio.com\/photocopie\/imprimerie\/flyers\/#webpage","url":"http:\/\/photocopie-ajaccio.com\/photocopie\/imprimerie\/flyers\/","name":"Impressions de vos Flyers","isPartOf":{"@id":"http:\/\/photocopie-ajaccio.com\/photocopie\/#website"},"datePublished":"2013-10-31T09:23:50+00:00","dateModified":"2020-01-24T07:52:14+00:00","description":"Impressions de vos Flyers : Copy flash system r\u00e9alise et imprime vos flyers. Nombreux formats, grammages de papiers disponible.","breadcrumb":{"@id":"http:\/\/photocopie-ajaccio.com\/photocopie\/imprimerie\/flyers\/#breadcrumb"},"inLanguage":"fr-FR","potentialAction":[{"@type":"ReadAction","target":["http:\/\/photocopie-ajaccio.com\/photocopie\/imprimerie\/flyers\/"]}]},{"@type":"BreadcrumbList","@id":"http:\/\/photocopie-ajaccio.com\/photocopie\/imprimerie\/flyers\/#breadcrumb","itemListElement":[{"@type":"ListItem","position":1,"name":"Accueil","item":"http:\/\/photocopie-ajaccio.com\/photocopie\/"},{"@type":"ListItem","position":2,"name":"Imprimerie","item":"http:\/\/photocopie-ajaccio.com\/photocopie\/imprimerie\/"},{"@type":"ListItem","position":3,"name":"Flyers"}]}]}},"_links":{"self":[{"href":"http:\/\/photocopie-ajaccio.com\/photocopie\/wp-json\/wp\/v2\/pages\/36","targetHints":{"allow":["GET"]}}],"collection":[{"href":"http:\/\/photocopie-ajaccio.com\/photocopie\/wp-json\/wp\/v2\/pages"}],"about":[{"href":"http:\/\/photocopie-ajaccio.com\/photocopie\/wp-json\/wp\/v2\/types\/page"}],"author":[{"embeddable":true,"href":"http:\/\/photocopie-ajaccio.com\/photocopie\/wp-json\/wp\/v2\/users\/1"}],"replies":[{"embeddable":true,"href":"http:\/\/photocopie-ajaccio.com\/photocopie\/wp-json\/wp\/v2\/comments?post=36"}],"version-history":[{"count":15,"href":"http:\/\/photocopie-ajaccio.com\/photocopie\/wp-json\/wp\/v2\/pages\/36\/revisions"}],"predecessor-version":[{"id":1578,"href":"http:\/\/photocopie-ajaccio.com\/photocopie\/wp-json\/wp\/v2\/pages\/36\/revisions\/1578"}],"up":[{"embeddable":true,"href":"http:\/\/photocopie-ajaccio.com\/photocopie\/wp-json\/wp\/v2\/pages\/28"}],"wp:attachment":[{"href":"http:\/\/photocopie-ajaccio.com\/photocopie\/wp-json\/wp\/v2\/media?parent=36"}],"curies":[{"name":"wp","href":"https:\/\/api.w.org\/{rel}","templated":true}]}}