{"id":40,"date":"2013-10-31T10:24:50","date_gmt":"2013-10-31T09:24:50","guid":{"rendered":"http:\/\/photocopie-ajaccio.com\/photocopie\/?page_id=40"},"modified":"2015-04-01T09:40:26","modified_gmt":"2015-04-01T08:40:26","slug":"nos-realisations","status":"publish","type":"page","link":"http:\/\/photocopie-ajaccio.com\/photocopie\/imprimerie\/nos-realisations\/","title":{"rendered":"Nos r\u00e9alisations"},"content":{"rendered":"<h1 style=\"text-align: center;\">Nos r\u00e9alisations<\/h1>\n<p><span style=\"font-size: 14pt;\">Retrouver quelques unes de nos r\u00e9alisations :<\/span><\/p>\n<p>&nbsp;<\/p>\n<p>&nbsp;<\/p>\n<h2>Cartes de visite<\/h2>\n<p><img decoding=\"async\" class=\"ngg_displayed_gallery mceItem\" src=\"http:\/\/photocopie-ajaccio.com\/photocopie\/nextgen-attach_to_post\/preview\/id--746\" alt=\"\" data-mce-placeholder=\"1\" \/><\/p>\n<h2>Affiches<\/h2>\n<p><img decoding=\"async\" class=\"ngg_displayed_gallery mceItem\" src=\"http:\/\/photocopie-ajaccio.com\/photocopie\/nextgen-attach_to_post\/preview\/id--750\" alt=\"\" data-mce-placeholder=\"1\" \/><\/p>\n<h2>Menus<\/h2>\n<p><img decoding=\"async\" class=\"ngg_displayed_gallery mceItem\" src=\"http:\/\/photocopie-ajaccio.com\/photocopie\/nextgen-attach_to_post\/preview\/id--856\" alt=\"\" data-mce-placeholder=\"1\" \/><\/p>\n<p>&nbsp;<\/p>\n<h2>Flyers<\/h2>\n<p><img decoding=\"async\" class=\"ngg_displayed_gallery mceItem\" src=\"http:\/\/photocopie-ajaccio.com\/photocopie\/nextgen-attach_to_post\/preview\/id--860\" alt=\"\" data-mce-placeholder=\"1\" \/><\/p>\n<h2>Cartes de V\u0153ux<\/h2>\n<p><img decoding=\"async\" class=\"ngg_displayed_gallery mceItem\" src=\"http:\/\/photocopie-ajaccio.com\/photocopie\/nextgen-attach_to_post\/preview\/id--744\" alt=\"\" data-mce-placeholder=\"1\" \/><\/p>\n<h2>\u00c9tiquettes<\/h2>\n<p><img decoding=\"async\" class=\"ngg_displayed_gallery mceItem\" src=\"http:\/\/photocopie-ajaccio.com\/photocopie\/nextgen-attach_to_post\/preview\/id--748\" alt=\"\" data-mce-placeholder=\"1\" \/><\/p>\n<h2><\/h2>\n","protected":false},"excerpt":{"rendered":"<p>Nos r\u00e9alisations Retrouver quelques unes de nos r\u00e9alisations : &nbsp; &nbsp; Cartes de visite Affiches Menus &nbsp; Flyers Cartes de V\u0153ux \u00c9tiquettes<\/p>\n","protected":false},"author":1,"featured_media":0,"parent":28,"menu_order":0,"comment_status":"open","ping_status":"open","template":"","meta":{"footnotes":""},"class_list":["post-40","page","type-page","status-publish","hentry"],"yoast_head":"<!-- This site is optimized with the Yoast SEO plugin v18.8 - https:\/\/yoast.com\/wordpress\/plugins\/seo\/ -->\n<title>Nos r\u00e9alisations<\/title>\n<meta name=\"description\" content=\"Nos r\u00e9alisations : Retrouver quelques unes de nos r\u00e9alisations\" \/>\n<meta name=\"robots\" content=\"index, follow, max-snippet:-1, max-image-preview:large, max-video-preview:-1\" \/>\n<link rel=\"canonical\" href=\"https:\/\/photocopie-ajaccio.com\/photocopie\/imprimerie\/nos-realisations\/\" \/>\n<meta property=\"og:locale\" content=\"fr_FR\" \/>\n<meta property=\"og:type\" content=\"article\" \/>\n<meta property=\"og:title\" content=\"Nos r\u00e9alisations\" \/>\n<meta property=\"og:description\" content=\"Nos r\u00e9alisations : Retrouver quelques unes de nos r\u00e9alisations\" \/>\n<meta property=\"og:url\" content=\"https:\/\/photocopie-ajaccio.com\/photocopie\/imprimerie\/nos-realisations\/\" \/>\n<meta property=\"og:site_name\" content=\"Copy Flash System\" \/>\n<meta property=\"article:publisher\" content=\"https:\/\/www.facebook.com\/cfs.mezzavia\" \/>\n<meta property=\"article:modified_time\" content=\"2015-04-01T08:40:26+00:00\" \/>\n<meta property=\"og:image\" content=\"http:\/\/photocopie-ajaccio.com\/photocopie\/nextgen-attach_to_post\/preview\/id--746\" \/>\n<script type=\"application\/ld+json\" class=\"yoast-schema-graph\">{\"@context\":\"https:\/\/schema.org\",\"@graph\":[{\"@type\":\"WebSite\",\"@id\":\"https:\/\/photocopie-ajaccio.com\/photocopie\/#website\",\"url\":\"https:\/\/photocopie-ajaccio.com\/photocopie\/\",\"name\":\"Copy Flash System\",\"description\":\"Photocopies &amp; Impressions sur ajaccio\",\"potentialAction\":[{\"@type\":\"SearchAction\",\"target\":{\"@type\":\"EntryPoint\",\"urlTemplate\":\"https:\/\/photocopie-ajaccio.com\/photocopie\/?s={search_term_string}\"},\"query-input\":\"required name=search_term_string\"}],\"inLanguage\":\"fr-FR\"},{\"@type\":\"ImageObject\",\"inLanguage\":\"fr-FR\",\"@id\":\"https:\/\/photocopie-ajaccio.com\/photocopie\/imprimerie\/nos-realisations\/#primaryimage\",\"url\":\"http:\/\/photocopie-ajaccio.com\/photocopie\/nextgen-attach_to_post\/preview\/id--746\",\"contentUrl\":\"http:\/\/photocopie-ajaccio.com\/photocopie\/nextgen-attach_to_post\/preview\/id--746\"},{\"@type\":\"WebPage\",\"@id\":\"https:\/\/photocopie-ajaccio.com\/photocopie\/imprimerie\/nos-realisations\/#webpage\",\"url\":\"https:\/\/photocopie-ajaccio.com\/photocopie\/imprimerie\/nos-realisations\/\",\"name\":\"Nos r\u00e9alisations\",\"isPartOf\":{\"@id\":\"https:\/\/photocopie-ajaccio.com\/photocopie\/#website\"},\"primaryImageOfPage\":{\"@id\":\"https:\/\/photocopie-ajaccio.com\/photocopie\/imprimerie\/nos-realisations\/#primaryimage\"},\"datePublished\":\"2013-10-31T09:24:50+00:00\",\"dateModified\":\"2015-04-01T08:40:26+00:00\",\"description\":\"Nos r\u00e9alisations : Retrouver quelques unes de nos r\u00e9alisations\",\"breadcrumb\":{\"@id\":\"https:\/\/photocopie-ajaccio.com\/photocopie\/imprimerie\/nos-realisations\/#breadcrumb\"},\"inLanguage\":\"fr-FR\",\"potentialAction\":[{\"@type\":\"ReadAction\",\"target\":[\"https:\/\/photocopie-ajaccio.com\/photocopie\/imprimerie\/nos-realisations\/\"]}]},{\"@type\":\"BreadcrumbList\",\"@id\":\"https:\/\/photocopie-ajaccio.com\/photocopie\/imprimerie\/nos-realisations\/#breadcrumb\",\"itemListElement\":[{\"@type\":\"ListItem\",\"position\":1,\"name\":\"Accueil\",\"item\":\"https:\/\/photocopie-ajaccio.com\/photocopie\/\"},{\"@type\":\"ListItem\",\"position\":2,\"name\":\"Imprimerie\",\"item\":\"http:\/\/photocopie-ajaccio.com\/photocopie\/imprimerie\/\"},{\"@type\":\"ListItem\",\"position\":3,\"name\":\"Nos r\u00e9alisations\"}]}]}<\/script>\n<!-- \/ Yoast SEO plugin. -->","yoast_head_json":{"title":"Nos r\u00e9alisations","description":"Nos r\u00e9alisations : Retrouver quelques unes de nos r\u00e9alisations","robots":{"index":"index","follow":"follow","max-snippet":"max-snippet:-1","max-image-preview":"max-image-preview:large","max-video-preview":"max-video-preview:-1"},"canonical":"https:\/\/photocopie-ajaccio.com\/photocopie\/imprimerie\/nos-realisations\/","og_locale":"fr_FR","og_type":"article","og_title":"Nos r\u00e9alisations","og_description":"Nos r\u00e9alisations : Retrouver quelques unes de nos r\u00e9alisations","og_url":"https:\/\/photocopie-ajaccio.com\/photocopie\/imprimerie\/nos-realisations\/","og_site_name":"Copy Flash System","article_publisher":"https:\/\/www.facebook.com\/cfs.mezzavia","article_modified_time":"2015-04-01T08:40:26+00:00","og_image":[{"url":"http:\/\/photocopie-ajaccio.com\/photocopie\/nextgen-attach_to_post\/preview\/id--746"}],"schema":{"@context":"https:\/\/schema.org","@graph":[{"@type":"WebSite","@id":"https:\/\/photocopie-ajaccio.com\/photocopie\/#website","url":"https:\/\/photocopie-ajaccio.com\/photocopie\/","name":"Copy Flash System","description":"Photocopies &amp; Impressions sur ajaccio","potentialAction":[{"@type":"SearchAction","target":{"@type":"EntryPoint","urlTemplate":"https:\/\/photocopie-ajaccio.com\/photocopie\/?s={search_term_string}"},"query-input":"required name=search_term_string"}],"inLanguage":"fr-FR"},{"@type":"ImageObject","inLanguage":"fr-FR","@id":"https:\/\/photocopie-ajaccio.com\/photocopie\/imprimerie\/nos-realisations\/#primaryimage","url":"http:\/\/photocopie-ajaccio.com\/photocopie\/nextgen-attach_to_post\/preview\/id--746","contentUrl":"http:\/\/photocopie-ajaccio.com\/photocopie\/nextgen-attach_to_post\/preview\/id--746"},{"@type":"WebPage","@id":"https:\/\/photocopie-ajaccio.com\/photocopie\/imprimerie\/nos-realisations\/#webpage","url":"https:\/\/photocopie-ajaccio.com\/photocopie\/imprimerie\/nos-realisations\/","name":"Nos r\u00e9alisations","isPartOf":{"@id":"https:\/\/photocopie-ajaccio.com\/photocopie\/#website"},"primaryImageOfPage":{"@id":"https:\/\/photocopie-ajaccio.com\/photocopie\/imprimerie\/nos-realisations\/#primaryimage"},"datePublished":"2013-10-31T09:24:50+00:00","dateModified":"2015-04-01T08:40:26+00:00","description":"Nos r\u00e9alisations : Retrouver quelques unes de nos r\u00e9alisations","breadcrumb":{"@id":"https:\/\/photocopie-ajaccio.com\/photocopie\/imprimerie\/nos-realisations\/#breadcrumb"},"inLanguage":"fr-FR","potentialAction":[{"@type":"ReadAction","target":["https:\/\/photocopie-ajaccio.com\/photocopie\/imprimerie\/nos-realisations\/"]}]},{"@type":"BreadcrumbList","@id":"https:\/\/photocopie-ajaccio.com\/photocopie\/imprimerie\/nos-realisations\/#breadcrumb","itemListElement":[{"@type":"ListItem","position":1,"name":"Accueil","item":"https:\/\/photocopie-ajaccio.com\/photocopie\/"},{"@type":"ListItem","position":2,"name":"Imprimerie","item":"http:\/\/photocopie-ajaccio.com\/photocopie\/imprimerie\/"},{"@type":"ListItem","position":3,"name":"Nos r\u00e9alisations"}]}]}},"_links":{"self":[{"href":"http:\/\/photocopie-ajaccio.com\/photocopie\/wp-json\/wp\/v2\/pages\/40","targetHints":{"allow":["GET"]}}],"collection":[{"href":"http:\/\/photocopie-ajaccio.com\/photocopie\/wp-json\/wp\/v2\/pages"}],"about":[{"href":"http:\/\/photocopie-ajaccio.com\/photocopie\/wp-json\/wp\/v2\/types\/page"}],"author":[{"embeddable":true,"href":"http:\/\/photocopie-ajaccio.com\/photocopie\/wp-json\/wp\/v2\/users\/1"}],"replies":[{"embeddable":true,"href":"http:\/\/photocopie-ajaccio.com\/photocopie\/wp-json\/wp\/v2\/comments?post=40"}],"version-history":[{"count":0,"href":"http:\/\/photocopie-ajaccio.com\/photocopie\/wp-json\/wp\/v2\/pages\/40\/revisions"}],"up":[{"embeddable":true,"href":"http:\/\/photocopie-ajaccio.com\/photocopie\/wp-json\/wp\/v2\/pages\/28"}],"wp:attachment":[{"href":"http:\/\/photocopie-ajaccio.com\/photocopie\/wp-json\/wp\/v2\/media?parent=40"}],"curies":[{"name":"wp","href":"https:\/\/api.w.org\/{rel}","templated":true}]}}