{"id":42,"date":"2013-10-31T10:25:18","date_gmt":"2013-10-31T09:25:18","guid":{"rendered":"http:\/\/photocopie-ajaccio.com\/photocopie\/?page_id=42"},"modified":"2015-03-31T16:06:20","modified_gmt":"2015-03-31T15:06:20","slug":"faire-part","status":"publish","type":"page","link":"http:\/\/photocopie-ajaccio.com\/photocopie\/imprimerie\/faire-part\/","title":{"rendered":"Faire part"},"content":{"rendered":"<h1 style=\"text-align: center;\">Faire part<\/h1>\n<p>Copy Flash System\u00a0est sp\u00e9cialis\u00e9e dans la cr\u00e9ation, l&rsquo;\u00e9dition et la vente \u00a0de cartes de v\u0153ux, de faire-part de mariage et naissance, condol\u00e9ance.<\/p>\n<p>Cr\u00e9ation personnalis\u00e9s de votre faire part.<\/p>\n","protected":false},"excerpt":{"rendered":"<p>Faire part Copy Flash System\u00a0est sp\u00e9cialis\u00e9e dans la cr\u00e9ation, l&rsquo;\u00e9dition et la vente \u00a0de cartes de v\u0153ux, de faire-part de mariage et naissance, condol\u00e9ance. Cr\u00e9ation personnalis\u00e9s de votre faire part.<\/p>\n","protected":false},"author":1,"featured_media":0,"parent":28,"menu_order":0,"comment_status":"open","ping_status":"open","template":"","meta":{"footnotes":""},"class_list":["post-42","page","type-page","status-publish","hentry"],"yoast_head":"<!-- This site is optimized with the Yoast SEO plugin v18.8 - https:\/\/yoast.com\/wordpress\/plugins\/seo\/ -->\n<title>Faire part - Copy Flash System<\/title>\n<meta name=\"robots\" content=\"index, follow, max-snippet:-1, max-image-preview:large, max-video-preview:-1\" \/>\n<link rel=\"canonical\" href=\"http:\/\/photocopie-ajaccio.com\/photocopie\/imprimerie\/faire-part\/\" \/>\n<meta property=\"og:locale\" content=\"fr_FR\" \/>\n<meta property=\"og:type\" content=\"article\" \/>\n<meta property=\"og:title\" content=\"Faire part - Copy Flash System\" \/>\n<meta property=\"og:description\" content=\"Faire part Copy Flash System\u00a0est sp\u00e9cialis\u00e9e dans la cr\u00e9ation, l&rsquo;\u00e9dition et la vente \u00a0de cartes de v\u0153ux, de faire-part de mariage et naissance, condol\u00e9ance. Cr\u00e9ation personnalis\u00e9s de votre faire part.\" \/>\n<meta property=\"og:url\" content=\"http:\/\/photocopie-ajaccio.com\/photocopie\/imprimerie\/faire-part\/\" \/>\n<meta property=\"og:site_name\" content=\"Copy Flash System\" \/>\n<meta property=\"article:publisher\" content=\"https:\/\/www.facebook.com\/cfs.mezzavia\" \/>\n<meta property=\"article:modified_time\" content=\"2015-03-31T15:06:20+00:00\" \/>\n<script type=\"application\/ld+json\" class=\"yoast-schema-graph\">{\"@context\":\"https:\/\/schema.org\",\"@graph\":[{\"@type\":\"WebSite\",\"@id\":\"https:\/\/photocopie-ajaccio.com\/photocopie\/#website\",\"url\":\"https:\/\/photocopie-ajaccio.com\/photocopie\/\",\"name\":\"Copy Flash System\",\"description\":\"Photocopies &amp; Impressions sur ajaccio\",\"potentialAction\":[{\"@type\":\"SearchAction\",\"target\":{\"@type\":\"EntryPoint\",\"urlTemplate\":\"https:\/\/photocopie-ajaccio.com\/photocopie\/?s={search_term_string}\"},\"query-input\":\"required name=search_term_string\"}],\"inLanguage\":\"fr-FR\"},{\"@type\":\"WebPage\",\"@id\":\"http:\/\/photocopie-ajaccio.com\/photocopie\/imprimerie\/faire-part\/#webpage\",\"url\":\"http:\/\/photocopie-ajaccio.com\/photocopie\/imprimerie\/faire-part\/\",\"name\":\"Faire part - Copy Flash System\",\"isPartOf\":{\"@id\":\"https:\/\/photocopie-ajaccio.com\/photocopie\/#website\"},\"datePublished\":\"2013-10-31T09:25:18+00:00\",\"dateModified\":\"2015-03-31T15:06:20+00:00\",\"breadcrumb\":{\"@id\":\"http:\/\/photocopie-ajaccio.com\/photocopie\/imprimerie\/faire-part\/#breadcrumb\"},\"inLanguage\":\"fr-FR\",\"potentialAction\":[{\"@type\":\"ReadAction\",\"target\":[\"http:\/\/photocopie-ajaccio.com\/photocopie\/imprimerie\/faire-part\/\"]}]},{\"@type\":\"BreadcrumbList\",\"@id\":\"http:\/\/photocopie-ajaccio.com\/photocopie\/imprimerie\/faire-part\/#breadcrumb\",\"itemListElement\":[{\"@type\":\"ListItem\",\"position\":1,\"name\":\"Accueil\",\"item\":\"https:\/\/photocopie-ajaccio.com\/photocopie\/\"},{\"@type\":\"ListItem\",\"position\":2,\"name\":\"Imprimerie\",\"item\":\"http:\/\/photocopie-ajaccio.com\/photocopie\/imprimerie\/\"},{\"@type\":\"ListItem\",\"position\":3,\"name\":\"Faire part\"}]}]}<\/script>\n<!-- \/ Yoast SEO plugin. -->","yoast_head_json":{"title":"Faire part - Copy Flash System","robots":{"index":"index","follow":"follow","max-snippet":"max-snippet:-1","max-image-preview":"max-image-preview:large","max-video-preview":"max-video-preview:-1"},"canonical":"http:\/\/photocopie-ajaccio.com\/photocopie\/imprimerie\/faire-part\/","og_locale":"fr_FR","og_type":"article","og_title":"Faire part - Copy Flash System","og_description":"Faire part Copy Flash System\u00a0est sp\u00e9cialis\u00e9e dans la cr\u00e9ation, l&rsquo;\u00e9dition et la vente \u00a0de cartes de v\u0153ux, de faire-part de mariage et naissance, condol\u00e9ance. Cr\u00e9ation personnalis\u00e9s de votre faire part.","og_url":"http:\/\/photocopie-ajaccio.com\/photocopie\/imprimerie\/faire-part\/","og_site_name":"Copy Flash System","article_publisher":"https:\/\/www.facebook.com\/cfs.mezzavia","article_modified_time":"2015-03-31T15:06:20+00:00","schema":{"@context":"https:\/\/schema.org","@graph":[{"@type":"WebSite","@id":"https:\/\/photocopie-ajaccio.com\/photocopie\/#website","url":"https:\/\/photocopie-ajaccio.com\/photocopie\/","name":"Copy Flash System","description":"Photocopies &amp; Impressions sur ajaccio","potentialAction":[{"@type":"SearchAction","target":{"@type":"EntryPoint","urlTemplate":"https:\/\/photocopie-ajaccio.com\/photocopie\/?s={search_term_string}"},"query-input":"required name=search_term_string"}],"inLanguage":"fr-FR"},{"@type":"WebPage","@id":"http:\/\/photocopie-ajaccio.com\/photocopie\/imprimerie\/faire-part\/#webpage","url":"http:\/\/photocopie-ajaccio.com\/photocopie\/imprimerie\/faire-part\/","name":"Faire part - Copy Flash System","isPartOf":{"@id":"https:\/\/photocopie-ajaccio.com\/photocopie\/#website"},"datePublished":"2013-10-31T09:25:18+00:00","dateModified":"2015-03-31T15:06:20+00:00","breadcrumb":{"@id":"http:\/\/photocopie-ajaccio.com\/photocopie\/imprimerie\/faire-part\/#breadcrumb"},"inLanguage":"fr-FR","potentialAction":[{"@type":"ReadAction","target":["http:\/\/photocopie-ajaccio.com\/photocopie\/imprimerie\/faire-part\/"]}]},{"@type":"BreadcrumbList","@id":"http:\/\/photocopie-ajaccio.com\/photocopie\/imprimerie\/faire-part\/#breadcrumb","itemListElement":[{"@type":"ListItem","position":1,"name":"Accueil","item":"https:\/\/photocopie-ajaccio.com\/photocopie\/"},{"@type":"ListItem","position":2,"name":"Imprimerie","item":"http:\/\/photocopie-ajaccio.com\/photocopie\/imprimerie\/"},{"@type":"ListItem","position":3,"name":"Faire part"}]}]}},"_links":{"self":[{"href":"http:\/\/photocopie-ajaccio.com\/photocopie\/wp-json\/wp\/v2\/pages\/42","targetHints":{"allow":["GET"]}}],"collection":[{"href":"http:\/\/photocopie-ajaccio.com\/photocopie\/wp-json\/wp\/v2\/pages"}],"about":[{"href":"http:\/\/photocopie-ajaccio.com\/photocopie\/wp-json\/wp\/v2\/types\/page"}],"author":[{"embeddable":true,"href":"http:\/\/photocopie-ajaccio.com\/photocopie\/wp-json\/wp\/v2\/users\/1"}],"replies":[{"embeddable":true,"href":"http:\/\/photocopie-ajaccio.com\/photocopie\/wp-json\/wp\/v2\/comments?post=42"}],"version-history":[{"count":0,"href":"http:\/\/photocopie-ajaccio.com\/photocopie\/wp-json\/wp\/v2\/pages\/42\/revisions"}],"up":[{"embeddable":true,"href":"http:\/\/photocopie-ajaccio.com\/photocopie\/wp-json\/wp\/v2\/pages\/28"}],"wp:attachment":[{"href":"http:\/\/photocopie-ajaccio.com\/photocopie\/wp-json\/wp\/v2\/media?parent=42"}],"curies":[{"name":"wp","href":"https:\/\/api.w.org\/{rel}","templated":true}]}}