{"id":44,"date":"2013-10-31T10:39:40","date_gmt":"2013-10-31T09:39:40","guid":{"rendered":"http:\/\/photocopie-ajaccio.com\/photocopie\/?page_id=44"},"modified":"2020-03-12T17:10:05","modified_gmt":"2020-03-12T16:10:05","slug":"enseigne-publicitaire","status":"publish","type":"page","link":"http:\/\/photocopie-ajaccio.com\/photocopie\/enseigne-publicitaire\/","title":{"rendered":"Enseigne publicitaire"},"content":{"rendered":"<h2>Vous souhaitez faire la signal\u00e9tique ext\u00e9rieure ou int\u00e9rieure de votre magasin, votre restaurant ou votre commerce ?<\/h2>\n<p style=\"text-align: left;\"><span style=\"font-size: 14pt;\">Copy Flash system &nbsp;offre une large gamme de produits pour vos enseignes publicitaire.&nbsp;Nous pouvons donc vous proposer&nbsp;des cr\u00e9ations graphiques originales et en coh\u00e9rence avec votre image de marque.<\/span><\/p>\n<ul>\n<li style=\"text-align: left;\"><span style=\"font-size: 18pt;\"><a href=\"http:\/\/photocopie-ajaccio.com\/photocopie\/bache-publicitaire\/\" target=\"_blank\" rel=\"noopener noreferrer\">Impression sur b\u00e2che, pvc&#8230;<\/a><\/span><\/li>\n<li><span style=\"font-size: 18pt;\"><a href=\"http:\/\/photocopie-ajaccio.com\/photocopie\/marquage-publicitaire-pour-vehicules\/\" target=\"_blank\" rel=\"noopener noreferrer\">Marquage de v\u00e9hicule<\/a><\/span><\/li>\n<li style=\"text-align: left;\"><a href=\"http:\/\/photocopie-ajaccio.com\/photocopie\/impressions-et-photocopies\/impression-grand-format\/\"><span style=\"font-size: 18pt;\">Affiche-Poster \u00e0 l&rsquo;unit\u00e9<\/span><\/a><\/li>\n<li style=\"text-align: left;\"><span style=\"font-size: 18pt;\">Adh\u00e9sif vinyl<\/span><\/li>\n<li style=\"text-align: left;\"><span style=\"font-size: 18pt;\">Akylux &#8211; Panneaux de chantier<\/span><\/li>\n<li style=\"text-align: left;\"><span style=\"font-size: 18pt;\">Panneaux PVC<\/span><\/li>\n<li style=\"text-align: left;\"><span style=\"font-size: 18pt;\">Panneaux Aluminium -dibond<\/span><\/li>\n<li style=\"text-align: left;\"><span style=\"font-size: 18pt;\">Cartons Plume<\/span><\/li>\n<li style=\"text-align: left;\"><a href=\"http:\/\/photocopie-ajaccio.com\/photocopie\/drapeau-publicitaire\/\"><span style=\"font-size: 18pt;\">Drapeaux<\/span><\/a><\/li>\n<li><span style=\"font-size: 18pt;\"><a href=\"http:\/\/photocopie-ajaccio.com\/photocopie\/stop-trottoir\/\">Stop Trottoir<\/a><\/span><\/li>\n<\/ul>\n<p style=\"text-align: center;\">&nbsp;<\/p>\n<div id='gallery-1' class='gallery galleryid-44 gallery-columns-3 gallery-size-large'><figure class='gallery-item'>\n\t\t\t<div class='gallery-icon landscape'>\n\t\t\t\t<img decoding=\"async\" width=\"1024\" height=\"658\" src=\"data:image\/png;base64,iVBORw0KGgoAAAANSUhEUgAAAYYAAADcAQMAAABOLJSDAAAAA1BMVEUAAACnej3aAAAAAXRSTlMAQObYZgAAACJJREFUaIHtwTEBAAAAwqD1T20ND6AAAAAAAAAAAAAA4N8AKvgAAUFIrrEAAAAASUVORK5CYII=\" class=\"attachment-large size-large lazy-img\" alt=\"\" data-src=\"http:\/\/photocopie-ajaccio.com\/photocopie\/wp-content\/uploads\/2020\/03\/Marquage-v\u00e9hicule-sans-texte-1-1024x658.jpg\" loading=\"lazy\" \/>\n\t\t\t<\/div><\/figure><figure class='gallery-item'>\n\t\t\t<div class='gallery-icon landscape'>\n\t\t\t\t<img decoding=\"async\" width=\"1024\" height=\"683\" src=\"data:image\/png;base64,iVBORw0KGgoAAAANSUhEUgAAAYYAAADcAQMAAABOLJSDAAAAA1BMVEUAAACnej3aAAAAAXRSTlMAQObYZgAAACJJREFUaIHtwTEBAAAAwqD1T20ND6AAAAAAAAAAAAAA4N8AKvgAAUFIrrEAAAAASUVORK5CYII=\" class=\"attachment-large size-large lazy-img\" alt=\"\" data-src=\"http:\/\/photocopie-ajaccio.com\/photocopie\/wp-content\/uploads\/2020\/03\/bache-ext\u00e9rieur-3-sans-texte-1024x683.jpg\" loading=\"lazy\" \/>\n\t\t\t<\/div><\/figure><figure class='gallery-item'>\n\t\t\t<div class='gallery-icon landscape'>\n\t\t\t\t<img decoding=\"async\" width=\"1024\" height=\"785\" src=\"data:image\/png;base64,iVBORw0KGgoAAAANSUhEUgAAAYYAAADcAQMAAABOLJSDAAAAA1BMVEUAAACnej3aAAAAAXRSTlMAQObYZgAAACJJREFUaIHtwTEBAAAAwqD1T20ND6AAAAAAAAAAAAAA4N8AKvgAAUFIrrEAAAAASUVORK5CYII=\" class=\"attachment-large size-large lazy-img\" alt=\"\" data-src=\"http:\/\/photocopie-ajaccio.com\/photocopie\/wp-content\/uploads\/2020\/03\/Drapeau-2-1024x785.jpg\" loading=\"lazy\" \/>\n\t\t\t<\/div><\/figure><figure class='gallery-item'>\n\t\t\t<div class='gallery-icon landscape'>\n\t\t\t\t<img decoding=\"async\" width=\"1024\" height=\"768\" src=\"data:image\/png;base64,iVBORw0KGgoAAAANSUhEUgAAAYYAAADcAQMAAABOLJSDAAAAA1BMVEUAAACnej3aAAAAAXRSTlMAQObYZgAAACJJREFUaIHtwTEBAAAAwqD1T20ND6AAAAAAAAAAAAAA4N8AKvgAAUFIrrEAAAAASUVORK5CYII=\" class=\"attachment-large size-large lazy-img\" alt=\"\" data-src=\"http:\/\/photocopie-ajaccio.com\/photocopie\/wp-content\/uploads\/2020\/03\/stop-trottoir-1024x768.jpg\" loading=\"lazy\" \/>\n\t\t\t<\/div><\/figure><figure class='gallery-item'>\n\t\t\t<div class='gallery-icon landscape'>\n\t\t\t\t<img decoding=\"async\" width=\"1024\" height=\"683\" src=\"data:image\/png;base64,iVBORw0KGgoAAAANSUhEUgAAAYYAAADcAQMAAABOLJSDAAAAA1BMVEUAAACnej3aAAAAAXRSTlMAQObYZgAAACJJREFUaIHtwTEBAAAAwqD1T20ND6AAAAAAAAAAAAAA4N8AKvgAAUFIrrEAAAAASUVORK5CYII=\" class=\"attachment-large size-large lazy-img\" alt=\"\" data-src=\"http:\/\/photocopie-ajaccio.com\/photocopie\/wp-content\/uploads\/2020\/03\/bache-ext\u00e9rieur-2-sans-texte-1024x683.jpg\" loading=\"lazy\" \/>\n\t\t\t<\/div><\/figure><figure class='gallery-item'>\n\t\t\t<div class='gallery-icon landscape'>\n\t\t\t\t<img decoding=\"async\" width=\"1024\" height=\"683\" src=\"data:image\/png;base64,iVBORw0KGgoAAAANSUhEUgAAAYYAAADcAQMAAABOLJSDAAAAA1BMVEUAAACnej3aAAAAAXRSTlMAQObYZgAAACJJREFUaIHtwTEBAAAAwqD1T20ND6AAAAAAAAAAAAAA4N8AKvgAAUFIrrEAAAAASUVORK5CYII=\" class=\"attachment-large size-large lazy-img\" alt=\"\" data-src=\"http:\/\/photocopie-ajaccio.com\/photocopie\/wp-content\/uploads\/2020\/03\/bache-ext\u00e9rieur-sasn-texte-1024x683.jpg\" loading=\"lazy\" \/>\n\t\t\t<\/div><\/figure><figure class='gallery-item'>\n\t\t\t<div class='gallery-icon landscape'>\n\t\t\t\t<img decoding=\"async\" width=\"808\" height=\"454\" src=\"data:image\/png;base64,iVBORw0KGgoAAAANSUhEUgAAAYYAAADcAQMAAABOLJSDAAAAA1BMVEUAAACnej3aAAAAAXRSTlMAQObYZgAAACJJREFUaIHtwTEBAAAAwqD1T20ND6AAAAAAAAAAAAAA4N8AKvgAAUFIrrEAAAAASUVORK5CYII=\" class=\"attachment-large size-large lazy-img\" alt=\"\" data-src=\"http:\/\/photocopie-ajaccio.com\/photocopie\/wp-content\/uploads\/2013\/11\/devanture-vynile-1.jpg\" loading=\"lazy\" \/>\n\t\t\t<\/div><\/figure><figure class='gallery-item'>\n\t\t\t<div class='gallery-icon landscape'>\n\t\t\t\t<img decoding=\"async\" width=\"1024\" height=\"657\" src=\"data:image\/png;base64,iVBORw0KGgoAAAANSUhEUgAAAYYAAADcAQMAAABOLJSDAAAAA1BMVEUAAACnej3aAAAAAXRSTlMAQObYZgAAACJJREFUaIHtwTEBAAAAwqD1T20ND6AAAAAAAAAAAAAA4N8AKvgAAUFIrrEAAAAASUVORK5CYII=\" class=\"attachment-large size-large lazy-img\" alt=\"\" data-src=\"http:\/\/photocopie-ajaccio.com\/photocopie\/wp-content\/uploads\/2013\/11\/v\u00e9hicule-marquage-1024x657.jpg\" loading=\"lazy\" \/>\n\t\t\t<\/div><\/figure><figure class='gallery-item'>\n\t\t\t<div class='gallery-icon landscape'>\n\t\t\t\t<img decoding=\"async\" width=\"1024\" height=\"768\" src=\"data:image\/png;base64,iVBORw0KGgoAAAANSUhEUgAAAYYAAADcAQMAAABOLJSDAAAAA1BMVEUAAACnej3aAAAAAXRSTlMAQObYZgAAACJJREFUaIHtwTEBAAAAwqD1T20ND6AAAAAAAAAAAAAA4N8AKvgAAUFIrrEAAAAASUVORK5CYII=\" class=\"attachment-large size-large lazy-img\" alt=\"\" data-src=\"http:\/\/photocopie-ajaccio.com\/photocopie\/wp-content\/uploads\/2020\/03\/2-panneaux-1024x768.jpg\" loading=\"lazy\" \/>\n\t\t\t<\/div><\/figure><figure class='gallery-item'>\n\t\t\t<div class='gallery-icon portrait'>\n\t\t\t\t<img decoding=\"async\" width=\"683\" height=\"1024\" src=\"data:image\/png;base64,iVBORw0KGgoAAAANSUhEUgAAAYYAAADcAQMAAABOLJSDAAAAA1BMVEUAAACnej3aAAAAAXRSTlMAQObYZgAAACJJREFUaIHtwTEBAAAAwqD1T20ND6AAAAAAAAAAAAAA4N8AKvgAAUFIrrEAAAAASUVORK5CYII=\" class=\"attachment-large size-large lazy-img\" alt=\"\" data-src=\"http:\/\/photocopie-ajaccio.com\/photocopie\/wp-content\/uploads\/2020\/03\/Drapeau-002-683x1024.jpg\" loading=\"lazy\" \/>\n\t\t\t<\/div><\/figure><figure class='gallery-item'>\n\t\t\t<div class='gallery-icon landscape'>\n\t\t\t\t<img decoding=\"async\" width=\"480\" height=\"358\" src=\"data:image\/png;base64,iVBORw0KGgoAAAANSUhEUgAAAYYAAADcAQMAAABOLJSDAAAAA1BMVEUAAACnej3aAAAAAXRSTlMAQObYZgAAACJJREFUaIHtwTEBAAAAwqD1T20ND6AAAAAAAAAAAAAA4N8AKvgAAUFIrrEAAAAASUVORK5CYII=\" class=\"attachment-large size-large lazy-img\" alt=\"\" data-src=\"http:\/\/photocopie-ajaccio.com\/photocopie\/wp-content\/uploads\/2015\/03\/Facade-NT-2.jpg\" loading=\"lazy\" \/>\n\t\t\t<\/div><\/figure>\n\t\t<\/div>\n\n","protected":false},"excerpt":{"rendered":"<p>Vous souhaitez faire la signal\u00e9tique ext\u00e9rieure ou int\u00e9rieure de votre magasin, votre restaurant ou votre commerce ? Copy Flash system &nbsp;offre une large gamme de produits pour vos enseignes publicitaire.&nbsp;Nous pouvons donc vous proposer&nbsp;des cr\u00e9ations graphiques originales et en coh\u00e9rence avec votre image de marque. Impression sur b\u00e2che, pvc&#8230; Marquage de v\u00e9hicule Affiche-Poster \u00e0 l&rsquo;unit\u00e9 &hellip;<\/p>\n","protected":false},"author":1,"featured_media":0,"parent":0,"menu_order":0,"comment_status":"closed","ping_status":"closed","template":"","meta":{"footnotes":""},"class_list":["post-44","page","type-page","status-publish","hentry"],"yoast_head":"<!-- This site is optimized with the Yoast SEO plugin v18.8 - https:\/\/yoast.com\/wordpress\/plugins\/seo\/ -->\n<title>Enseigne publicitaire - Copy Flash System<\/title>\n<meta name=\"description\" content=\"Enseigne publicitaire : Vous souhaitez faire la signal\u00e9tique ext\u00e9rieure ou int\u00e9rieure de votre magasin, votre restaurant ou votre commerce ?\" \/>\n<meta name=\"robots\" content=\"index, follow, max-snippet:-1, max-image-preview:large, max-video-preview:-1\" \/>\n<link rel=\"canonical\" href=\"https:\/\/photocopie-ajaccio.com\/photocopie\/enseigne-publicitaire\/\" \/>\n<meta property=\"og:locale\" content=\"fr_FR\" \/>\n<meta property=\"og:type\" content=\"article\" \/>\n<meta property=\"og:title\" content=\"Enseigne publicitaire - Copy Flash System\" \/>\n<meta property=\"og:description\" content=\"Enseigne publicitaire : Vous souhaitez faire la signal\u00e9tique ext\u00e9rieure ou int\u00e9rieure de votre magasin, votre restaurant ou votre commerce ?\" \/>\n<meta property=\"og:url\" content=\"https:\/\/photocopie-ajaccio.com\/photocopie\/enseigne-publicitaire\/\" \/>\n<meta property=\"og:site_name\" content=\"Copy Flash System\" \/>\n<meta property=\"article:publisher\" content=\"https:\/\/www.facebook.com\/cfs.mezzavia\" \/>\n<meta property=\"article:modified_time\" content=\"2020-03-12T16:10:05+00:00\" \/>\n<meta property=\"og:image\" content=\"\" \/>\n<script type=\"application\/ld+json\" class=\"yoast-schema-graph\">{\"@context\":\"https:\/\/schema.org\",\"@graph\":[{\"@type\":\"WebSite\",\"@id\":\"https:\/\/photocopie-ajaccio.com\/photocopie\/#website\",\"url\":\"https:\/\/photocopie-ajaccio.com\/photocopie\/\",\"name\":\"Copy Flash System\",\"description\":\"Photocopies &amp; Impressions sur ajaccio\",\"potentialAction\":[{\"@type\":\"SearchAction\",\"target\":{\"@type\":\"EntryPoint\",\"urlTemplate\":\"https:\/\/photocopie-ajaccio.com\/photocopie\/?s={search_term_string}\"},\"query-input\":\"required name=search_term_string\"}],\"inLanguage\":\"fr-FR\"},{\"@type\":\"WebPage\",\"@id\":\"https:\/\/photocopie-ajaccio.com\/photocopie\/enseigne-publicitaire\/#webpage\",\"url\":\"https:\/\/photocopie-ajaccio.com\/photocopie\/enseigne-publicitaire\/\",\"name\":\"Enseigne publicitaire - Copy Flash System\",\"isPartOf\":{\"@id\":\"https:\/\/photocopie-ajaccio.com\/photocopie\/#website\"},\"datePublished\":\"2013-10-31T09:39:40+00:00\",\"dateModified\":\"2020-03-12T16:10:05+00:00\",\"description\":\"Enseigne publicitaire : Vous souhaitez faire la signal\u00e9tique ext\u00e9rieure ou int\u00e9rieure de votre magasin, votre restaurant ou votre commerce ?\",\"breadcrumb\":{\"@id\":\"https:\/\/photocopie-ajaccio.com\/photocopie\/enseigne-publicitaire\/#breadcrumb\"},\"inLanguage\":\"fr-FR\",\"potentialAction\":[{\"@type\":\"ReadAction\",\"target\":[\"https:\/\/photocopie-ajaccio.com\/photocopie\/enseigne-publicitaire\/\"]}]},{\"@type\":\"BreadcrumbList\",\"@id\":\"https:\/\/photocopie-ajaccio.com\/photocopie\/enseigne-publicitaire\/#breadcrumb\",\"itemListElement\":[{\"@type\":\"ListItem\",\"position\":1,\"name\":\"Accueil\",\"item\":\"https:\/\/photocopie-ajaccio.com\/photocopie\/\"},{\"@type\":\"ListItem\",\"position\":2,\"name\":\"Enseigne publicitaire\"}]}]}<\/script>\n<!-- \/ Yoast SEO plugin. -->","yoast_head_json":{"title":"Enseigne publicitaire - Copy Flash System","description":"Enseigne publicitaire : Vous souhaitez faire la signal\u00e9tique ext\u00e9rieure ou int\u00e9rieure de votre magasin, votre restaurant ou votre commerce ?","robots":{"index":"index","follow":"follow","max-snippet":"max-snippet:-1","max-image-preview":"max-image-preview:large","max-video-preview":"max-video-preview:-1"},"canonical":"https:\/\/photocopie-ajaccio.com\/photocopie\/enseigne-publicitaire\/","og_locale":"fr_FR","og_type":"article","og_title":"Enseigne publicitaire - Copy Flash System","og_description":"Enseigne publicitaire : Vous souhaitez faire la signal\u00e9tique ext\u00e9rieure ou int\u00e9rieure de votre magasin, votre restaurant ou votre commerce ?","og_url":"https:\/\/photocopie-ajaccio.com\/photocopie\/enseigne-publicitaire\/","og_site_name":"Copy Flash System","article_publisher":"https:\/\/www.facebook.com\/cfs.mezzavia","article_modified_time":"2020-03-12T16:10:05+00:00","og_image":[{"url":"data:image\/png;base64,iVBORw0KGgoAAAANSUhEUgAAAYYAAADcAQMAAABOLJSDAAAAA1BMVEUAAACnej3aAAAAAXRSTlMAQObYZgAAACJJREFUaIHtwTEBAAAAwqD1T20ND6AAAAAAAAAAAAAA4N8AKvgAAUFIrrEAAAAASUVORK5CYII="}],"schema":{"@context":"https:\/\/schema.org","@graph":[{"@type":"WebSite","@id":"https:\/\/photocopie-ajaccio.com\/photocopie\/#website","url":"https:\/\/photocopie-ajaccio.com\/photocopie\/","name":"Copy Flash System","description":"Photocopies &amp; Impressions sur ajaccio","potentialAction":[{"@type":"SearchAction","target":{"@type":"EntryPoint","urlTemplate":"https:\/\/photocopie-ajaccio.com\/photocopie\/?s={search_term_string}"},"query-input":"required name=search_term_string"}],"inLanguage":"fr-FR"},{"@type":"WebPage","@id":"https:\/\/photocopie-ajaccio.com\/photocopie\/enseigne-publicitaire\/#webpage","url":"https:\/\/photocopie-ajaccio.com\/photocopie\/enseigne-publicitaire\/","name":"Enseigne publicitaire - Copy Flash System","isPartOf":{"@id":"https:\/\/photocopie-ajaccio.com\/photocopie\/#website"},"datePublished":"2013-10-31T09:39:40+00:00","dateModified":"2020-03-12T16:10:05+00:00","description":"Enseigne publicitaire : Vous souhaitez faire la signal\u00e9tique ext\u00e9rieure ou int\u00e9rieure de votre magasin, votre restaurant ou votre commerce ?","breadcrumb":{"@id":"https:\/\/photocopie-ajaccio.com\/photocopie\/enseigne-publicitaire\/#breadcrumb"},"inLanguage":"fr-FR","potentialAction":[{"@type":"ReadAction","target":["https:\/\/photocopie-ajaccio.com\/photocopie\/enseigne-publicitaire\/"]}]},{"@type":"BreadcrumbList","@id":"https:\/\/photocopie-ajaccio.com\/photocopie\/enseigne-publicitaire\/#breadcrumb","itemListElement":[{"@type":"ListItem","position":1,"name":"Accueil","item":"https:\/\/photocopie-ajaccio.com\/photocopie\/"},{"@type":"ListItem","position":2,"name":"Enseigne publicitaire"}]}]}},"_links":{"self":[{"href":"http:\/\/photocopie-ajaccio.com\/photocopie\/wp-json\/wp\/v2\/pages\/44","targetHints":{"allow":["GET"]}}],"collection":[{"href":"http:\/\/photocopie-ajaccio.com\/photocopie\/wp-json\/wp\/v2\/pages"}],"about":[{"href":"http:\/\/photocopie-ajaccio.com\/photocopie\/wp-json\/wp\/v2\/types\/page"}],"author":[{"embeddable":true,"href":"http:\/\/photocopie-ajaccio.com\/photocopie\/wp-json\/wp\/v2\/users\/1"}],"replies":[{"embeddable":true,"href":"http:\/\/photocopie-ajaccio.com\/photocopie\/wp-json\/wp\/v2\/comments?post=44"}],"version-history":[{"count":10,"href":"http:\/\/photocopie-ajaccio.com\/photocopie\/wp-json\/wp\/v2\/pages\/44\/revisions"}],"predecessor-version":[{"id":1699,"href":"http:\/\/photocopie-ajaccio.com\/photocopie\/wp-json\/wp\/v2\/pages\/44\/revisions\/1699"}],"wp:attachment":[{"href":"http:\/\/photocopie-ajaccio.com\/photocopie\/wp-json\/wp\/v2\/media?parent=44"}],"curies":[{"name":"wp","href":"https:\/\/api.w.org\/{rel}","templated":true}]}}