{"id":48,"date":"2013-10-31T10:40:13","date_gmt":"2013-10-31T09:40:13","guid":{"rendered":"http:\/\/photocopie-ajaccio.com\/photocopie\/?page_id=48"},"modified":"2018-02-28T16:56:09","modified_gmt":"2018-02-28T15:56:09","slug":"reliure","status":"publish","type":"page","link":"http:\/\/photocopie-ajaccio.com\/photocopie\/bureautique\/reliure\/","title":{"rendered":"Reliure de documents"},"content":{"rendered":"<p><iframe loading=\"lazy\" src=\"https:\/\/www.youtube.com\/embed\/DCoe-ZWgHz4\" width=\"800\" height=\"480\" frameborder=\"0\" allowfullscreen=\"allowfullscreen\"><\/iframe><\/p>\n<h2>Copy Flash System vous propose <span class=\"ColorText\">tout un choix de <strong>reliures (spirale, thermocoll\u00e9e<\/strong>\u2026) et de couvertures vari\u00e9es pour mettre en valeur vos <strong>th\u00e8ses<\/strong>, <strong>m\u00e9moires<\/strong>, <strong>rapports de stage<\/strong>, quel que soit le nombre d\u2019exemplaires.<\/span><\/h2>\n<h3>Nos Solutions de reliures<\/h3>\n<p><span class=\"ColorText\" style=\"font-size: 12pt;\"><strong>Reliure Thermocoll\u00e9e :<\/strong> Esth\u00e9tique et solide, la reliure thermocoll\u00e9e est id\u00e9ale pour m\u00e9moires, th\u00e8ses et documents professionnels.<\/span><\/p>\n<p><span class=\"ColorText\" style=\"font-size: 12pt;\"><br \/>\n<strong>Spirale Plastique :<\/strong> La Reliure spirale plastique est pratique et \u00e9conomique. Celle-ci est r\u00e9alis\u00e9e sans d\u00e9lais (petites et moyennes quantit\u00e9s). Elle est adaptable \u00e0 la plupart des documents. La reliure spirale plastique est modifiable apr\u00e8s reliure.<\/span><\/p>\n<p><img loading=\"lazy\" decoding=\"async\" class=\"aligncenter size-large wp-image-1353\" src=\"http:\/\/photocopie-ajaccio.com\/photocopie\/wp-content\/uploads\/2018\/02\/StudentBookbinding-1024x683.jpg\" alt=\"\" width=\"708\" height=\"472\"><\/p>\n<p style=\"text-align: center;\">&nbsp;<\/p>\n","protected":false},"excerpt":{"rendered":"<p>Copy Flash System vous propose tout un choix de reliures (spirale, thermocoll\u00e9e\u2026) et de couvertures vari\u00e9es pour mettre en valeur vos th\u00e8ses, m\u00e9moires, rapports de stage, quel que soit le nombre d\u2019exemplaires. Nos Solutions de reliures Reliure Thermocoll\u00e9e : Esth\u00e9tique et solide, la reliure thermocoll\u00e9e est id\u00e9ale pour m\u00e9moires, th\u00e8ses et documents professionnels. Spirale Plastique &hellip;<\/p>\n","protected":false},"author":1,"featured_media":0,"parent":46,"menu_order":0,"comment_status":"open","ping_status":"open","template":"","meta":{"footnotes":""},"class_list":["post-48","page","type-page","status-publish","hentry"],"yoast_head":"<!-- This site is optimized with the Yoast SEO plugin v18.8 - https:\/\/yoast.com\/wordpress\/plugins\/seo\/ -->\n<title>Reliure de documents - Copy Flash System<\/title>\n<meta name=\"description\" content=\"Copy Flash System vous propose tout un choix de reliures et de couvertures vari\u00e9es pour mettre en valeur vos th\u00e8ses, m\u00e9moires, rapports de stage.\" \/>\n<meta name=\"robots\" content=\"index, follow, max-snippet:-1, max-image-preview:large, max-video-preview:-1\" \/>\n<link rel=\"canonical\" href=\"https:\/\/photocopie-ajaccio.com\/photocopie\/bureautique\/reliure\/\" \/>\n<meta property=\"og:locale\" content=\"fr_FR\" \/>\n<meta property=\"og:type\" content=\"article\" \/>\n<meta property=\"og:title\" content=\"Reliure de documents - Copy Flash System\" \/>\n<meta property=\"og:description\" content=\"Copy Flash System vous propose tout un choix de reliures et de couvertures vari\u00e9es pour mettre en valeur vos th\u00e8ses, m\u00e9moires, rapports de stage.\" \/>\n<meta property=\"og:url\" content=\"https:\/\/photocopie-ajaccio.com\/photocopie\/bureautique\/reliure\/\" \/>\n<meta property=\"og:site_name\" content=\"Copy Flash System\" \/>\n<meta property=\"article:publisher\" content=\"https:\/\/www.facebook.com\/cfs.mezzavia\" \/>\n<meta property=\"article:modified_time\" content=\"2018-02-28T15:56:09+00:00\" \/>\n<meta property=\"og:image\" content=\"http:\/\/photocopie-ajaccio.com\/photocopie\/wp-content\/uploads\/2018\/02\/StudentBookbinding-1024x683.jpg\" \/>\n<meta name=\"twitter:label1\" content=\"Dur\u00e9e de lecture estim\u00e9e\" \/>\n\t<meta name=\"twitter:data1\" content=\"1 minute\" \/>\n<script type=\"application\/ld+json\" class=\"yoast-schema-graph\">{\"@context\":\"https:\/\/schema.org\",\"@graph\":[{\"@type\":\"WebSite\",\"@id\":\"https:\/\/photocopie-ajaccio.com\/photocopie\/#website\",\"url\":\"https:\/\/photocopie-ajaccio.com\/photocopie\/\",\"name\":\"Copy Flash System\",\"description\":\"Photocopies &amp; Impressions sur ajaccio\",\"potentialAction\":[{\"@type\":\"SearchAction\",\"target\":{\"@type\":\"EntryPoint\",\"urlTemplate\":\"https:\/\/photocopie-ajaccio.com\/photocopie\/?s={search_term_string}\"},\"query-input\":\"required name=search_term_string\"}],\"inLanguage\":\"fr-FR\"},{\"@type\":\"ImageObject\",\"inLanguage\":\"fr-FR\",\"@id\":\"https:\/\/photocopie-ajaccio.com\/photocopie\/bureautique\/reliure\/#primaryimage\",\"url\":\"http:\/\/photocopie-ajaccio.com\/photocopie\/wp-content\/uploads\/2018\/02\/StudentBookbinding.jpg\",\"contentUrl\":\"http:\/\/photocopie-ajaccio.com\/photocopie\/wp-content\/uploads\/2018\/02\/StudentBookbinding.jpg\",\"width\":1500,\"height\":1000},{\"@type\":\"WebPage\",\"@id\":\"https:\/\/photocopie-ajaccio.com\/photocopie\/bureautique\/reliure\/#webpage\",\"url\":\"https:\/\/photocopie-ajaccio.com\/photocopie\/bureautique\/reliure\/\",\"name\":\"Reliure de documents - Copy Flash System\",\"isPartOf\":{\"@id\":\"https:\/\/photocopie-ajaccio.com\/photocopie\/#website\"},\"primaryImageOfPage\":{\"@id\":\"https:\/\/photocopie-ajaccio.com\/photocopie\/bureautique\/reliure\/#primaryimage\"},\"datePublished\":\"2013-10-31T09:40:13+00:00\",\"dateModified\":\"2018-02-28T15:56:09+00:00\",\"description\":\"Copy Flash System vous propose tout un choix de reliures et de couvertures vari\u00e9es pour mettre en valeur vos th\u00e8ses, m\u00e9moires, rapports de stage.\",\"breadcrumb\":{\"@id\":\"https:\/\/photocopie-ajaccio.com\/photocopie\/bureautique\/reliure\/#breadcrumb\"},\"inLanguage\":\"fr-FR\",\"potentialAction\":[{\"@type\":\"ReadAction\",\"target\":[\"https:\/\/photocopie-ajaccio.com\/photocopie\/bureautique\/reliure\/\"]}]},{\"@type\":\"BreadcrumbList\",\"@id\":\"https:\/\/photocopie-ajaccio.com\/photocopie\/bureautique\/reliure\/#breadcrumb\",\"itemListElement\":[{\"@type\":\"ListItem\",\"position\":1,\"name\":\"Accueil\",\"item\":\"https:\/\/photocopie-ajaccio.com\/photocopie\/\"},{\"@type\":\"ListItem\",\"position\":2,\"name\":\"Bureautique\",\"item\":\"https:\/\/photocopie-ajaccio.com\/photocopie\/bureautique\/\"},{\"@type\":\"ListItem\",\"position\":3,\"name\":\"Reliure de documents\"}]}]}<\/script>\n<!-- \/ Yoast SEO plugin. -->","yoast_head_json":{"title":"Reliure de documents - Copy Flash System","description":"Copy Flash System vous propose tout un choix de reliures et de couvertures vari\u00e9es pour mettre en valeur vos th\u00e8ses, m\u00e9moires, rapports de stage.","robots":{"index":"index","follow":"follow","max-snippet":"max-snippet:-1","max-image-preview":"max-image-preview:large","max-video-preview":"max-video-preview:-1"},"canonical":"https:\/\/photocopie-ajaccio.com\/photocopie\/bureautique\/reliure\/","og_locale":"fr_FR","og_type":"article","og_title":"Reliure de documents - Copy Flash System","og_description":"Copy Flash System vous propose tout un choix de reliures et de couvertures vari\u00e9es pour mettre en valeur vos th\u00e8ses, m\u00e9moires, rapports de stage.","og_url":"https:\/\/photocopie-ajaccio.com\/photocopie\/bureautique\/reliure\/","og_site_name":"Copy Flash System","article_publisher":"https:\/\/www.facebook.com\/cfs.mezzavia","article_modified_time":"2018-02-28T15:56:09+00:00","og_image":[{"url":"http:\/\/photocopie-ajaccio.com\/photocopie\/wp-content\/uploads\/2018\/02\/StudentBookbinding-1024x683.jpg"}],"twitter_misc":{"Dur\u00e9e de lecture estim\u00e9e":"1 minute"},"schema":{"@context":"https:\/\/schema.org","@graph":[{"@type":"WebSite","@id":"https:\/\/photocopie-ajaccio.com\/photocopie\/#website","url":"https:\/\/photocopie-ajaccio.com\/photocopie\/","name":"Copy Flash System","description":"Photocopies &amp; Impressions sur ajaccio","potentialAction":[{"@type":"SearchAction","target":{"@type":"EntryPoint","urlTemplate":"https:\/\/photocopie-ajaccio.com\/photocopie\/?s={search_term_string}"},"query-input":"required name=search_term_string"}],"inLanguage":"fr-FR"},{"@type":"ImageObject","inLanguage":"fr-FR","@id":"https:\/\/photocopie-ajaccio.com\/photocopie\/bureautique\/reliure\/#primaryimage","url":"http:\/\/photocopie-ajaccio.com\/photocopie\/wp-content\/uploads\/2018\/02\/StudentBookbinding.jpg","contentUrl":"http:\/\/photocopie-ajaccio.com\/photocopie\/wp-content\/uploads\/2018\/02\/StudentBookbinding.jpg","width":1500,"height":1000},{"@type":"WebPage","@id":"https:\/\/photocopie-ajaccio.com\/photocopie\/bureautique\/reliure\/#webpage","url":"https:\/\/photocopie-ajaccio.com\/photocopie\/bureautique\/reliure\/","name":"Reliure de documents - Copy Flash System","isPartOf":{"@id":"https:\/\/photocopie-ajaccio.com\/photocopie\/#website"},"primaryImageOfPage":{"@id":"https:\/\/photocopie-ajaccio.com\/photocopie\/bureautique\/reliure\/#primaryimage"},"datePublished":"2013-10-31T09:40:13+00:00","dateModified":"2018-02-28T15:56:09+00:00","description":"Copy Flash System vous propose tout un choix de reliures et de couvertures vari\u00e9es pour mettre en valeur vos th\u00e8ses, m\u00e9moires, rapports de stage.","breadcrumb":{"@id":"https:\/\/photocopie-ajaccio.com\/photocopie\/bureautique\/reliure\/#breadcrumb"},"inLanguage":"fr-FR","potentialAction":[{"@type":"ReadAction","target":["https:\/\/photocopie-ajaccio.com\/photocopie\/bureautique\/reliure\/"]}]},{"@type":"BreadcrumbList","@id":"https:\/\/photocopie-ajaccio.com\/photocopie\/bureautique\/reliure\/#breadcrumb","itemListElement":[{"@type":"ListItem","position":1,"name":"Accueil","item":"https:\/\/photocopie-ajaccio.com\/photocopie\/"},{"@type":"ListItem","position":2,"name":"Bureautique","item":"https:\/\/photocopie-ajaccio.com\/photocopie\/bureautique\/"},{"@type":"ListItem","position":3,"name":"Reliure de documents"}]}]}},"_links":{"self":[{"href":"http:\/\/photocopie-ajaccio.com\/photocopie\/wp-json\/wp\/v2\/pages\/48","targetHints":{"allow":["GET"]}}],"collection":[{"href":"http:\/\/photocopie-ajaccio.com\/photocopie\/wp-json\/wp\/v2\/pages"}],"about":[{"href":"http:\/\/photocopie-ajaccio.com\/photocopie\/wp-json\/wp\/v2\/types\/page"}],"author":[{"embeddable":true,"href":"http:\/\/photocopie-ajaccio.com\/photocopie\/wp-json\/wp\/v2\/users\/1"}],"replies":[{"embeddable":true,"href":"http:\/\/photocopie-ajaccio.com\/photocopie\/wp-json\/wp\/v2\/comments?post=48"}],"version-history":[{"count":0,"href":"http:\/\/photocopie-ajaccio.com\/photocopie\/wp-json\/wp\/v2\/pages\/48\/revisions"}],"up":[{"embeddable":true,"href":"http:\/\/photocopie-ajaccio.com\/photocopie\/wp-json\/wp\/v2\/pages\/46"}],"wp:attachment":[{"href":"http:\/\/photocopie-ajaccio.com\/photocopie\/wp-json\/wp\/v2\/media?parent=48"}],"curies":[{"name":"wp","href":"https:\/\/api.w.org\/{rel}","templated":true}]}}