{"id":5,"date":"2013-10-31T10:15:53","date_gmt":"2013-10-31T09:15:53","guid":{"rendered":"http:\/\/photocopie-ajaccio.com\/photocopie\/?page_id=5"},"modified":"2018-02-28T17:08:51","modified_gmt":"2018-02-28T16:08:51","slug":"impressions-et-photocopies","status":"publish","type":"page","link":"http:\/\/photocopie-ajaccio.com\/photocopie\/impressions-et-photocopies\/","title":{"rendered":"Impressions et Photocopies"},"content":{"rendered":"<p><iframe loading=\"lazy\" src=\"https:\/\/www.youtube.com\/embed\/WhOMJ31emmU?rel=0\" width=\"800\" height=\"400\" frameborder=\"0\" allowfullscreen=\"allowfullscreen\">&amp;amp;amp;amp;amp;lt;span data-mce-type=\u00a0\u00bbbookmark\u00a0\u00bb style=\u00a0\u00bbdisplay: inline-block; width: 0px; overflow: hidden; line-height: 0;\u00a0\u00bb class=\u00a0\u00bbmce_SELRES_start\u00a0\u00bb&amp;amp;amp;amp;amp;gt;\ufeff&amp;amp;amp;amp;amp;lt;\/span&amp;amp;amp;amp;amp;gt;<\/iframe><\/p>\n<p><span style=\"font-size: 14pt;\">Gr\u00e2ce \u00e0 notre mat\u00e9riel &nbsp;de derni\u00e8re g\u00e9n\u00e9ration \u00e0 la r\u00e9solution exceptionnelle, <a href=\"http:\/\/photocopie-ajaccio.com\/\"><strong>COPY FLASH SYSTEM<\/strong><\/a> &nbsp;imprimera vos documents \u00e0 grande vitesse ou dupliquez-les en un grand nombre d&rsquo;exemplaires.<\/span><\/p>\n<p><span style=\"font-size: 14pt;\">Impressions et photocopies &nbsp;\u00e0 partir d&rsquo;un fichier informatique&nbsp;(cl\u00e9s USB, carte m\u00e9moire, e-mail etc. )&nbsp;ou \u00e0 partir d&rsquo;un original papier.<\/span><\/p>\n<p><a href=\"http:\/\/photocopie-ajaccio.com\/photocopie\/wp-content\/uploads\/2013\/10\/entreprise-impression-numerique.jpg\"><img loading=\"lazy\" decoding=\"async\" class=\"aligncenter wp-image-885\" src=\"http:\/\/photocopie-ajaccio.com\/photocopie\/wp-content\/uploads\/2013\/10\/entreprise-impression-numerique.jpg\" alt=\"entreprise-impression-numerique\" width=\"831\" height=\"326\"><\/a><\/p>\n","protected":false},"excerpt":{"rendered":"<p>&amp;amp;amp;amp;amp;lt;span data-mce-type=\u00a0\u00bbbookmark\u00a0\u00bb style=\u00a0\u00bbdisplay: inline-block; width: 0px; overflow: hidden; line-height: 0;\u00a0\u00bb class=\u00a0\u00bbmce_SELRES_start\u00a0\u00bb&amp;amp;amp;amp;amp;gt;\ufeff&amp;amp;amp;amp;amp;lt;\/span&amp;amp;amp;amp;amp;gt; Gr\u00e2ce \u00e0 notre mat\u00e9riel &nbsp;de derni\u00e8re g\u00e9n\u00e9ration \u00e0 la r\u00e9solution exceptionnelle, COPY FLASH SYSTEM &nbsp;imprimera vos documents \u00e0 grande vitesse ou dupliquez-les en un grand nombre d&rsquo;exemplaires. Impressions et photocopies &nbsp;\u00e0 partir d&rsquo;un fichier informatique&nbsp;(cl\u00e9s USB, carte m\u00e9moire, e-mail etc. )&nbsp;ou \u00e0 partir d&rsquo;un &hellip;<\/p>\n","protected":false},"author":1,"featured_media":0,"parent":0,"menu_order":0,"comment_status":"open","ping_status":"open","template":"","meta":{"footnotes":""},"class_list":["post-5","page","type-page","status-publish","hentry"],"yoast_head":"<!-- This site is optimized with the Yoast SEO plugin v18.8 - https:\/\/yoast.com\/wordpress\/plugins\/seo\/ -->\n<title>Impressions et Photocopies<\/title>\n<meta name=\"description\" content=\"Impressions et Photocopies notre mat\u00e9riel de derni\u00e8re g\u00e9n\u00e9ration imprime vos documents \u00e0 grande vitesse ou dupliquez-les en un grand nombre d&#039;exemplaires.\" \/>\n<meta name=\"robots\" content=\"index, follow, max-snippet:-1, max-image-preview:large, max-video-preview:-1\" \/>\n<link rel=\"canonical\" href=\"http:\/\/photocopie-ajaccio.com\/photocopie\/impressions-et-photocopies\/\" \/>\n<meta property=\"og:locale\" content=\"fr_FR\" \/>\n<meta property=\"og:type\" content=\"article\" \/>\n<meta property=\"og:title\" content=\"Impressions et Photocopies\" \/>\n<meta property=\"og:description\" content=\"Impressions et Photocopies notre mat\u00e9riel de derni\u00e8re g\u00e9n\u00e9ration imprime vos documents \u00e0 grande vitesse ou dupliquez-les en un grand nombre d&#039;exemplaires.\" \/>\n<meta property=\"og:url\" content=\"http:\/\/photocopie-ajaccio.com\/photocopie\/impressions-et-photocopies\/\" \/>\n<meta property=\"og:site_name\" content=\"Copy Flash System\" \/>\n<meta property=\"article:publisher\" content=\"https:\/\/www.facebook.com\/cfs.mezzavia\" \/>\n<meta property=\"article:modified_time\" content=\"2018-02-28T16:08:51+00:00\" \/>\n<meta property=\"og:image\" content=\"http:\/\/photocopie-ajaccio.com\/photocopie\/wp-content\/uploads\/2013\/10\/entreprise-impression-numerique.jpg\" \/>\n<script type=\"application\/ld+json\" class=\"yoast-schema-graph\">{\"@context\":\"https:\/\/schema.org\",\"@graph\":[{\"@type\":\"WebSite\",\"@id\":\"http:\/\/photocopie-ajaccio.com\/photocopie\/#website\",\"url\":\"http:\/\/photocopie-ajaccio.com\/photocopie\/\",\"name\":\"Copy Flash System\",\"description\":\"Photocopies &amp; Impressions sur ajaccio\",\"potentialAction\":[{\"@type\":\"SearchAction\",\"target\":{\"@type\":\"EntryPoint\",\"urlTemplate\":\"http:\/\/photocopie-ajaccio.com\/photocopie\/?s={search_term_string}\"},\"query-input\":\"required name=search_term_string\"}],\"inLanguage\":\"fr-FR\"},{\"@type\":\"ImageObject\",\"inLanguage\":\"fr-FR\",\"@id\":\"http:\/\/photocopie-ajaccio.com\/photocopie\/impressions-et-photocopies\/#primaryimage\",\"url\":\"http:\/\/photocopie-ajaccio.com\/photocopie\/wp-content\/uploads\/2013\/10\/entreprise-impression-numerique.jpg\",\"contentUrl\":\"http:\/\/photocopie-ajaccio.com\/photocopie\/wp-content\/uploads\/2013\/10\/entreprise-impression-numerique.jpg\",\"width\":1170,\"height\":470},{\"@type\":\"WebPage\",\"@id\":\"http:\/\/photocopie-ajaccio.com\/photocopie\/impressions-et-photocopies\/#webpage\",\"url\":\"http:\/\/photocopie-ajaccio.com\/photocopie\/impressions-et-photocopies\/\",\"name\":\"Impressions et Photocopies\",\"isPartOf\":{\"@id\":\"http:\/\/photocopie-ajaccio.com\/photocopie\/#website\"},\"primaryImageOfPage\":{\"@id\":\"http:\/\/photocopie-ajaccio.com\/photocopie\/impressions-et-photocopies\/#primaryimage\"},\"datePublished\":\"2013-10-31T09:15:53+00:00\",\"dateModified\":\"2018-02-28T16:08:51+00:00\",\"description\":\"Impressions et Photocopies notre mat\u00e9riel de derni\u00e8re g\u00e9n\u00e9ration imprime vos documents \u00e0 grande vitesse ou dupliquez-les en un grand nombre d'exemplaires.\",\"breadcrumb\":{\"@id\":\"http:\/\/photocopie-ajaccio.com\/photocopie\/impressions-et-photocopies\/#breadcrumb\"},\"inLanguage\":\"fr-FR\",\"potentialAction\":[{\"@type\":\"ReadAction\",\"target\":[\"http:\/\/photocopie-ajaccio.com\/photocopie\/impressions-et-photocopies\/\"]}]},{\"@type\":\"BreadcrumbList\",\"@id\":\"http:\/\/photocopie-ajaccio.com\/photocopie\/impressions-et-photocopies\/#breadcrumb\",\"itemListElement\":[{\"@type\":\"ListItem\",\"position\":1,\"name\":\"Accueil\",\"item\":\"http:\/\/photocopie-ajaccio.com\/photocopie\/\"},{\"@type\":\"ListItem\",\"position\":2,\"name\":\"Impressions et Photocopies\"}]}]}<\/script>\n<!-- \/ Yoast SEO plugin. -->","yoast_head_json":{"title":"Impressions et Photocopies","description":"Impressions et Photocopies notre mat\u00e9riel de derni\u00e8re g\u00e9n\u00e9ration imprime vos documents \u00e0 grande vitesse ou dupliquez-les en un grand nombre d'exemplaires.","robots":{"index":"index","follow":"follow","max-snippet":"max-snippet:-1","max-image-preview":"max-image-preview:large","max-video-preview":"max-video-preview:-1"},"canonical":"http:\/\/photocopie-ajaccio.com\/photocopie\/impressions-et-photocopies\/","og_locale":"fr_FR","og_type":"article","og_title":"Impressions et Photocopies","og_description":"Impressions et Photocopies notre mat\u00e9riel de derni\u00e8re g\u00e9n\u00e9ration imprime vos documents \u00e0 grande vitesse ou dupliquez-les en un grand nombre d'exemplaires.","og_url":"http:\/\/photocopie-ajaccio.com\/photocopie\/impressions-et-photocopies\/","og_site_name":"Copy Flash System","article_publisher":"https:\/\/www.facebook.com\/cfs.mezzavia","article_modified_time":"2018-02-28T16:08:51+00:00","og_image":[{"url":"http:\/\/photocopie-ajaccio.com\/photocopie\/wp-content\/uploads\/2013\/10\/entreprise-impression-numerique.jpg"}],"schema":{"@context":"https:\/\/schema.org","@graph":[{"@type":"WebSite","@id":"http:\/\/photocopie-ajaccio.com\/photocopie\/#website","url":"http:\/\/photocopie-ajaccio.com\/photocopie\/","name":"Copy Flash System","description":"Photocopies &amp; Impressions sur ajaccio","potentialAction":[{"@type":"SearchAction","target":{"@type":"EntryPoint","urlTemplate":"http:\/\/photocopie-ajaccio.com\/photocopie\/?s={search_term_string}"},"query-input":"required name=search_term_string"}],"inLanguage":"fr-FR"},{"@type":"ImageObject","inLanguage":"fr-FR","@id":"http:\/\/photocopie-ajaccio.com\/photocopie\/impressions-et-photocopies\/#primaryimage","url":"http:\/\/photocopie-ajaccio.com\/photocopie\/wp-content\/uploads\/2013\/10\/entreprise-impression-numerique.jpg","contentUrl":"http:\/\/photocopie-ajaccio.com\/photocopie\/wp-content\/uploads\/2013\/10\/entreprise-impression-numerique.jpg","width":1170,"height":470},{"@type":"WebPage","@id":"http:\/\/photocopie-ajaccio.com\/photocopie\/impressions-et-photocopies\/#webpage","url":"http:\/\/photocopie-ajaccio.com\/photocopie\/impressions-et-photocopies\/","name":"Impressions et Photocopies","isPartOf":{"@id":"http:\/\/photocopie-ajaccio.com\/photocopie\/#website"},"primaryImageOfPage":{"@id":"http:\/\/photocopie-ajaccio.com\/photocopie\/impressions-et-photocopies\/#primaryimage"},"datePublished":"2013-10-31T09:15:53+00:00","dateModified":"2018-02-28T16:08:51+00:00","description":"Impressions et Photocopies notre mat\u00e9riel de derni\u00e8re g\u00e9n\u00e9ration imprime vos documents \u00e0 grande vitesse ou dupliquez-les en un grand nombre d'exemplaires.","breadcrumb":{"@id":"http:\/\/photocopie-ajaccio.com\/photocopie\/impressions-et-photocopies\/#breadcrumb"},"inLanguage":"fr-FR","potentialAction":[{"@type":"ReadAction","target":["http:\/\/photocopie-ajaccio.com\/photocopie\/impressions-et-photocopies\/"]}]},{"@type":"BreadcrumbList","@id":"http:\/\/photocopie-ajaccio.com\/photocopie\/impressions-et-photocopies\/#breadcrumb","itemListElement":[{"@type":"ListItem","position":1,"name":"Accueil","item":"http:\/\/photocopie-ajaccio.com\/photocopie\/"},{"@type":"ListItem","position":2,"name":"Impressions et Photocopies"}]}]}},"_links":{"self":[{"href":"http:\/\/photocopie-ajaccio.com\/photocopie\/wp-json\/wp\/v2\/pages\/5","targetHints":{"allow":["GET"]}}],"collection":[{"href":"http:\/\/photocopie-ajaccio.com\/photocopie\/wp-json\/wp\/v2\/pages"}],"about":[{"href":"http:\/\/photocopie-ajaccio.com\/photocopie\/wp-json\/wp\/v2\/types\/page"}],"author":[{"embeddable":true,"href":"http:\/\/photocopie-ajaccio.com\/photocopie\/wp-json\/wp\/v2\/users\/1"}],"replies":[{"embeddable":true,"href":"http:\/\/photocopie-ajaccio.com\/photocopie\/wp-json\/wp\/v2\/comments?post=5"}],"version-history":[{"count":0,"href":"http:\/\/photocopie-ajaccio.com\/photocopie\/wp-json\/wp\/v2\/pages\/5\/revisions"}],"wp:attachment":[{"href":"http:\/\/photocopie-ajaccio.com\/photocopie\/wp-json\/wp\/v2\/media?parent=5"}],"curies":[{"name":"wp","href":"https:\/\/api.w.org\/{rel}","templated":true}]}}