{"id":50,"date":"2013-10-31T10:40:27","date_gmt":"2013-10-31T09:40:27","guid":{"rendered":"http:\/\/photocopie-ajaccio.com\/photocopie\/?page_id=50"},"modified":"2015-03-31T16:14:44","modified_gmt":"2015-03-31T15:14:44","slug":"plastification","status":"publish","type":"page","link":"http:\/\/photocopie-ajaccio.com\/photocopie\/bureautique\/plastification\/","title":{"rendered":"Plastification"},"content":{"rendered":"<h1 style=\"text-align: center;\">Plastification<\/h1>\n<p><a href=\"http:\/\/photocopie-ajaccio.com\/photocopie\/wp-content\/uploads\/plasti.jpg\"><img loading=\"lazy\" decoding=\"async\" class=\" wp-image-291 alignleft\" src=\"http:\/\/photocopie-ajaccio.com\/photocopie\/wp-content\/uploads\/plasti.jpg\" alt=\"plasti\" width=\"270\" height=\"198\" \/><\/a><span style=\"font-size: 14pt;\">La\u00a0<strong>plastification <\/strong>est un moyen de prot\u00e9ger \u00e0 faible<\/span><br \/>\n<span style=\"font-size: 14pt;\"> co\u00fbt tous vos documents : \u00a0menu de restaurant, poster etc&#8230;<\/span><\/p>\n<p><span style=\"font-size: 14pt;\">De plus, la <strong>plastification<\/strong>\u00a0\u00a0am\u00e9liore l&rsquo;apparence de vos documents\u00a0en donnant un meilleur contraste avec des couleurs plus profondes et plus brillantes.<\/span><\/p>\n<p><span style=\"font-size: 14pt;\">Notez \u00e9galement qu&rsquo;un document plastifi\u00e9 est hygi\u00e9nique car facile \u00e0 nettoyer. La plastification donne \u00e0 vos documents\u00a0une finition de qualit\u00e9.<\/span><\/p>\n<hr \/>\n<p>&nbsp;<\/p>\n<h3>Nos\u00a0formats standards<br \/>\nA4 = 21.00 x 29.70 cm<br \/>\nA3 = 29.70 x 42.00 cm<br \/>\nA2 :\u00a042 x 59,4 cm<\/h3>\n<p><a href=\"http:\/\/photocopie-ajaccio.com\/photocopie\/wp-content\/uploads\/2013\/10\/plasstification-corse.jpg\"><img loading=\"lazy\" decoding=\"async\" class=\"aligncenter  wp-image-530\" src=\"http:\/\/photocopie-ajaccio.com\/photocopie\/wp-content\/uploads\/2013\/10\/plasstification-corse.jpg\" alt=\"plasstification corse\" width=\"575\" height=\"575\" \/><\/a><\/p>\n","protected":false},"excerpt":{"rendered":"<p>Plastification La\u00a0plastification est un moyen de prot\u00e9ger \u00e0 faible co\u00fbt tous vos documents : \u00a0menu de restaurant, poster etc&#8230; De plus, la plastification\u00a0\u00a0am\u00e9liore l&rsquo;apparence de vos documents\u00a0en donnant un meilleur contraste avec des couleurs plus profondes et plus brillantes. Notez \u00e9galement qu&rsquo;un document plastifi\u00e9 est hygi\u00e9nique car facile \u00e0 nettoyer. La plastification donne \u00e0 vos &hellip;<\/p>\n","protected":false},"author":1,"featured_media":0,"parent":46,"menu_order":0,"comment_status":"open","ping_status":"open","template":"","meta":{"footnotes":""},"class_list":["post-50","page","type-page","status-publish","hentry"],"yoast_head":"<!-- This site is optimized with the Yoast SEO plugin v18.8 - https:\/\/yoast.com\/wordpress\/plugins\/seo\/ -->\n<title>La plastification<\/title>\n<meta name=\"description\" content=\"La plastification est un moyen de prot\u00e9ger \u00e0 faible co\u00fbt tous vos documents : menu de restaurant, poster etc...\" \/>\n<meta name=\"robots\" content=\"index, follow, max-snippet:-1, max-image-preview:large, max-video-preview:-1\" \/>\n<link rel=\"canonical\" href=\"http:\/\/photocopie-ajaccio.com\/photocopie\/bureautique\/plastification\/\" \/>\n<meta property=\"og:locale\" content=\"fr_FR\" \/>\n<meta property=\"og:type\" content=\"article\" \/>\n<meta property=\"og:title\" content=\"La plastification\" \/>\n<meta property=\"og:description\" content=\"La plastification est un moyen de prot\u00e9ger \u00e0 faible co\u00fbt tous vos documents : menu de restaurant, poster etc...\" \/>\n<meta property=\"og:url\" content=\"http:\/\/photocopie-ajaccio.com\/photocopie\/bureautique\/plastification\/\" \/>\n<meta property=\"og:site_name\" content=\"Copy Flash System\" \/>\n<meta property=\"article:publisher\" content=\"https:\/\/www.facebook.com\/cfs.mezzavia\" \/>\n<meta property=\"article:modified_time\" content=\"2015-03-31T15:14:44+00:00\" \/>\n<meta property=\"og:image\" content=\"http:\/\/photocopie-ajaccio.com\/photocopie\/wp-content\/uploads\/plasti.jpg\" \/>\n<script type=\"application\/ld+json\" class=\"yoast-schema-graph\">{\"@context\":\"https:\/\/schema.org\",\"@graph\":[{\"@type\":\"WebSite\",\"@id\":\"https:\/\/photocopie-ajaccio.com\/photocopie\/#website\",\"url\":\"https:\/\/photocopie-ajaccio.com\/photocopie\/\",\"name\":\"Copy Flash System\",\"description\":\"Photocopies &amp; Impressions sur ajaccio\",\"potentialAction\":[{\"@type\":\"SearchAction\",\"target\":{\"@type\":\"EntryPoint\",\"urlTemplate\":\"https:\/\/photocopie-ajaccio.com\/photocopie\/?s={search_term_string}\"},\"query-input\":\"required name=search_term_string\"}],\"inLanguage\":\"fr-FR\"},{\"@type\":\"ImageObject\",\"inLanguage\":\"fr-FR\",\"@id\":\"http:\/\/photocopie-ajaccio.com\/photocopie\/bureautique\/plastification\/#primaryimage\",\"url\":\"http:\/\/photocopie-ajaccio.com\/photocopie\/wp-content\/uploads\/plasti.jpg\",\"contentUrl\":\"http:\/\/photocopie-ajaccio.com\/photocopie\/wp-content\/uploads\/plasti.jpg\",\"width\":300,\"height\":220},{\"@type\":\"WebPage\",\"@id\":\"http:\/\/photocopie-ajaccio.com\/photocopie\/bureautique\/plastification\/#webpage\",\"url\":\"http:\/\/photocopie-ajaccio.com\/photocopie\/bureautique\/plastification\/\",\"name\":\"La plastification\",\"isPartOf\":{\"@id\":\"https:\/\/photocopie-ajaccio.com\/photocopie\/#website\"},\"primaryImageOfPage\":{\"@id\":\"http:\/\/photocopie-ajaccio.com\/photocopie\/bureautique\/plastification\/#primaryimage\"},\"datePublished\":\"2013-10-31T09:40:27+00:00\",\"dateModified\":\"2015-03-31T15:14:44+00:00\",\"description\":\"La plastification est un moyen de prot\u00e9ger \u00e0 faible co\u00fbt tous vos documents : menu de restaurant, poster etc...\",\"breadcrumb\":{\"@id\":\"http:\/\/photocopie-ajaccio.com\/photocopie\/bureautique\/plastification\/#breadcrumb\"},\"inLanguage\":\"fr-FR\",\"potentialAction\":[{\"@type\":\"ReadAction\",\"target\":[\"http:\/\/photocopie-ajaccio.com\/photocopie\/bureautique\/plastification\/\"]}]},{\"@type\":\"BreadcrumbList\",\"@id\":\"http:\/\/photocopie-ajaccio.com\/photocopie\/bureautique\/plastification\/#breadcrumb\",\"itemListElement\":[{\"@type\":\"ListItem\",\"position\":1,\"name\":\"Accueil\",\"item\":\"https:\/\/photocopie-ajaccio.com\/photocopie\/\"},{\"@type\":\"ListItem\",\"position\":2,\"name\":\"Bureautique\",\"item\":\"https:\/\/photocopie-ajaccio.com\/photocopie\/bureautique\/\"},{\"@type\":\"ListItem\",\"position\":3,\"name\":\"Plastification\"}]}]}<\/script>\n<!-- \/ Yoast SEO plugin. -->","yoast_head_json":{"title":"La plastification","description":"La plastification est un moyen de prot\u00e9ger \u00e0 faible co\u00fbt tous vos documents : menu de restaurant, poster etc...","robots":{"index":"index","follow":"follow","max-snippet":"max-snippet:-1","max-image-preview":"max-image-preview:large","max-video-preview":"max-video-preview:-1"},"canonical":"http:\/\/photocopie-ajaccio.com\/photocopie\/bureautique\/plastification\/","og_locale":"fr_FR","og_type":"article","og_title":"La plastification","og_description":"La plastification est un moyen de prot\u00e9ger \u00e0 faible co\u00fbt tous vos documents : menu de restaurant, poster etc...","og_url":"http:\/\/photocopie-ajaccio.com\/photocopie\/bureautique\/plastification\/","og_site_name":"Copy Flash System","article_publisher":"https:\/\/www.facebook.com\/cfs.mezzavia","article_modified_time":"2015-03-31T15:14:44+00:00","og_image":[{"url":"http:\/\/photocopie-ajaccio.com\/photocopie\/wp-content\/uploads\/plasti.jpg"}],"schema":{"@context":"https:\/\/schema.org","@graph":[{"@type":"WebSite","@id":"https:\/\/photocopie-ajaccio.com\/photocopie\/#website","url":"https:\/\/photocopie-ajaccio.com\/photocopie\/","name":"Copy Flash System","description":"Photocopies &amp; Impressions sur ajaccio","potentialAction":[{"@type":"SearchAction","target":{"@type":"EntryPoint","urlTemplate":"https:\/\/photocopie-ajaccio.com\/photocopie\/?s={search_term_string}"},"query-input":"required name=search_term_string"}],"inLanguage":"fr-FR"},{"@type":"ImageObject","inLanguage":"fr-FR","@id":"http:\/\/photocopie-ajaccio.com\/photocopie\/bureautique\/plastification\/#primaryimage","url":"http:\/\/photocopie-ajaccio.com\/photocopie\/wp-content\/uploads\/plasti.jpg","contentUrl":"http:\/\/photocopie-ajaccio.com\/photocopie\/wp-content\/uploads\/plasti.jpg","width":300,"height":220},{"@type":"WebPage","@id":"http:\/\/photocopie-ajaccio.com\/photocopie\/bureautique\/plastification\/#webpage","url":"http:\/\/photocopie-ajaccio.com\/photocopie\/bureautique\/plastification\/","name":"La plastification","isPartOf":{"@id":"https:\/\/photocopie-ajaccio.com\/photocopie\/#website"},"primaryImageOfPage":{"@id":"http:\/\/photocopie-ajaccio.com\/photocopie\/bureautique\/plastification\/#primaryimage"},"datePublished":"2013-10-31T09:40:27+00:00","dateModified":"2015-03-31T15:14:44+00:00","description":"La plastification est un moyen de prot\u00e9ger \u00e0 faible co\u00fbt tous vos documents : menu de restaurant, poster etc...","breadcrumb":{"@id":"http:\/\/photocopie-ajaccio.com\/photocopie\/bureautique\/plastification\/#breadcrumb"},"inLanguage":"fr-FR","potentialAction":[{"@type":"ReadAction","target":["http:\/\/photocopie-ajaccio.com\/photocopie\/bureautique\/plastification\/"]}]},{"@type":"BreadcrumbList","@id":"http:\/\/photocopie-ajaccio.com\/photocopie\/bureautique\/plastification\/#breadcrumb","itemListElement":[{"@type":"ListItem","position":1,"name":"Accueil","item":"https:\/\/photocopie-ajaccio.com\/photocopie\/"},{"@type":"ListItem","position":2,"name":"Bureautique","item":"https:\/\/photocopie-ajaccio.com\/photocopie\/bureautique\/"},{"@type":"ListItem","position":3,"name":"Plastification"}]}]}},"_links":{"self":[{"href":"http:\/\/photocopie-ajaccio.com\/photocopie\/wp-json\/wp\/v2\/pages\/50","targetHints":{"allow":["GET"]}}],"collection":[{"href":"http:\/\/photocopie-ajaccio.com\/photocopie\/wp-json\/wp\/v2\/pages"}],"about":[{"href":"http:\/\/photocopie-ajaccio.com\/photocopie\/wp-json\/wp\/v2\/types\/page"}],"author":[{"embeddable":true,"href":"http:\/\/photocopie-ajaccio.com\/photocopie\/wp-json\/wp\/v2\/users\/1"}],"replies":[{"embeddable":true,"href":"http:\/\/photocopie-ajaccio.com\/photocopie\/wp-json\/wp\/v2\/comments?post=50"}],"version-history":[{"count":0,"href":"http:\/\/photocopie-ajaccio.com\/photocopie\/wp-json\/wp\/v2\/pages\/50\/revisions"}],"up":[{"embeddable":true,"href":"http:\/\/photocopie-ajaccio.com\/photocopie\/wp-json\/wp\/v2\/pages\/46"}],"wp:attachment":[{"href":"http:\/\/photocopie-ajaccio.com\/photocopie\/wp-json\/wp\/v2\/media?parent=50"}],"curies":[{"name":"wp","href":"https:\/\/api.w.org\/{rel}","templated":true}]}}