{"id":515,"date":"2015-03-25T16:31:28","date_gmt":"2015-03-25T15:31:28","guid":{"rendered":"http:\/\/photocopie-ajaccio.com\/photocopie\/?page_id=515"},"modified":"2015-03-25T17:05:17","modified_gmt":"2015-03-25T16:05:17","slug":"nos-autres-prestations","status":"publish","type":"page","link":"http:\/\/photocopie-ajaccio.com\/photocopie\/nos-autres-prestations\/","title":{"rendered":"Nos autres prestations"},"content":{"rendered":"<h1 style=\"text-align: center;\">Nos autres prestations<\/h1>\n<h2>Copy Flash System propose une multitude de prestations :<\/h2>\n<h3>Bureautiques<\/h3>\n<p>&#8211; Reliure<br \/>\n&#8211; Plastification<br \/>\n&#8211; Fa\u00e7onnage<\/p>\n<p>&#8211; Photos d&rsquo;identit\u00e9s<br \/>\n&#8211; Scan de documents<br \/>\n&#8211; Envois de fax et de mail<\/p>\n<h3><a href=\"http:\/\/photocopie-ajaccio.com\/photocopie\/flocage\/\">Flocage<br \/>\n<\/a>Maillots de sports<br \/>\nV\u00eatements publicitaire<\/h3>\n<h3>Objets publicitaires<\/h3>\n","protected":false},"excerpt":{"rendered":"<p>Nos autres prestations Copy Flash System propose une multitude de prestations : Bureautiques &#8211; Reliure &#8211; Plastification &#8211; Fa\u00e7onnage &#8211; Photos d&rsquo;identit\u00e9s &#8211; Scan de documents &#8211; Envois de fax et de mail Flocage Maillots de sports V\u00eatements publicitaire Objets publicitaires<\/p>\n","protected":false},"author":1,"featured_media":0,"parent":0,"menu_order":0,"comment_status":"open","ping_status":"open","template":"","meta":{"footnotes":""},"class_list":["post-515","page","type-page","status-publish","hentry"],"yoast_head":"<!-- This site is optimized with the Yoast SEO plugin v18.8 - https:\/\/yoast.com\/wordpress\/plugins\/seo\/ -->\n<title>Nos autres prestations - Copy Flash System<\/title>\n<meta name=\"robots\" content=\"index, follow, max-snippet:-1, max-image-preview:large, max-video-preview:-1\" \/>\n<link rel=\"canonical\" href=\"https:\/\/photocopie-ajaccio.com\/photocopie\/nos-autres-prestations\/\" \/>\n<meta property=\"og:locale\" content=\"fr_FR\" \/>\n<meta property=\"og:type\" content=\"article\" \/>\n<meta property=\"og:title\" content=\"Nos autres prestations - Copy Flash System\" \/>\n<meta property=\"og:description\" content=\"Nos autres prestations Copy Flash System propose une multitude de prestations : Bureautiques &#8211; Reliure &#8211; Plastification &#8211; Fa\u00e7onnage &#8211; Photos d&rsquo;identit\u00e9s &#8211; Scan de documents &#8211; Envois de fax et de mail Flocage Maillots de sports V\u00eatements publicitaire Objets publicitaires\" \/>\n<meta property=\"og:url\" content=\"https:\/\/photocopie-ajaccio.com\/photocopie\/nos-autres-prestations\/\" \/>\n<meta property=\"og:site_name\" content=\"Copy Flash System\" \/>\n<meta property=\"article:publisher\" content=\"https:\/\/www.facebook.com\/cfs.mezzavia\" \/>\n<meta property=\"article:modified_time\" content=\"2015-03-25T16:05:17+00:00\" \/>\n<script type=\"application\/ld+json\" class=\"yoast-schema-graph\">{\"@context\":\"https:\/\/schema.org\",\"@graph\":[{\"@type\":\"WebSite\",\"@id\":\"https:\/\/photocopie-ajaccio.com\/photocopie\/#website\",\"url\":\"https:\/\/photocopie-ajaccio.com\/photocopie\/\",\"name\":\"Copy Flash System\",\"description\":\"Photocopies &amp; Impressions sur ajaccio\",\"potentialAction\":[{\"@type\":\"SearchAction\",\"target\":{\"@type\":\"EntryPoint\",\"urlTemplate\":\"https:\/\/photocopie-ajaccio.com\/photocopie\/?s={search_term_string}\"},\"query-input\":\"required name=search_term_string\"}],\"inLanguage\":\"fr-FR\"},{\"@type\":\"WebPage\",\"@id\":\"https:\/\/photocopie-ajaccio.com\/photocopie\/nos-autres-prestations\/#webpage\",\"url\":\"https:\/\/photocopie-ajaccio.com\/photocopie\/nos-autres-prestations\/\",\"name\":\"Nos autres prestations - Copy Flash System\",\"isPartOf\":{\"@id\":\"https:\/\/photocopie-ajaccio.com\/photocopie\/#website\"},\"datePublished\":\"2015-03-25T15:31:28+00:00\",\"dateModified\":\"2015-03-25T16:05:17+00:00\",\"breadcrumb\":{\"@id\":\"https:\/\/photocopie-ajaccio.com\/photocopie\/nos-autres-prestations\/#breadcrumb\"},\"inLanguage\":\"fr-FR\",\"potentialAction\":[{\"@type\":\"ReadAction\",\"target\":[\"https:\/\/photocopie-ajaccio.com\/photocopie\/nos-autres-prestations\/\"]}]},{\"@type\":\"BreadcrumbList\",\"@id\":\"https:\/\/photocopie-ajaccio.com\/photocopie\/nos-autres-prestations\/#breadcrumb\",\"itemListElement\":[{\"@type\":\"ListItem\",\"position\":1,\"name\":\"Accueil\",\"item\":\"https:\/\/photocopie-ajaccio.com\/photocopie\/\"},{\"@type\":\"ListItem\",\"position\":2,\"name\":\"Nos autres prestations\"}]}]}<\/script>\n<!-- \/ Yoast SEO plugin. -->","yoast_head_json":{"title":"Nos autres prestations - Copy Flash System","robots":{"index":"index","follow":"follow","max-snippet":"max-snippet:-1","max-image-preview":"max-image-preview:large","max-video-preview":"max-video-preview:-1"},"canonical":"https:\/\/photocopie-ajaccio.com\/photocopie\/nos-autres-prestations\/","og_locale":"fr_FR","og_type":"article","og_title":"Nos autres prestations - Copy Flash System","og_description":"Nos autres prestations Copy Flash System propose une multitude de prestations : Bureautiques &#8211; Reliure &#8211; Plastification &#8211; Fa\u00e7onnage &#8211; Photos d&rsquo;identit\u00e9s &#8211; Scan de documents &#8211; Envois de fax et de mail Flocage Maillots de sports V\u00eatements publicitaire Objets publicitaires","og_url":"https:\/\/photocopie-ajaccio.com\/photocopie\/nos-autres-prestations\/","og_site_name":"Copy Flash System","article_publisher":"https:\/\/www.facebook.com\/cfs.mezzavia","article_modified_time":"2015-03-25T16:05:17+00:00","schema":{"@context":"https:\/\/schema.org","@graph":[{"@type":"WebSite","@id":"https:\/\/photocopie-ajaccio.com\/photocopie\/#website","url":"https:\/\/photocopie-ajaccio.com\/photocopie\/","name":"Copy Flash System","description":"Photocopies &amp; Impressions sur ajaccio","potentialAction":[{"@type":"SearchAction","target":{"@type":"EntryPoint","urlTemplate":"https:\/\/photocopie-ajaccio.com\/photocopie\/?s={search_term_string}"},"query-input":"required name=search_term_string"}],"inLanguage":"fr-FR"},{"@type":"WebPage","@id":"https:\/\/photocopie-ajaccio.com\/photocopie\/nos-autres-prestations\/#webpage","url":"https:\/\/photocopie-ajaccio.com\/photocopie\/nos-autres-prestations\/","name":"Nos autres prestations - Copy Flash System","isPartOf":{"@id":"https:\/\/photocopie-ajaccio.com\/photocopie\/#website"},"datePublished":"2015-03-25T15:31:28+00:00","dateModified":"2015-03-25T16:05:17+00:00","breadcrumb":{"@id":"https:\/\/photocopie-ajaccio.com\/photocopie\/nos-autres-prestations\/#breadcrumb"},"inLanguage":"fr-FR","potentialAction":[{"@type":"ReadAction","target":["https:\/\/photocopie-ajaccio.com\/photocopie\/nos-autres-prestations\/"]}]},{"@type":"BreadcrumbList","@id":"https:\/\/photocopie-ajaccio.com\/photocopie\/nos-autres-prestations\/#breadcrumb","itemListElement":[{"@type":"ListItem","position":1,"name":"Accueil","item":"https:\/\/photocopie-ajaccio.com\/photocopie\/"},{"@type":"ListItem","position":2,"name":"Nos autres prestations"}]}]}},"_links":{"self":[{"href":"http:\/\/photocopie-ajaccio.com\/photocopie\/wp-json\/wp\/v2\/pages\/515","targetHints":{"allow":["GET"]}}],"collection":[{"href":"http:\/\/photocopie-ajaccio.com\/photocopie\/wp-json\/wp\/v2\/pages"}],"about":[{"href":"http:\/\/photocopie-ajaccio.com\/photocopie\/wp-json\/wp\/v2\/types\/page"}],"author":[{"embeddable":true,"href":"http:\/\/photocopie-ajaccio.com\/photocopie\/wp-json\/wp\/v2\/users\/1"}],"replies":[{"embeddable":true,"href":"http:\/\/photocopie-ajaccio.com\/photocopie\/wp-json\/wp\/v2\/comments?post=515"}],"version-history":[{"count":0,"href":"http:\/\/photocopie-ajaccio.com\/photocopie\/wp-json\/wp\/v2\/pages\/515\/revisions"}],"wp:attachment":[{"href":"http:\/\/photocopie-ajaccio.com\/photocopie\/wp-json\/wp\/v2\/media?parent=515"}],"curies":[{"name":"wp","href":"https:\/\/api.w.org\/{rel}","templated":true}]}}