{"id":60,"date":"2013-10-31T10:42:19","date_gmt":"2013-10-31T09:42:19","guid":{"rendered":"http:\/\/photocopie-ajaccio.com\/photocopie\/?page_id=60"},"modified":"2015-03-31T08:22:03","modified_gmt":"2015-03-31T07:22:03","slug":"vetement-publicitaire","status":"publish","type":"page","link":"http:\/\/photocopie-ajaccio.com\/photocopie\/flocage\/vetement-publicitaire\/","title":{"rendered":"V\u00eatement publicitaire"},"content":{"rendered":"<h1 style=\"text-align: center;\">V\u00eatement publicitaire<\/h1>\n<h3>Les <strong>v\u00eatements personnalisables<\/strong> sont devenus au fil du temps les <strong>v\u00eatements promotionnels<\/strong>,qui ont un but publicitaire afin de v\u00e9hiculer une image de fa\u00e7on professionnel. Copy Flash System \u00a0saura imprimer avec fid\u00e9lit\u00e9 vos logos et autres messages publicitaires.<\/h3>\n<p><a href=\"http:\/\/photocopie-ajaccio.com\/photocopie\/wp-content\/uploads\/2013\/10\/tshirt.jpg\"><img loading=\"lazy\" decoding=\"async\" class=\"aligncenter  wp-image-696\" src=\"http:\/\/photocopie-ajaccio.com\/photocopie\/wp-content\/uploads\/2013\/10\/tshirt.jpg\" alt=\"tshirt\" width=\"339\" height=\"292\" \/><\/a><\/p>\n<p>&nbsp;<\/p>\n<p><span style=\"font-size: 14pt;\">Textiles publicitaires &#8211; tee shirt personnalis\u00e9 &#8211; casquette publicitaire et autre tee-shirt publicitaire et v\u00eatement de travail marqu\u00e9s et personnalis\u00e9s<\/span>.<\/p>\n<p>&nbsp;<\/p>\n","protected":false},"excerpt":{"rendered":"<p>V\u00eatement publicitaire Les v\u00eatements personnalisables sont devenus au fil du temps les v\u00eatements promotionnels,qui ont un but publicitaire afin de v\u00e9hiculer une image de fa\u00e7on professionnel. Copy Flash System \u00a0saura imprimer avec fid\u00e9lit\u00e9 vos logos et autres messages publicitaires. &nbsp; Textiles publicitaires &#8211; tee shirt personnalis\u00e9 &#8211; casquette publicitaire et autre tee-shirt publicitaire et v\u00eatement &hellip;<\/p>\n","protected":false},"author":1,"featured_media":0,"parent":58,"menu_order":0,"comment_status":"open","ping_status":"open","template":"","meta":{"footnotes":""},"class_list":["post-60","page","type-page","status-publish","hentry"],"yoast_head":"<!-- This site is optimized with the Yoast SEO plugin v18.8 - https:\/\/yoast.com\/wordpress\/plugins\/seo\/ -->\n<title>V\u00eatement publicitaire<\/title>\n<meta name=\"description\" content=\"V\u00eatement publicitaire : Les v\u00eatements personnalisables ont un but publicitaire afin de v\u00e9hiculer une image de fa\u00e7on professionnel.\" \/>\n<meta name=\"robots\" content=\"index, follow, max-snippet:-1, max-image-preview:large, max-video-preview:-1\" \/>\n<link rel=\"canonical\" href=\"https:\/\/photocopie-ajaccio.com\/photocopie\/flocage\/vetement-publicitaire\/\" \/>\n<meta property=\"og:locale\" content=\"fr_FR\" \/>\n<meta property=\"og:type\" content=\"article\" \/>\n<meta property=\"og:title\" content=\"V\u00eatement publicitaire\" \/>\n<meta property=\"og:description\" content=\"V\u00eatement publicitaire : Les v\u00eatements personnalisables ont un but publicitaire afin de v\u00e9hiculer une image de fa\u00e7on professionnel.\" \/>\n<meta property=\"og:url\" content=\"https:\/\/photocopie-ajaccio.com\/photocopie\/flocage\/vetement-publicitaire\/\" \/>\n<meta property=\"og:site_name\" content=\"Copy Flash System\" \/>\n<meta property=\"article:publisher\" content=\"https:\/\/www.facebook.com\/cfs.mezzavia\" \/>\n<meta property=\"article:modified_time\" content=\"2015-03-31T07:22:03+00:00\" \/>\n<meta property=\"og:image\" content=\"http:\/\/photocopie-ajaccio.com\/photocopie\/wp-content\/uploads\/2013\/10\/tshirt.jpg\" \/>\n<script type=\"application\/ld+json\" class=\"yoast-schema-graph\">{\"@context\":\"https:\/\/schema.org\",\"@graph\":[{\"@type\":\"WebSite\",\"@id\":\"https:\/\/photocopie-ajaccio.com\/photocopie\/#website\",\"url\":\"https:\/\/photocopie-ajaccio.com\/photocopie\/\",\"name\":\"Copy Flash System\",\"description\":\"Photocopies &amp; Impressions sur ajaccio\",\"potentialAction\":[{\"@type\":\"SearchAction\",\"target\":{\"@type\":\"EntryPoint\",\"urlTemplate\":\"https:\/\/photocopie-ajaccio.com\/photocopie\/?s={search_term_string}\"},\"query-input\":\"required name=search_term_string\"}],\"inLanguage\":\"fr-FR\"},{\"@type\":\"ImageObject\",\"inLanguage\":\"fr-FR\",\"@id\":\"https:\/\/photocopie-ajaccio.com\/photocopie\/flocage\/vetement-publicitaire\/#primaryimage\",\"url\":\"http:\/\/photocopie-ajaccio.com\/photocopie\/wp-content\/uploads\/2013\/10\/tshirt.jpg\",\"contentUrl\":\"http:\/\/photocopie-ajaccio.com\/photocopie\/wp-content\/uploads\/2013\/10\/tshirt.jpg\",\"width\":1086,\"height\":943},{\"@type\":\"WebPage\",\"@id\":\"https:\/\/photocopie-ajaccio.com\/photocopie\/flocage\/vetement-publicitaire\/#webpage\",\"url\":\"https:\/\/photocopie-ajaccio.com\/photocopie\/flocage\/vetement-publicitaire\/\",\"name\":\"V\u00eatement publicitaire\",\"isPartOf\":{\"@id\":\"https:\/\/photocopie-ajaccio.com\/photocopie\/#website\"},\"primaryImageOfPage\":{\"@id\":\"https:\/\/photocopie-ajaccio.com\/photocopie\/flocage\/vetement-publicitaire\/#primaryimage\"},\"datePublished\":\"2013-10-31T09:42:19+00:00\",\"dateModified\":\"2015-03-31T07:22:03+00:00\",\"description\":\"V\u00eatement publicitaire : Les v\u00eatements personnalisables ont un but publicitaire afin de v\u00e9hiculer une image de fa\u00e7on professionnel.\",\"breadcrumb\":{\"@id\":\"https:\/\/photocopie-ajaccio.com\/photocopie\/flocage\/vetement-publicitaire\/#breadcrumb\"},\"inLanguage\":\"fr-FR\",\"potentialAction\":[{\"@type\":\"ReadAction\",\"target\":[\"https:\/\/photocopie-ajaccio.com\/photocopie\/flocage\/vetement-publicitaire\/\"]}]},{\"@type\":\"BreadcrumbList\",\"@id\":\"https:\/\/photocopie-ajaccio.com\/photocopie\/flocage\/vetement-publicitaire\/#breadcrumb\",\"itemListElement\":[{\"@type\":\"ListItem\",\"position\":1,\"name\":\"Accueil\",\"item\":\"https:\/\/photocopie-ajaccio.com\/photocopie\/\"},{\"@type\":\"ListItem\",\"position\":2,\"name\":\"Flocage\",\"item\":\"https:\/\/photocopie-ajaccio.com\/photocopie\/flocage\/\"},{\"@type\":\"ListItem\",\"position\":3,\"name\":\"V\u00eatement publicitaire\"}]}]}<\/script>\n<!-- \/ Yoast SEO plugin. -->","yoast_head_json":{"title":"V\u00eatement publicitaire","description":"V\u00eatement publicitaire : Les v\u00eatements personnalisables ont un but publicitaire afin de v\u00e9hiculer une image de fa\u00e7on professionnel.","robots":{"index":"index","follow":"follow","max-snippet":"max-snippet:-1","max-image-preview":"max-image-preview:large","max-video-preview":"max-video-preview:-1"},"canonical":"https:\/\/photocopie-ajaccio.com\/photocopie\/flocage\/vetement-publicitaire\/","og_locale":"fr_FR","og_type":"article","og_title":"V\u00eatement publicitaire","og_description":"V\u00eatement publicitaire : Les v\u00eatements personnalisables ont un but publicitaire afin de v\u00e9hiculer une image de fa\u00e7on professionnel.","og_url":"https:\/\/photocopie-ajaccio.com\/photocopie\/flocage\/vetement-publicitaire\/","og_site_name":"Copy Flash System","article_publisher":"https:\/\/www.facebook.com\/cfs.mezzavia","article_modified_time":"2015-03-31T07:22:03+00:00","og_image":[{"url":"http:\/\/photocopie-ajaccio.com\/photocopie\/wp-content\/uploads\/2013\/10\/tshirt.jpg"}],"schema":{"@context":"https:\/\/schema.org","@graph":[{"@type":"WebSite","@id":"https:\/\/photocopie-ajaccio.com\/photocopie\/#website","url":"https:\/\/photocopie-ajaccio.com\/photocopie\/","name":"Copy Flash System","description":"Photocopies &amp; Impressions sur ajaccio","potentialAction":[{"@type":"SearchAction","target":{"@type":"EntryPoint","urlTemplate":"https:\/\/photocopie-ajaccio.com\/photocopie\/?s={search_term_string}"},"query-input":"required name=search_term_string"}],"inLanguage":"fr-FR"},{"@type":"ImageObject","inLanguage":"fr-FR","@id":"https:\/\/photocopie-ajaccio.com\/photocopie\/flocage\/vetement-publicitaire\/#primaryimage","url":"http:\/\/photocopie-ajaccio.com\/photocopie\/wp-content\/uploads\/2013\/10\/tshirt.jpg","contentUrl":"http:\/\/photocopie-ajaccio.com\/photocopie\/wp-content\/uploads\/2013\/10\/tshirt.jpg","width":1086,"height":943},{"@type":"WebPage","@id":"https:\/\/photocopie-ajaccio.com\/photocopie\/flocage\/vetement-publicitaire\/#webpage","url":"https:\/\/photocopie-ajaccio.com\/photocopie\/flocage\/vetement-publicitaire\/","name":"V\u00eatement publicitaire","isPartOf":{"@id":"https:\/\/photocopie-ajaccio.com\/photocopie\/#website"},"primaryImageOfPage":{"@id":"https:\/\/photocopie-ajaccio.com\/photocopie\/flocage\/vetement-publicitaire\/#primaryimage"},"datePublished":"2013-10-31T09:42:19+00:00","dateModified":"2015-03-31T07:22:03+00:00","description":"V\u00eatement publicitaire : Les v\u00eatements personnalisables ont un but publicitaire afin de v\u00e9hiculer une image de fa\u00e7on professionnel.","breadcrumb":{"@id":"https:\/\/photocopie-ajaccio.com\/photocopie\/flocage\/vetement-publicitaire\/#breadcrumb"},"inLanguage":"fr-FR","potentialAction":[{"@type":"ReadAction","target":["https:\/\/photocopie-ajaccio.com\/photocopie\/flocage\/vetement-publicitaire\/"]}]},{"@type":"BreadcrumbList","@id":"https:\/\/photocopie-ajaccio.com\/photocopie\/flocage\/vetement-publicitaire\/#breadcrumb","itemListElement":[{"@type":"ListItem","position":1,"name":"Accueil","item":"https:\/\/photocopie-ajaccio.com\/photocopie\/"},{"@type":"ListItem","position":2,"name":"Flocage","item":"https:\/\/photocopie-ajaccio.com\/photocopie\/flocage\/"},{"@type":"ListItem","position":3,"name":"V\u00eatement publicitaire"}]}]}},"_links":{"self":[{"href":"http:\/\/photocopie-ajaccio.com\/photocopie\/wp-json\/wp\/v2\/pages\/60","targetHints":{"allow":["GET"]}}],"collection":[{"href":"http:\/\/photocopie-ajaccio.com\/photocopie\/wp-json\/wp\/v2\/pages"}],"about":[{"href":"http:\/\/photocopie-ajaccio.com\/photocopie\/wp-json\/wp\/v2\/types\/page"}],"author":[{"embeddable":true,"href":"http:\/\/photocopie-ajaccio.com\/photocopie\/wp-json\/wp\/v2\/users\/1"}],"replies":[{"embeddable":true,"href":"http:\/\/photocopie-ajaccio.com\/photocopie\/wp-json\/wp\/v2\/comments?post=60"}],"version-history":[{"count":0,"href":"http:\/\/photocopie-ajaccio.com\/photocopie\/wp-json\/wp\/v2\/pages\/60\/revisions"}],"up":[{"embeddable":true,"href":"http:\/\/photocopie-ajaccio.com\/photocopie\/wp-json\/wp\/v2\/pages\/58"}],"wp:attachment":[{"href":"http:\/\/photocopie-ajaccio.com\/photocopie\/wp-json\/wp\/v2\/media?parent=60"}],"curies":[{"name":"wp","href":"https:\/\/api.w.org\/{rel}","templated":true}]}}