{"id":62,"date":"2013-10-31T10:42:35","date_gmt":"2013-10-31T09:42:35","guid":{"rendered":"http:\/\/photocopie-ajaccio.com\/photocopie\/?page_id=62"},"modified":"2016-02-09T17:37:59","modified_gmt":"2016-02-09T16:37:59","slug":"maillot-de-sport","status":"publish","type":"page","link":"http:\/\/photocopie-ajaccio.com\/photocopie\/flocage\/maillot-de-sport\/","title":{"rendered":"Flocage maillot de sport"},"content":{"rendered":"<h1>Flocage maillot de sport<\/h1>\n<p>Que vous soyez un particulier qui souhaite floquer un maillot pour offrir ou un club de sport, vos \u00e9quipements seront trouver le visuel qu&rsquo;il vous faut.<\/p>\n<p><img loading=\"lazy\" decoding=\"async\" class=\"aligncenter  wp-image-1139\" src=\"http:\/\/photocopie-ajaccio.com\/photocopie\/wp-content\/uploads\/2013\/10\/maillot-de-sport-1024x753.jpg\" alt=\"maillot de sport\" width=\"603\" height=\"444\" \/><strong>Le flocage :<\/strong> Technique de marquage en relief . Impression en profondeur conseill\u00e9e pour les articles \u00e0 grande dur\u00e9e de vie et utilisation courante : maillots, shorts, surv\u00eatements&#8230;<\/p>\n","protected":false},"excerpt":{"rendered":"<p>Flocage maillot de sport Que vous soyez un particulier qui souhaite floquer un maillot pour offrir ou un club de sport, vos \u00e9quipements seront trouver le visuel qu&rsquo;il vous faut. Le flocage : Technique de marquage en relief . Impression en profondeur conseill\u00e9e pour les articles \u00e0 grande dur\u00e9e de vie et utilisation courante : &hellip;<\/p>\n","protected":false},"author":1,"featured_media":0,"parent":58,"menu_order":0,"comment_status":"open","ping_status":"open","template":"","meta":{"footnotes":""},"class_list":["post-62","page","type-page","status-publish","hentry"],"yoast_head":"<!-- This site is optimized with the Yoast SEO plugin v18.8 - https:\/\/yoast.com\/wordpress\/plugins\/seo\/ -->\n<title>Flocage maillot de sport - Copy Flash System<\/title>\n<meta name=\"robots\" content=\"index, follow, max-snippet:-1, max-image-preview:large, max-video-preview:-1\" \/>\n<link rel=\"canonical\" href=\"https:\/\/photocopie-ajaccio.com\/photocopie\/flocage\/maillot-de-sport\/\" \/>\n<meta property=\"og:locale\" content=\"fr_FR\" \/>\n<meta property=\"og:type\" content=\"article\" \/>\n<meta property=\"og:title\" content=\"Flocage maillot de sport - Copy Flash System\" \/>\n<meta property=\"og:description\" content=\"Flocage maillot de sport Que vous soyez un particulier qui souhaite floquer un maillot pour offrir ou un club de sport, vos \u00e9quipements seront trouver le visuel qu&rsquo;il vous faut. Le flocage : Technique de marquage en relief . Impression en profondeur conseill\u00e9e pour les articles \u00e0 grande dur\u00e9e de vie et utilisation courante : &hellip;\" \/>\n<meta property=\"og:url\" content=\"https:\/\/photocopie-ajaccio.com\/photocopie\/flocage\/maillot-de-sport\/\" \/>\n<meta property=\"og:site_name\" content=\"Copy Flash System\" \/>\n<meta property=\"article:publisher\" content=\"https:\/\/www.facebook.com\/cfs.mezzavia\" \/>\n<meta property=\"article:modified_time\" content=\"2016-02-09T16:37:59+00:00\" \/>\n<meta property=\"og:image\" content=\"http:\/\/photocopie-ajaccio.com\/photocopie\/wp-content\/uploads\/2013\/10\/maillot-de-sport-1024x753.jpg\" \/>\n<script type=\"application\/ld+json\" class=\"yoast-schema-graph\">{\"@context\":\"https:\/\/schema.org\",\"@graph\":[{\"@type\":\"WebSite\",\"@id\":\"http:\/\/photocopie-ajaccio.com\/photocopie\/#website\",\"url\":\"http:\/\/photocopie-ajaccio.com\/photocopie\/\",\"name\":\"Copy Flash System\",\"description\":\"Photocopies &amp; Impressions sur ajaccio\",\"potentialAction\":[{\"@type\":\"SearchAction\",\"target\":{\"@type\":\"EntryPoint\",\"urlTemplate\":\"http:\/\/photocopie-ajaccio.com\/photocopie\/?s={search_term_string}\"},\"query-input\":\"required name=search_term_string\"}],\"inLanguage\":\"fr-FR\"},{\"@type\":\"ImageObject\",\"inLanguage\":\"fr-FR\",\"@id\":\"https:\/\/photocopie-ajaccio.com\/photocopie\/flocage\/maillot-de-sport\/#primaryimage\",\"url\":\"http:\/\/photocopie-ajaccio.com\/photocopie\/wp-content\/uploads\/2013\/10\/maillot-de-sport.jpg\",\"contentUrl\":\"http:\/\/photocopie-ajaccio.com\/photocopie\/wp-content\/uploads\/2013\/10\/maillot-de-sport.jpg\",\"width\":2932,\"height\":2157},{\"@type\":\"WebPage\",\"@id\":\"https:\/\/photocopie-ajaccio.com\/photocopie\/flocage\/maillot-de-sport\/#webpage\",\"url\":\"https:\/\/photocopie-ajaccio.com\/photocopie\/flocage\/maillot-de-sport\/\",\"name\":\"Flocage maillot de sport - Copy Flash System\",\"isPartOf\":{\"@id\":\"http:\/\/photocopie-ajaccio.com\/photocopie\/#website\"},\"primaryImageOfPage\":{\"@id\":\"https:\/\/photocopie-ajaccio.com\/photocopie\/flocage\/maillot-de-sport\/#primaryimage\"},\"datePublished\":\"2013-10-31T09:42:35+00:00\",\"dateModified\":\"2016-02-09T16:37:59+00:00\",\"breadcrumb\":{\"@id\":\"https:\/\/photocopie-ajaccio.com\/photocopie\/flocage\/maillot-de-sport\/#breadcrumb\"},\"inLanguage\":\"fr-FR\",\"potentialAction\":[{\"@type\":\"ReadAction\",\"target\":[\"https:\/\/photocopie-ajaccio.com\/photocopie\/flocage\/maillot-de-sport\/\"]}]},{\"@type\":\"BreadcrumbList\",\"@id\":\"https:\/\/photocopie-ajaccio.com\/photocopie\/flocage\/maillot-de-sport\/#breadcrumb\",\"itemListElement\":[{\"@type\":\"ListItem\",\"position\":1,\"name\":\"Accueil\",\"item\":\"http:\/\/photocopie-ajaccio.com\/photocopie\/\"},{\"@type\":\"ListItem\",\"position\":2,\"name\":\"Flocage\",\"item\":\"https:\/\/photocopie-ajaccio.com\/photocopie\/flocage\/\"},{\"@type\":\"ListItem\",\"position\":3,\"name\":\"Flocage maillot de sport\"}]}]}<\/script>\n<!-- \/ Yoast SEO plugin. -->","yoast_head_json":{"title":"Flocage maillot de sport - Copy Flash System","robots":{"index":"index","follow":"follow","max-snippet":"max-snippet:-1","max-image-preview":"max-image-preview:large","max-video-preview":"max-video-preview:-1"},"canonical":"https:\/\/photocopie-ajaccio.com\/photocopie\/flocage\/maillot-de-sport\/","og_locale":"fr_FR","og_type":"article","og_title":"Flocage maillot de sport - Copy Flash System","og_description":"Flocage maillot de sport Que vous soyez un particulier qui souhaite floquer un maillot pour offrir ou un club de sport, vos \u00e9quipements seront trouver le visuel qu&rsquo;il vous faut. Le flocage : Technique de marquage en relief . Impression en profondeur conseill\u00e9e pour les articles \u00e0 grande dur\u00e9e de vie et utilisation courante : &hellip;","og_url":"https:\/\/photocopie-ajaccio.com\/photocopie\/flocage\/maillot-de-sport\/","og_site_name":"Copy Flash System","article_publisher":"https:\/\/www.facebook.com\/cfs.mezzavia","article_modified_time":"2016-02-09T16:37:59+00:00","og_image":[{"url":"http:\/\/photocopie-ajaccio.com\/photocopie\/wp-content\/uploads\/2013\/10\/maillot-de-sport-1024x753.jpg"}],"schema":{"@context":"https:\/\/schema.org","@graph":[{"@type":"WebSite","@id":"http:\/\/photocopie-ajaccio.com\/photocopie\/#website","url":"http:\/\/photocopie-ajaccio.com\/photocopie\/","name":"Copy Flash System","description":"Photocopies &amp; Impressions sur ajaccio","potentialAction":[{"@type":"SearchAction","target":{"@type":"EntryPoint","urlTemplate":"http:\/\/photocopie-ajaccio.com\/photocopie\/?s={search_term_string}"},"query-input":"required name=search_term_string"}],"inLanguage":"fr-FR"},{"@type":"ImageObject","inLanguage":"fr-FR","@id":"https:\/\/photocopie-ajaccio.com\/photocopie\/flocage\/maillot-de-sport\/#primaryimage","url":"http:\/\/photocopie-ajaccio.com\/photocopie\/wp-content\/uploads\/2013\/10\/maillot-de-sport.jpg","contentUrl":"http:\/\/photocopie-ajaccio.com\/photocopie\/wp-content\/uploads\/2013\/10\/maillot-de-sport.jpg","width":2932,"height":2157},{"@type":"WebPage","@id":"https:\/\/photocopie-ajaccio.com\/photocopie\/flocage\/maillot-de-sport\/#webpage","url":"https:\/\/photocopie-ajaccio.com\/photocopie\/flocage\/maillot-de-sport\/","name":"Flocage maillot de sport - Copy Flash System","isPartOf":{"@id":"http:\/\/photocopie-ajaccio.com\/photocopie\/#website"},"primaryImageOfPage":{"@id":"https:\/\/photocopie-ajaccio.com\/photocopie\/flocage\/maillot-de-sport\/#primaryimage"},"datePublished":"2013-10-31T09:42:35+00:00","dateModified":"2016-02-09T16:37:59+00:00","breadcrumb":{"@id":"https:\/\/photocopie-ajaccio.com\/photocopie\/flocage\/maillot-de-sport\/#breadcrumb"},"inLanguage":"fr-FR","potentialAction":[{"@type":"ReadAction","target":["https:\/\/photocopie-ajaccio.com\/photocopie\/flocage\/maillot-de-sport\/"]}]},{"@type":"BreadcrumbList","@id":"https:\/\/photocopie-ajaccio.com\/photocopie\/flocage\/maillot-de-sport\/#breadcrumb","itemListElement":[{"@type":"ListItem","position":1,"name":"Accueil","item":"http:\/\/photocopie-ajaccio.com\/photocopie\/"},{"@type":"ListItem","position":2,"name":"Flocage","item":"https:\/\/photocopie-ajaccio.com\/photocopie\/flocage\/"},{"@type":"ListItem","position":3,"name":"Flocage maillot de sport"}]}]}},"_links":{"self":[{"href":"http:\/\/photocopie-ajaccio.com\/photocopie\/wp-json\/wp\/v2\/pages\/62","targetHints":{"allow":["GET"]}}],"collection":[{"href":"http:\/\/photocopie-ajaccio.com\/photocopie\/wp-json\/wp\/v2\/pages"}],"about":[{"href":"http:\/\/photocopie-ajaccio.com\/photocopie\/wp-json\/wp\/v2\/types\/page"}],"author":[{"embeddable":true,"href":"http:\/\/photocopie-ajaccio.com\/photocopie\/wp-json\/wp\/v2\/users\/1"}],"replies":[{"embeddable":true,"href":"http:\/\/photocopie-ajaccio.com\/photocopie\/wp-json\/wp\/v2\/comments?post=62"}],"version-history":[{"count":0,"href":"http:\/\/photocopie-ajaccio.com\/photocopie\/wp-json\/wp\/v2\/pages\/62\/revisions"}],"up":[{"embeddable":true,"href":"http:\/\/photocopie-ajaccio.com\/photocopie\/wp-json\/wp\/v2\/pages\/58"}],"wp:attachment":[{"href":"http:\/\/photocopie-ajaccio.com\/photocopie\/wp-json\/wp\/v2\/media?parent=62"}],"curies":[{"name":"wp","href":"https:\/\/api.w.org\/{rel}","templated":true}]}}