{"id":66,"date":"2013-10-31T10:42:58","date_gmt":"2013-10-31T09:42:58","guid":{"rendered":"http:\/\/photocopie-ajaccio.com\/photocopie\/?page_id=66"},"modified":"2022-12-23T15:46:57","modified_gmt":"2022-12-23T14:46:57","slug":"contact","status":"publish","type":"page","link":"http:\/\/photocopie-ajaccio.com\/photocopie\/contact\/","title":{"rendered":"Contact"},"content":{"rendered":"<h1 style=\"text-align: center;\"><span style=\"color: #00ccff; font-size: 36pt;\"><strong><span style=\"font-family: verdana,geneva;\">COPY FLASH SYSTEM<\/span><\/strong><\/span><\/h1>\n<h2 style=\"text-align: center;\"><span style=\"font-family: verdana,geneva; font-size: 14pt;\">Les\u00a0jardins de Mezzavia<\/span><br \/>\n<span style=\"font-family: verdana,geneva; font-size: 14pt;\"> (\u00e0 c\u00f4t\u00e9 de la Poste)<\/span><br \/>\n<span style=\"font-family: verdana,geneva; font-size: 14pt;\"> 20167\u00a0Mezzavia<\/span><\/h2>\n<h2 style=\"text-align: center;\"><span style=\"font-size: 18pt;\"><strong><span style=\"font-family: verdana,geneva;\">T\u00e9l.:04 95 20 96 68<\/span><\/strong><\/span><\/h2>\n<h2 style=\"text-align: center;\"><span style=\"font-size: 18pt;\"><strong><span style=\"font-family: verdana,geneva;\">Fax :\u00a009 80 31 06 04<\/span><\/strong><\/span><\/h2>\n<h2 style=\"text-align: center;\"><span style=\"font-family: verdana,geneva; font-size: 18pt;\">Email : <a href=\"copyflashajaccio@yahoo.fr \">copyflashajaccio@yahoo.fr\u00a0<\/a><\/span><\/h2>\n<p style=\"text-align: center;\"><span style=\"font-size: 14pt;\">Ouvert du lundi au vendredi de 8h30 \u00e0 12h et de 14h30 \u00e0 18h00<\/span><\/p>\n<p style=\"text-align: center;\"><span style=\"font-size: 14pt;\">\u00a0<\/span><\/p>\n","protected":false},"excerpt":{"rendered":"<p>COPY FLASH SYSTEM Les\u00a0jardins de Mezzavia (\u00e0 c\u00f4t\u00e9 de la Poste) 20167\u00a0Mezzavia T\u00e9l.:04 95 20 96 68 Fax :\u00a009 80 31 06 04 Email : copyflashajaccio@yahoo.fr\u00a0 Ouvert du lundi au vendredi de 8h30 \u00e0 12h et de 14h30 \u00e0 18h00 \u00a0<\/p>\n","protected":false},"author":1,"featured_media":0,"parent":0,"menu_order":0,"comment_status":"closed","ping_status":"closed","template":"","meta":{"footnotes":""},"class_list":["post-66","page","type-page","status-publish","hentry"],"yoast_head":"<!-- This site is optimized with the Yoast SEO plugin v18.8 - https:\/\/yoast.com\/wordpress\/plugins\/seo\/ -->\n<title>Contact - Copy Flash System<\/title>\n<meta name=\"robots\" content=\"index, follow, max-snippet:-1, max-image-preview:large, max-video-preview:-1\" \/>\n<link rel=\"canonical\" href=\"https:\/\/photocopie-ajaccio.com\/photocopie\/contact\/\" \/>\n<meta property=\"og:locale\" content=\"fr_FR\" \/>\n<meta property=\"og:type\" content=\"article\" \/>\n<meta property=\"og:title\" content=\"Contact - Copy Flash System\" \/>\n<meta property=\"og:description\" content=\"COPY FLASH SYSTEM Les\u00a0jardins de Mezzavia (\u00e0 c\u00f4t\u00e9 de la Poste) 20167\u00a0Mezzavia T\u00e9l.:04 95 20 96 68 Fax :\u00a009 80 31 06 04 Email : copyflashajaccio@yahoo.fr\u00a0 Ouvert du lundi au vendredi de 8h30 \u00e0 12h et de 14h30 \u00e0 18h00 \u00a0\" \/>\n<meta property=\"og:url\" content=\"https:\/\/photocopie-ajaccio.com\/photocopie\/contact\/\" \/>\n<meta property=\"og:site_name\" content=\"Copy Flash System\" \/>\n<meta property=\"article:publisher\" content=\"https:\/\/www.facebook.com\/cfs.mezzavia\" \/>\n<meta property=\"article:modified_time\" content=\"2022-12-23T14:46:57+00:00\" \/>\n<script type=\"application\/ld+json\" class=\"yoast-schema-graph\">{\"@context\":\"https:\/\/schema.org\",\"@graph\":[{\"@type\":\"WebSite\",\"@id\":\"https:\/\/photocopie-ajaccio.com\/photocopie\/#website\",\"url\":\"https:\/\/photocopie-ajaccio.com\/photocopie\/\",\"name\":\"Copy Flash System\",\"description\":\"Photocopies &amp; Impressions sur ajaccio\",\"potentialAction\":[{\"@type\":\"SearchAction\",\"target\":{\"@type\":\"EntryPoint\",\"urlTemplate\":\"https:\/\/photocopie-ajaccio.com\/photocopie\/?s={search_term_string}\"},\"query-input\":\"required name=search_term_string\"}],\"inLanguage\":\"fr-FR\"},{\"@type\":\"WebPage\",\"@id\":\"https:\/\/photocopie-ajaccio.com\/photocopie\/contact\/#webpage\",\"url\":\"https:\/\/photocopie-ajaccio.com\/photocopie\/contact\/\",\"name\":\"Contact - Copy Flash System\",\"isPartOf\":{\"@id\":\"https:\/\/photocopie-ajaccio.com\/photocopie\/#website\"},\"datePublished\":\"2013-10-31T09:42:58+00:00\",\"dateModified\":\"2022-12-23T14:46:57+00:00\",\"breadcrumb\":{\"@id\":\"https:\/\/photocopie-ajaccio.com\/photocopie\/contact\/#breadcrumb\"},\"inLanguage\":\"fr-FR\",\"potentialAction\":[{\"@type\":\"ReadAction\",\"target\":[\"https:\/\/photocopie-ajaccio.com\/photocopie\/contact\/\"]}]},{\"@type\":\"BreadcrumbList\",\"@id\":\"https:\/\/photocopie-ajaccio.com\/photocopie\/contact\/#breadcrumb\",\"itemListElement\":[{\"@type\":\"ListItem\",\"position\":1,\"name\":\"Accueil\",\"item\":\"https:\/\/photocopie-ajaccio.com\/photocopie\/\"},{\"@type\":\"ListItem\",\"position\":2,\"name\":\"Contact\"}]}]}<\/script>\n<!-- \/ Yoast SEO plugin. -->","yoast_head_json":{"title":"Contact - Copy Flash System","robots":{"index":"index","follow":"follow","max-snippet":"max-snippet:-1","max-image-preview":"max-image-preview:large","max-video-preview":"max-video-preview:-1"},"canonical":"https:\/\/photocopie-ajaccio.com\/photocopie\/contact\/","og_locale":"fr_FR","og_type":"article","og_title":"Contact - Copy Flash System","og_description":"COPY FLASH SYSTEM Les\u00a0jardins de Mezzavia (\u00e0 c\u00f4t\u00e9 de la Poste) 20167\u00a0Mezzavia T\u00e9l.:04 95 20 96 68 Fax :\u00a009 80 31 06 04 Email : copyflashajaccio@yahoo.fr\u00a0 Ouvert du lundi au vendredi de 8h30 \u00e0 12h et de 14h30 \u00e0 18h00 \u00a0","og_url":"https:\/\/photocopie-ajaccio.com\/photocopie\/contact\/","og_site_name":"Copy Flash System","article_publisher":"https:\/\/www.facebook.com\/cfs.mezzavia","article_modified_time":"2022-12-23T14:46:57+00:00","schema":{"@context":"https:\/\/schema.org","@graph":[{"@type":"WebSite","@id":"https:\/\/photocopie-ajaccio.com\/photocopie\/#website","url":"https:\/\/photocopie-ajaccio.com\/photocopie\/","name":"Copy Flash System","description":"Photocopies &amp; Impressions sur ajaccio","potentialAction":[{"@type":"SearchAction","target":{"@type":"EntryPoint","urlTemplate":"https:\/\/photocopie-ajaccio.com\/photocopie\/?s={search_term_string}"},"query-input":"required name=search_term_string"}],"inLanguage":"fr-FR"},{"@type":"WebPage","@id":"https:\/\/photocopie-ajaccio.com\/photocopie\/contact\/#webpage","url":"https:\/\/photocopie-ajaccio.com\/photocopie\/contact\/","name":"Contact - Copy Flash System","isPartOf":{"@id":"https:\/\/photocopie-ajaccio.com\/photocopie\/#website"},"datePublished":"2013-10-31T09:42:58+00:00","dateModified":"2022-12-23T14:46:57+00:00","breadcrumb":{"@id":"https:\/\/photocopie-ajaccio.com\/photocopie\/contact\/#breadcrumb"},"inLanguage":"fr-FR","potentialAction":[{"@type":"ReadAction","target":["https:\/\/photocopie-ajaccio.com\/photocopie\/contact\/"]}]},{"@type":"BreadcrumbList","@id":"https:\/\/photocopie-ajaccio.com\/photocopie\/contact\/#breadcrumb","itemListElement":[{"@type":"ListItem","position":1,"name":"Accueil","item":"https:\/\/photocopie-ajaccio.com\/photocopie\/"},{"@type":"ListItem","position":2,"name":"Contact"}]}]}},"_links":{"self":[{"href":"http:\/\/photocopie-ajaccio.com\/photocopie\/wp-json\/wp\/v2\/pages\/66","targetHints":{"allow":["GET"]}}],"collection":[{"href":"http:\/\/photocopie-ajaccio.com\/photocopie\/wp-json\/wp\/v2\/pages"}],"about":[{"href":"http:\/\/photocopie-ajaccio.com\/photocopie\/wp-json\/wp\/v2\/types\/page"}],"author":[{"embeddable":true,"href":"http:\/\/photocopie-ajaccio.com\/photocopie\/wp-json\/wp\/v2\/users\/1"}],"replies":[{"embeddable":true,"href":"http:\/\/photocopie-ajaccio.com\/photocopie\/wp-json\/wp\/v2\/comments?post=66"}],"version-history":[{"count":1,"href":"http:\/\/photocopie-ajaccio.com\/photocopie\/wp-json\/wp\/v2\/pages\/66\/revisions"}],"predecessor-version":[{"id":1752,"href":"http:\/\/photocopie-ajaccio.com\/photocopie\/wp-json\/wp\/v2\/pages\/66\/revisions\/1752"}],"wp:attachment":[{"href":"http:\/\/photocopie-ajaccio.com\/photocopie\/wp-json\/wp\/v2\/media?parent=66"}],"curies":[{"name":"wp","href":"https:\/\/api.w.org\/{rel}","templated":true}]}}