{"id":918,"date":"2015-04-07T13:25:55","date_gmt":"2015-04-07T12:25:55","guid":{"rendered":"http:\/\/photocopie-ajaccio.com\/photocopie\/?page_id=918"},"modified":"2018-02-28T16:11:40","modified_gmt":"2018-02-28T15:11:40","slug":"demande-de-devis","status":"publish","type":"page","link":"http:\/\/photocopie-ajaccio.com\/photocopie\/demande-de-devis\/","title":{"rendered":"Demande de devis"},"content":{"rendered":"<h1 style=\"text-align: center;\">&nbsp;<\/h1>\n[contact-form to=&rsquo;copyflashajaccio@yahoo.fr&rsquo; subject=&rsquo;Demande de devis depuis photocopie-ajaccio.com&rsquo;][contact-field label=&rsquo;Nom&rsquo; type=&rsquo;name&rsquo; required=&rsquo;1&rsquo;\/][contact-field label=&rsquo;E-mail&rsquo; type=&#8217;email&rsquo; required=&rsquo;1&rsquo;\/][contact-field label=&rsquo;Soci\u00e9t\u00e9&rsquo; type=&rsquo;text&rsquo;\/][contact-field label=&rsquo;T\u00e9l\u00e9phone&rsquo; type=&rsquo;text&rsquo; required=&rsquo;1&rsquo;\/][contact-field label=&rsquo;Quels produits souhaitez vous acheter ?&rsquo; type=&rsquo;text&rsquo;\/][contact-field label=&rsquo;Quantit\u00e9s ?&rsquo; type=&rsquo;text&rsquo;\/][contact-field label=&rsquo;Description de votre commande *&rsquo; type=&rsquo;textarea&rsquo; required=&rsquo;1&rsquo;\/][\/contact-form]\n<p><span style=\"font-size: 14pt;\"><strong>*Merci de d\u00e9tailler votre <\/strong>&nbsp;<strong>devis<\/strong>&nbsp;<\/span><\/p>\n<ul>\n<li><span style=\"font-size: 14pt;\">Si il s&rsquo;agit de photocopies la quantit\u00e9 exacte de photocopies couleurs ou N\/B, si c&rsquo;est \u00e0 partir d&rsquo;un support papier ou num\u00e9rique.<\/span><\/li>\n<li><span style=\"font-size: 14pt;\">Si il s&rsquo;agit d&rsquo;un tampon nous pr\u00e9ciser le nombre de lignes ou recopier le contenus du tampon.<\/span><br \/>\n<span style=\"font-size: 14pt;\"> Si il s&rsquo;agit d&rsquo;une&nbsp; plaque grav\u00e9e pr\u00e9ciser la taille, la couleur du fond et le texte.<\/span><\/li>\n<li><span style=\"font-size: 14pt;\">Si il s&rsquo;agit d&rsquo;un produit de communication (cartes de visite, tracts&#8230;) nous pr\u00e9ciser si vous &nbsp;dispos\u00e9 de la maquette sur format informatique.<\/span><\/li>\n<\/ul>\n<p><strong><span style=\"font-size: 14pt;\">Si vous souhaitez envoyer une pi\u00e8ce jointe merci d&rsquo;envoyer cette pi\u00e8ce jointe par e-mail a <a href=\"mailto:copyflashajaccio@yahoo.fr\">copyflashajaccio@yahoo.fr<\/a>&nbsp;en pr\u00e9cisant votre nom et num\u00e9ro de t\u00e9l\u00e9phone<\/span><\/strong><\/p>\n<p style=\"text-align: center;\"><span style=\"font-size: 18pt;\"><strong>Plus de renseignements t\u00e9l\u00e9phone 04 95 20 96 68<\/strong><\/span><\/p>\n<p>Une r\u00e9ponse rapide vous sera d\u00e9livr\u00e9e dans les plus brefs d\u00e9lais.<\/p>\n<p>&nbsp;<\/p>\n","protected":false},"excerpt":{"rendered":"<p>&nbsp; [contact-form to=&rsquo;copyflashajaccio@yahoo.fr&rsquo; subject=&rsquo;Demande de devis depuis photocopie-ajaccio.com&rsquo;][contact-field label=&rsquo;Nom&rsquo; type=&rsquo;name&rsquo; required=&rsquo;1&rsquo;\/][contact-field label=&rsquo;E-mail&rsquo; type=&#8217;email&rsquo; required=&rsquo;1&rsquo;\/][contact-field label=&rsquo;Soci\u00e9t\u00e9&rsquo; type=&rsquo;text&rsquo;\/][contact-field label=&rsquo;T\u00e9l\u00e9phone&rsquo; type=&rsquo;text&rsquo; required=&rsquo;1&rsquo;\/][contact-field label=&rsquo;Quels produits souhaitez vous acheter ?&rsquo; type=&rsquo;text&rsquo;\/][contact-field label=&rsquo;Quantit\u00e9s ?&rsquo; type=&rsquo;text&rsquo;\/][contact-field label=&rsquo;Description de votre commande *&rsquo; type=&rsquo;textarea&rsquo; required=&rsquo;1&rsquo;\/][\/contact-form] *Merci de d\u00e9tailler votre &nbsp;devis&nbsp; Si il s&rsquo;agit de photocopies la quantit\u00e9 exacte de photocopies couleurs ou N\/B, si &hellip;<\/p>\n","protected":false},"author":1,"featured_media":0,"parent":0,"menu_order":0,"comment_status":"open","ping_status":"open","template":"","meta":{"footnotes":""},"class_list":["post-918","page","type-page","status-publish","hentry"],"yoast_head":"<!-- This site is optimized with the Yoast SEO plugin v18.8 - https:\/\/yoast.com\/wordpress\/plugins\/seo\/ -->\n<title>Demande de devis - Copy Flash System<\/title>\n<meta name=\"robots\" content=\"index, follow, max-snippet:-1, max-image-preview:large, max-video-preview:-1\" \/>\n<link rel=\"canonical\" href=\"https:\/\/photocopie-ajaccio.com\/photocopie\/demande-de-devis\/\" \/>\n<meta property=\"og:locale\" content=\"fr_FR\" \/>\n<meta property=\"og:type\" content=\"article\" \/>\n<meta property=\"og:title\" content=\"Demande de devis - Copy Flash System\" \/>\n<meta property=\"og:description\" content=\"&nbsp; [contact-form to=&rsquo;copyflashajaccio@yahoo.fr&rsquo; subject=&rsquo;Demande de devis depuis photocopie-ajaccio.com&rsquo;][contact-field label=&rsquo;Nom&rsquo; type=&rsquo;name&rsquo; required=&rsquo;1&rsquo;\/][contact-field label=&rsquo;E-mail&rsquo; type=&#8217;email&rsquo; required=&rsquo;1&rsquo;\/][contact-field label=&rsquo;Soci\u00e9t\u00e9&rsquo; type=&rsquo;text&rsquo;\/][contact-field label=&rsquo;T\u00e9l\u00e9phone&rsquo; type=&rsquo;text&rsquo; required=&rsquo;1&rsquo;\/][contact-field label=&rsquo;Quels produits souhaitez vous acheter ?&rsquo; type=&rsquo;text&rsquo;\/][contact-field label=&rsquo;Quantit\u00e9s ?&rsquo; type=&rsquo;text&rsquo;\/][contact-field label=&rsquo;Description de votre commande *&rsquo; type=&rsquo;textarea&rsquo; required=&rsquo;1&rsquo;\/][\/contact-form] *Merci de d\u00e9tailler votre &nbsp;devis&nbsp; Si il s&rsquo;agit de photocopies la quantit\u00e9 exacte de photocopies couleurs ou N\/B, si &hellip;\" \/>\n<meta property=\"og:url\" content=\"https:\/\/photocopie-ajaccio.com\/photocopie\/demande-de-devis\/\" \/>\n<meta property=\"og:site_name\" content=\"Copy Flash System\" \/>\n<meta property=\"article:publisher\" content=\"https:\/\/www.facebook.com\/cfs.mezzavia\" \/>\n<meta property=\"article:modified_time\" content=\"2018-02-28T15:11:40+00:00\" \/>\n<meta name=\"twitter:label1\" content=\"Dur\u00e9e de lecture estim\u00e9e\" \/>\n\t<meta name=\"twitter:data1\" content=\"1 minute\" \/>\n<script type=\"application\/ld+json\" class=\"yoast-schema-graph\">{\"@context\":\"https:\/\/schema.org\",\"@graph\":[{\"@type\":\"WebSite\",\"@id\":\"https:\/\/photocopie-ajaccio.com\/photocopie\/#website\",\"url\":\"https:\/\/photocopie-ajaccio.com\/photocopie\/\",\"name\":\"Copy Flash System\",\"description\":\"Photocopies &amp; Impressions sur ajaccio\",\"potentialAction\":[{\"@type\":\"SearchAction\",\"target\":{\"@type\":\"EntryPoint\",\"urlTemplate\":\"https:\/\/photocopie-ajaccio.com\/photocopie\/?s={search_term_string}\"},\"query-input\":\"required name=search_term_string\"}],\"inLanguage\":\"fr-FR\"},{\"@type\":\"WebPage\",\"@id\":\"https:\/\/photocopie-ajaccio.com\/photocopie\/demande-de-devis\/#webpage\",\"url\":\"https:\/\/photocopie-ajaccio.com\/photocopie\/demande-de-devis\/\",\"name\":\"Demande de devis - Copy Flash System\",\"isPartOf\":{\"@id\":\"https:\/\/photocopie-ajaccio.com\/photocopie\/#website\"},\"datePublished\":\"2015-04-07T12:25:55+00:00\",\"dateModified\":\"2018-02-28T15:11:40+00:00\",\"breadcrumb\":{\"@id\":\"https:\/\/photocopie-ajaccio.com\/photocopie\/demande-de-devis\/#breadcrumb\"},\"inLanguage\":\"fr-FR\",\"potentialAction\":[{\"@type\":\"ReadAction\",\"target\":[\"https:\/\/photocopie-ajaccio.com\/photocopie\/demande-de-devis\/\"]}]},{\"@type\":\"BreadcrumbList\",\"@id\":\"https:\/\/photocopie-ajaccio.com\/photocopie\/demande-de-devis\/#breadcrumb\",\"itemListElement\":[{\"@type\":\"ListItem\",\"position\":1,\"name\":\"Accueil\",\"item\":\"https:\/\/photocopie-ajaccio.com\/photocopie\/\"},{\"@type\":\"ListItem\",\"position\":2,\"name\":\"Demande de devis\"}]}]}<\/script>\n<!-- \/ Yoast SEO plugin. -->","yoast_head_json":{"title":"Demande de devis - Copy Flash System","robots":{"index":"index","follow":"follow","max-snippet":"max-snippet:-1","max-image-preview":"max-image-preview:large","max-video-preview":"max-video-preview:-1"},"canonical":"https:\/\/photocopie-ajaccio.com\/photocopie\/demande-de-devis\/","og_locale":"fr_FR","og_type":"article","og_title":"Demande de devis - Copy Flash System","og_description":"&nbsp; [contact-form to=&rsquo;copyflashajaccio@yahoo.fr&rsquo; subject=&rsquo;Demande de devis depuis photocopie-ajaccio.com&rsquo;][contact-field label=&rsquo;Nom&rsquo; type=&rsquo;name&rsquo; required=&rsquo;1&rsquo;\/][contact-field label=&rsquo;E-mail&rsquo; type=&#8217;email&rsquo; required=&rsquo;1&rsquo;\/][contact-field label=&rsquo;Soci\u00e9t\u00e9&rsquo; type=&rsquo;text&rsquo;\/][contact-field label=&rsquo;T\u00e9l\u00e9phone&rsquo; type=&rsquo;text&rsquo; required=&rsquo;1&rsquo;\/][contact-field label=&rsquo;Quels produits souhaitez vous acheter ?&rsquo; type=&rsquo;text&rsquo;\/][contact-field label=&rsquo;Quantit\u00e9s ?&rsquo; type=&rsquo;text&rsquo;\/][contact-field label=&rsquo;Description de votre commande *&rsquo; type=&rsquo;textarea&rsquo; required=&rsquo;1&rsquo;\/][\/contact-form] *Merci de d\u00e9tailler votre &nbsp;devis&nbsp; Si il s&rsquo;agit de photocopies la quantit\u00e9 exacte de photocopies couleurs ou N\/B, si &hellip;","og_url":"https:\/\/photocopie-ajaccio.com\/photocopie\/demande-de-devis\/","og_site_name":"Copy Flash System","article_publisher":"https:\/\/www.facebook.com\/cfs.mezzavia","article_modified_time":"2018-02-28T15:11:40+00:00","twitter_misc":{"Dur\u00e9e de lecture estim\u00e9e":"1 minute"},"schema":{"@context":"https:\/\/schema.org","@graph":[{"@type":"WebSite","@id":"https:\/\/photocopie-ajaccio.com\/photocopie\/#website","url":"https:\/\/photocopie-ajaccio.com\/photocopie\/","name":"Copy Flash System","description":"Photocopies &amp; Impressions sur ajaccio","potentialAction":[{"@type":"SearchAction","target":{"@type":"EntryPoint","urlTemplate":"https:\/\/photocopie-ajaccio.com\/photocopie\/?s={search_term_string}"},"query-input":"required name=search_term_string"}],"inLanguage":"fr-FR"},{"@type":"WebPage","@id":"https:\/\/photocopie-ajaccio.com\/photocopie\/demande-de-devis\/#webpage","url":"https:\/\/photocopie-ajaccio.com\/photocopie\/demande-de-devis\/","name":"Demande de devis - Copy Flash System","isPartOf":{"@id":"https:\/\/photocopie-ajaccio.com\/photocopie\/#website"},"datePublished":"2015-04-07T12:25:55+00:00","dateModified":"2018-02-28T15:11:40+00:00","breadcrumb":{"@id":"https:\/\/photocopie-ajaccio.com\/photocopie\/demande-de-devis\/#breadcrumb"},"inLanguage":"fr-FR","potentialAction":[{"@type":"ReadAction","target":["https:\/\/photocopie-ajaccio.com\/photocopie\/demande-de-devis\/"]}]},{"@type":"BreadcrumbList","@id":"https:\/\/photocopie-ajaccio.com\/photocopie\/demande-de-devis\/#breadcrumb","itemListElement":[{"@type":"ListItem","position":1,"name":"Accueil","item":"https:\/\/photocopie-ajaccio.com\/photocopie\/"},{"@type":"ListItem","position":2,"name":"Demande de devis"}]}]}},"_links":{"self":[{"href":"http:\/\/photocopie-ajaccio.com\/photocopie\/wp-json\/wp\/v2\/pages\/918","targetHints":{"allow":["GET"]}}],"collection":[{"href":"http:\/\/photocopie-ajaccio.com\/photocopie\/wp-json\/wp\/v2\/pages"}],"about":[{"href":"http:\/\/photocopie-ajaccio.com\/photocopie\/wp-json\/wp\/v2\/types\/page"}],"author":[{"embeddable":true,"href":"http:\/\/photocopie-ajaccio.com\/photocopie\/wp-json\/wp\/v2\/users\/1"}],"replies":[{"embeddable":true,"href":"http:\/\/photocopie-ajaccio.com\/photocopie\/wp-json\/wp\/v2\/comments?post=918"}],"version-history":[{"count":0,"href":"http:\/\/photocopie-ajaccio.com\/photocopie\/wp-json\/wp\/v2\/pages\/918\/revisions"}],"wp:attachment":[{"href":"http:\/\/photocopie-ajaccio.com\/photocopie\/wp-json\/wp\/v2\/media?parent=918"}],"curies":[{"name":"wp","href":"https:\/\/api.w.org\/{rel}","templated":true}]}}