{"id":56,"date":"2013-10-31T10:41:17","date_gmt":"2013-10-31T09:41:17","guid":{"rendered":"http:\/\/photocopie-ajaccio.com\/photocopie\/?page_id=56"},"modified":"2018-02-28T11:09:57","modified_gmt":"2018-02-28T10:09:57","slug":"photo-didentite","status":"publish","type":"page","link":"https:\/\/photocopie-ajaccio.com\/photocopie\/photo-didentite\/","title":{"rendered":"Vos Photos d\u2019identit\u00e9"},"content":{"rendered":"<p><iframe loading=\"lazy\" src=\"https:\/\/www.youtube.com\/embed\/7Kj07EsKK3Q\" width=\"800\" height=\"500\" frameborder=\"0\" allowfullscreen=\"allowfullscreen\">&lt;span data-mce-type=\u00a0\u00bbbookmark\u00a0\u00bb style=\u00a0\u00bbdisplay: inline-block; width: 0px; overflow: hidden; line-height: 0;\u00a0\u00bb class=\u00a0\u00bbmce_SELRES_start\u00a0\u00bb&gt;\ufeff&lt;\/span&gt;&amp;amp;lt;span data-mce-type=\u00a0\u00bbbookmark\u00a0\u00bb style=\u00a0\u00bbdisplay: inline-block; width: 0px; overflow: hidden; line-height: 0;\u00a0\u00bb class=\u00a0\u00bbmce_SELRES_start\u00a0\u00bb&amp;amp;gt;\ufeff&amp;amp;lt;\/span&amp;amp;gt;<\/iframe><\/p>\n<h1 style=\"text-align: center;\">Vos Photos d\u2019identit\u00e9<\/h1>\n<h2>Photo d\u2019identit\u00e9 minute, Copy Flash System vous propose de faire vos photos d&rsquo;identit\u00e9 pour tous vos documents administratifs :<\/h2>\n<p><img loading=\"lazy\" decoding=\"async\" class=\"aligncenter size-full wp-image-1320\" src=\"http:\/\/photocopie-ajaccio.com\/photocopie\/wp-content\/uploads\/2013\/10\/shop_slide_photomaton.jpg\" alt=\"\" width=\"700\" height=\"350\"><\/p>\n<p><span style=\"font-size: 14pt;\">Carte d&rsquo;identit\u00e9, passeport, permis de conduire, permis de chasse, de p\u00eache etc&#8230;<\/span><\/p>\n<p><span style=\"font-size: 14pt;\">Photos pour vos inscriptions scolaire, universitaire etc&#8230;<\/span><\/p>\n<p><span style=\"font-size: 14pt;\">Pas besoin de rendez vous entre la prise de vue et le d\u00e9veloppement 5 minutes suffisent.<\/span><\/p>\n<p style=\"text-align: center;\"><span style=\"font-size: 14pt;\"><strong>Faites aussi vos&nbsp;&nbsp;photo et signature num\u00e9ris\u00e9e.&nbsp;<\/strong><\/span><\/p>\n<p><span style=\"font-size: 14pt;\">Lorsque vous effectuez une&nbsp; demande de permis de conduire en ligne, vous pouvez aussi transmettre de mani\u00e8re d\u00e9mat\u00e9rialis\u00e9e votre photographie et votre signature. Pour que ces donn\u00e9es soient accept\u00e9es, il faut qu\u2019elles soient produites selon des modalit\u00e9s d\u00e9finies par l\u2019ANTS&nbsp;: Copy Flash System est agr\u00e9\u00e9s pour ce t\u00e9l\u00e9-service.&nbsp;<\/span><\/p>\n<p><img loading=\"lazy\" decoding=\"async\" class=\"aligncenter size-large wp-image-1319\" src=\"http:\/\/photocopie-ajaccio.com\/photocopie\/wp-content\/uploads\/2013\/10\/Photot-ANTS-1024x728.jpg\" alt=\"\" width=\"800\" height=\"600\"><\/p>\n<p>&nbsp;<\/p>\n","protected":false},"excerpt":{"rendered":"<p>&lt;span data-mce-type=\u00a0\u00bbbookmark\u00a0\u00bb style=\u00a0\u00bbdisplay: inline-block; width: 0px; overflow: hidden; line-height: 0;\u00a0\u00bb class=\u00a0\u00bbmce_SELRES_start\u00a0\u00bb&gt;\ufeff&lt;\/span&gt;&amp;amp;lt;span data-mce-type=\u00a0\u00bbbookmark\u00a0\u00bb style=\u00a0\u00bbdisplay: inline-block; width: 0px; overflow: hidden; line-height: 0;\u00a0\u00bb class=\u00a0\u00bbmce_SELRES_start\u00a0\u00bb&amp;amp;gt;\ufeff&amp;amp;lt;\/span&amp;amp;gt; Vos Photos d\u2019identit\u00e9 Photo d\u2019identit\u00e9 minute, Copy Flash System vous propose de faire vos photos d&rsquo;identit\u00e9 pour tous vos documents administratifs : Carte d&rsquo;identit\u00e9, passeport, permis de conduire, permis de chasse, de p\u00eache etc&#8230; &hellip;<\/p>\n","protected":false},"author":1,"featured_media":0,"parent":0,"menu_order":0,"comment_status":"open","ping_status":"open","template":"","meta":{"footnotes":""},"class_list":["post-56","page","type-page","status-publish","hentry"],"yoast_head":"<!-- This site is optimized with the Yoast SEO plugin v18.8 - https:\/\/yoast.com\/wordpress\/plugins\/seo\/ -->\n<title>Vos Photos d\u2019identit\u00e9 - Copy Flash System<\/title>\n<meta name=\"description\" content=\"Vos Photos d\u2019identit\u00e9 : Photo d\u2019identit\u00e9 minute, Copy Flash System vous propose de faire vos photos d&#039;identit\u00e9 pour tous vos documents administratifs :\" \/>\n<meta name=\"robots\" content=\"index, follow, max-snippet:-1, max-image-preview:large, max-video-preview:-1\" \/>\n<link rel=\"canonical\" href=\"http:\/\/photocopie-ajaccio.com\/photocopie\/photo-didentite\/\" \/>\n<meta property=\"og:locale\" content=\"fr_FR\" \/>\n<meta property=\"og:type\" content=\"article\" \/>\n<meta property=\"og:title\" content=\"Vos Photos d\u2019identit\u00e9 - Copy Flash System\" \/>\n<meta property=\"og:description\" content=\"Vos Photos d\u2019identit\u00e9 : Photo d\u2019identit\u00e9 minute, Copy Flash System vous propose de faire vos photos d&#039;identit\u00e9 pour tous vos documents administratifs :\" \/>\n<meta property=\"og:url\" content=\"http:\/\/photocopie-ajaccio.com\/photocopie\/photo-didentite\/\" \/>\n<meta property=\"og:site_name\" content=\"Copy Flash System\" \/>\n<meta property=\"article:publisher\" content=\"https:\/\/www.facebook.com\/cfs.mezzavia\" \/>\n<meta property=\"article:modified_time\" content=\"2018-02-28T10:09:57+00:00\" \/>\n<meta property=\"og:image\" content=\"http:\/\/photocopie-ajaccio.com\/photocopie\/wp-content\/uploads\/2013\/10\/shop_slide_photomaton.jpg\" \/>\n<meta name=\"twitter:label1\" content=\"Dur\u00e9e de lecture estim\u00e9e\" \/>\n\t<meta name=\"twitter:data1\" content=\"1 minute\" \/>\n<script type=\"application\/ld+json\" class=\"yoast-schema-graph\">{\"@context\":\"https:\/\/schema.org\",\"@graph\":[{\"@type\":\"WebSite\",\"@id\":\"https:\/\/photocopie-ajaccio.com\/photocopie\/#website\",\"url\":\"https:\/\/photocopie-ajaccio.com\/photocopie\/\",\"name\":\"Copy Flash System\",\"description\":\"Photocopies &amp; Impressions sur ajaccio\",\"potentialAction\":[{\"@type\":\"SearchAction\",\"target\":{\"@type\":\"EntryPoint\",\"urlTemplate\":\"https:\/\/photocopie-ajaccio.com\/photocopie\/?s={search_term_string}\"},\"query-input\":\"required name=search_term_string\"}],\"inLanguage\":\"fr-FR\"},{\"@type\":\"ImageObject\",\"inLanguage\":\"fr-FR\",\"@id\":\"http:\/\/photocopie-ajaccio.com\/photocopie\/photo-didentite\/#primaryimage\",\"url\":\"https:\/\/photocopie-ajaccio.com\/photocopie\/wp-content\/uploads\/2013\/10\/shop_slide_photomaton.jpg\",\"contentUrl\":\"https:\/\/photocopie-ajaccio.com\/photocopie\/wp-content\/uploads\/2013\/10\/shop_slide_photomaton.jpg\",\"width\":700,\"height\":350},{\"@type\":\"WebPage\",\"@id\":\"http:\/\/photocopie-ajaccio.com\/photocopie\/photo-didentite\/#webpage\",\"url\":\"http:\/\/photocopie-ajaccio.com\/photocopie\/photo-didentite\/\",\"name\":\"Vos Photos d\u2019identit\u00e9 - Copy Flash System\",\"isPartOf\":{\"@id\":\"https:\/\/photocopie-ajaccio.com\/photocopie\/#website\"},\"primaryImageOfPage\":{\"@id\":\"http:\/\/photocopie-ajaccio.com\/photocopie\/photo-didentite\/#primaryimage\"},\"datePublished\":\"2013-10-31T09:41:17+00:00\",\"dateModified\":\"2018-02-28T10:09:57+00:00\",\"description\":\"Vos Photos d\u2019identit\u00e9 : Photo d\u2019identit\u00e9 minute, Copy Flash System vous propose de faire vos photos d'identit\u00e9 pour tous vos documents administratifs :\",\"breadcrumb\":{\"@id\":\"http:\/\/photocopie-ajaccio.com\/photocopie\/photo-didentite\/#breadcrumb\"},\"inLanguage\":\"fr-FR\",\"potentialAction\":[{\"@type\":\"ReadAction\",\"target\":[\"http:\/\/photocopie-ajaccio.com\/photocopie\/photo-didentite\/\"]}]},{\"@type\":\"BreadcrumbList\",\"@id\":\"http:\/\/photocopie-ajaccio.com\/photocopie\/photo-didentite\/#breadcrumb\",\"itemListElement\":[{\"@type\":\"ListItem\",\"position\":1,\"name\":\"Accueil\",\"item\":\"https:\/\/photocopie-ajaccio.com\/photocopie\/\"},{\"@type\":\"ListItem\",\"position\":2,\"name\":\"Vos Photos d\u2019identit\u00e9\"}]}]}<\/script>\n<!-- \/ Yoast SEO plugin. -->","yoast_head_json":{"title":"Vos Photos d\u2019identit\u00e9 - Copy Flash System","description":"Vos Photos d\u2019identit\u00e9 : Photo d\u2019identit\u00e9 minute, Copy Flash System vous propose de faire vos photos d'identit\u00e9 pour tous vos documents administratifs :","robots":{"index":"index","follow":"follow","max-snippet":"max-snippet:-1","max-image-preview":"max-image-preview:large","max-video-preview":"max-video-preview:-1"},"canonical":"http:\/\/photocopie-ajaccio.com\/photocopie\/photo-didentite\/","og_locale":"fr_FR","og_type":"article","og_title":"Vos Photos d\u2019identit\u00e9 - Copy Flash System","og_description":"Vos Photos d\u2019identit\u00e9 : Photo d\u2019identit\u00e9 minute, Copy Flash System vous propose de faire vos photos d'identit\u00e9 pour tous vos documents administratifs :","og_url":"http:\/\/photocopie-ajaccio.com\/photocopie\/photo-didentite\/","og_site_name":"Copy Flash System","article_publisher":"https:\/\/www.facebook.com\/cfs.mezzavia","article_modified_time":"2018-02-28T10:09:57+00:00","og_image":[{"url":"http:\/\/photocopie-ajaccio.com\/photocopie\/wp-content\/uploads\/2013\/10\/shop_slide_photomaton.jpg"}],"twitter_misc":{"Dur\u00e9e de lecture estim\u00e9e":"1 minute"},"schema":{"@context":"https:\/\/schema.org","@graph":[{"@type":"WebSite","@id":"https:\/\/photocopie-ajaccio.com\/photocopie\/#website","url":"https:\/\/photocopie-ajaccio.com\/photocopie\/","name":"Copy Flash System","description":"Photocopies &amp; Impressions sur ajaccio","potentialAction":[{"@type":"SearchAction","target":{"@type":"EntryPoint","urlTemplate":"https:\/\/photocopie-ajaccio.com\/photocopie\/?s={search_term_string}"},"query-input":"required name=search_term_string"}],"inLanguage":"fr-FR"},{"@type":"ImageObject","inLanguage":"fr-FR","@id":"http:\/\/photocopie-ajaccio.com\/photocopie\/photo-didentite\/#primaryimage","url":"https:\/\/photocopie-ajaccio.com\/photocopie\/wp-content\/uploads\/2013\/10\/shop_slide_photomaton.jpg","contentUrl":"https:\/\/photocopie-ajaccio.com\/photocopie\/wp-content\/uploads\/2013\/10\/shop_slide_photomaton.jpg","width":700,"height":350},{"@type":"WebPage","@id":"http:\/\/photocopie-ajaccio.com\/photocopie\/photo-didentite\/#webpage","url":"http:\/\/photocopie-ajaccio.com\/photocopie\/photo-didentite\/","name":"Vos Photos d\u2019identit\u00e9 - Copy Flash System","isPartOf":{"@id":"https:\/\/photocopie-ajaccio.com\/photocopie\/#website"},"primaryImageOfPage":{"@id":"http:\/\/photocopie-ajaccio.com\/photocopie\/photo-didentite\/#primaryimage"},"datePublished":"2013-10-31T09:41:17+00:00","dateModified":"2018-02-28T10:09:57+00:00","description":"Vos Photos d\u2019identit\u00e9 : Photo d\u2019identit\u00e9 minute, Copy Flash System vous propose de faire vos photos d'identit\u00e9 pour tous vos documents administratifs :","breadcrumb":{"@id":"http:\/\/photocopie-ajaccio.com\/photocopie\/photo-didentite\/#breadcrumb"},"inLanguage":"fr-FR","potentialAction":[{"@type":"ReadAction","target":["http:\/\/photocopie-ajaccio.com\/photocopie\/photo-didentite\/"]}]},{"@type":"BreadcrumbList","@id":"http:\/\/photocopie-ajaccio.com\/photocopie\/photo-didentite\/#breadcrumb","itemListElement":[{"@type":"ListItem","position":1,"name":"Accueil","item":"https:\/\/photocopie-ajaccio.com\/photocopie\/"},{"@type":"ListItem","position":2,"name":"Vos Photos d\u2019identit\u00e9"}]}]}},"_links":{"self":[{"href":"https:\/\/photocopie-ajaccio.com\/photocopie\/wp-json\/wp\/v2\/pages\/56","targetHints":{"allow":["GET"]}}],"collection":[{"href":"https:\/\/photocopie-ajaccio.com\/photocopie\/wp-json\/wp\/v2\/pages"}],"about":[{"href":"https:\/\/photocopie-ajaccio.com\/photocopie\/wp-json\/wp\/v2\/types\/page"}],"author":[{"embeddable":true,"href":"https:\/\/photocopie-ajaccio.com\/photocopie\/wp-json\/wp\/v2\/users\/1"}],"replies":[{"embeddable":true,"href":"https:\/\/photocopie-ajaccio.com\/photocopie\/wp-json\/wp\/v2\/comments?post=56"}],"version-history":[{"count":0,"href":"https:\/\/photocopie-ajaccio.com\/photocopie\/wp-json\/wp\/v2\/pages\/56\/revisions"}],"wp:attachment":[{"href":"https:\/\/photocopie-ajaccio.com\/photocopie\/wp-json\/wp\/v2\/media?parent=56"}],"curies":[{"name":"wp","href":"https:\/\/api.w.org\/{rel}","templated":true}]}}