{"id":58,"date":"2013-10-31T10:41:37","date_gmt":"2013-10-31T09:41:37","guid":{"rendered":"http:\/\/photocopie-ajaccio.com\/photocopie\/?page_id=58"},"modified":"2015-03-24T17:31:51","modified_gmt":"2015-03-24T16:31:51","slug":"flocage","status":"publish","type":"page","link":"https:\/\/photocopie-ajaccio.com\/photocopie\/flocage\/","title":{"rendered":"Flocage"},"content":{"rendered":"<h1 style=\"text-align: center;\"><strong>Le flocage<\/strong><\/h1>\n<h2><span style=\"font-size: 14pt;\">Technique qui permet de r\u00e9aliser des logo (nombre de couleur illimit\u00e9es)<\/span><\/h2>\n<h2><span style=\"font-size: 14pt;\">\u00a0Le flocage est une technique qui permet de r\u00e9aliser des logos (nombre de couleurs illimit\u00e9)et m\u00eame des photos, en petite quantit\u00e9s, sur du textile .<\/span><\/h2>\n<h2><span style=\"font-size: 14pt;\">Il consiste \u00e0 imprimer un papier transf\u00e8re qui sera ensuite pos\u00e9 \u00e0 l&rsquo;aide d&rsquo;une presse sur le textile de votre choix.<\/span><\/h2>\n<p><a href=\"http:\/\/photocopie-ajaccio.com\/photocopie\/wp-content\/uploads\/tshirt.jpg\"><img loading=\"lazy\" decoding=\"async\" class=\"aligncenter size-full wp-image-224\" src=\"http:\/\/photocopie-ajaccio.com\/photocopie\/wp-content\/uploads\/tshirt.jpg\" alt=\"tshirt\" width=\"900\" height=\"579\" \/><\/a><\/p>\n","protected":false},"excerpt":{"rendered":"<p>Le flocage Technique qui permet de r\u00e9aliser des logo (nombre de couleur illimit\u00e9es) \u00a0Le flocage est une technique qui permet de r\u00e9aliser des logos (nombre de couleurs illimit\u00e9)et m\u00eame des photos, en petite quantit\u00e9s, sur du textile . Il consiste \u00e0 imprimer un papier transf\u00e8re qui sera ensuite pos\u00e9 \u00e0 l&rsquo;aide d&rsquo;une presse sur le &hellip;<\/p>\n","protected":false},"author":1,"featured_media":0,"parent":0,"menu_order":0,"comment_status":"open","ping_status":"open","template":"","meta":{"footnotes":""},"class_list":["post-58","page","type-page","status-publish","hentry"],"yoast_head":"<!-- This site is optimized with the Yoast SEO plugin v18.8 - https:\/\/yoast.com\/wordpress\/plugins\/seo\/ -->\n<title>Flocage - Copy Flash System<\/title>\n<meta name=\"robots\" content=\"index, follow, max-snippet:-1, max-image-preview:large, max-video-preview:-1\" \/>\n<link rel=\"canonical\" href=\"http:\/\/photocopie-ajaccio.com\/photocopie\/flocage\/\" \/>\n<meta property=\"og:locale\" content=\"fr_FR\" \/>\n<meta property=\"og:type\" content=\"article\" \/>\n<meta property=\"og:title\" content=\"Flocage - Copy Flash System\" \/>\n<meta property=\"og:description\" content=\"Le flocage Technique qui permet de r\u00e9aliser des logo (nombre de couleur illimit\u00e9es) \u00a0Le flocage est une technique qui permet de r\u00e9aliser des logos (nombre de couleurs illimit\u00e9)et m\u00eame des photos, en petite quantit\u00e9s, sur du textile . Il consiste \u00e0 imprimer un papier transf\u00e8re qui sera ensuite pos\u00e9 \u00e0 l&rsquo;aide d&rsquo;une presse sur le &hellip;\" \/>\n<meta property=\"og:url\" content=\"http:\/\/photocopie-ajaccio.com\/photocopie\/flocage\/\" \/>\n<meta property=\"og:site_name\" content=\"Copy Flash System\" \/>\n<meta property=\"article:publisher\" content=\"https:\/\/www.facebook.com\/cfs.mezzavia\" \/>\n<meta property=\"article:modified_time\" content=\"2015-03-24T16:31:51+00:00\" \/>\n<meta property=\"og:image\" content=\"http:\/\/photocopie-ajaccio.com\/photocopie\/wp-content\/uploads\/tshirt.jpg\" \/>\n<script type=\"application\/ld+json\" class=\"yoast-schema-graph\">{\"@context\":\"https:\/\/schema.org\",\"@graph\":[{\"@type\":\"WebSite\",\"@id\":\"https:\/\/photocopie-ajaccio.com\/photocopie\/#website\",\"url\":\"https:\/\/photocopie-ajaccio.com\/photocopie\/\",\"name\":\"Copy Flash System\",\"description\":\"Photocopies &amp; Impressions sur ajaccio\",\"potentialAction\":[{\"@type\":\"SearchAction\",\"target\":{\"@type\":\"EntryPoint\",\"urlTemplate\":\"https:\/\/photocopie-ajaccio.com\/photocopie\/?s={search_term_string}\"},\"query-input\":\"required name=search_term_string\"}],\"inLanguage\":\"fr-FR\"},{\"@type\":\"ImageObject\",\"inLanguage\":\"fr-FR\",\"@id\":\"http:\/\/photocopie-ajaccio.com\/photocopie\/flocage\/#primaryimage\",\"url\":\"https:\/\/photocopie-ajaccio.com\/photocopie\/wp-content\/uploads\/tshirt.jpg\",\"contentUrl\":\"https:\/\/photocopie-ajaccio.com\/photocopie\/wp-content\/uploads\/tshirt.jpg\",\"width\":900,\"height\":579},{\"@type\":\"WebPage\",\"@id\":\"http:\/\/photocopie-ajaccio.com\/photocopie\/flocage\/#webpage\",\"url\":\"http:\/\/photocopie-ajaccio.com\/photocopie\/flocage\/\",\"name\":\"Flocage - Copy Flash System\",\"isPartOf\":{\"@id\":\"https:\/\/photocopie-ajaccio.com\/photocopie\/#website\"},\"primaryImageOfPage\":{\"@id\":\"http:\/\/photocopie-ajaccio.com\/photocopie\/flocage\/#primaryimage\"},\"datePublished\":\"2013-10-31T09:41:37+00:00\",\"dateModified\":\"2015-03-24T16:31:51+00:00\",\"breadcrumb\":{\"@id\":\"http:\/\/photocopie-ajaccio.com\/photocopie\/flocage\/#breadcrumb\"},\"inLanguage\":\"fr-FR\",\"potentialAction\":[{\"@type\":\"ReadAction\",\"target\":[\"http:\/\/photocopie-ajaccio.com\/photocopie\/flocage\/\"]}]},{\"@type\":\"BreadcrumbList\",\"@id\":\"http:\/\/photocopie-ajaccio.com\/photocopie\/flocage\/#breadcrumb\",\"itemListElement\":[{\"@type\":\"ListItem\",\"position\":1,\"name\":\"Accueil\",\"item\":\"https:\/\/photocopie-ajaccio.com\/photocopie\/\"},{\"@type\":\"ListItem\",\"position\":2,\"name\":\"Flocage\"}]}]}<\/script>\n<!-- \/ Yoast SEO plugin. -->","yoast_head_json":{"title":"Flocage - Copy Flash System","robots":{"index":"index","follow":"follow","max-snippet":"max-snippet:-1","max-image-preview":"max-image-preview:large","max-video-preview":"max-video-preview:-1"},"canonical":"http:\/\/photocopie-ajaccio.com\/photocopie\/flocage\/","og_locale":"fr_FR","og_type":"article","og_title":"Flocage - Copy Flash System","og_description":"Le flocage Technique qui permet de r\u00e9aliser des logo (nombre de couleur illimit\u00e9es) \u00a0Le flocage est une technique qui permet de r\u00e9aliser des logos (nombre de couleurs illimit\u00e9)et m\u00eame des photos, en petite quantit\u00e9s, sur du textile . Il consiste \u00e0 imprimer un papier transf\u00e8re qui sera ensuite pos\u00e9 \u00e0 l&rsquo;aide d&rsquo;une presse sur le &hellip;","og_url":"http:\/\/photocopie-ajaccio.com\/photocopie\/flocage\/","og_site_name":"Copy Flash System","article_publisher":"https:\/\/www.facebook.com\/cfs.mezzavia","article_modified_time":"2015-03-24T16:31:51+00:00","og_image":[{"url":"http:\/\/photocopie-ajaccio.com\/photocopie\/wp-content\/uploads\/tshirt.jpg"}],"schema":{"@context":"https:\/\/schema.org","@graph":[{"@type":"WebSite","@id":"https:\/\/photocopie-ajaccio.com\/photocopie\/#website","url":"https:\/\/photocopie-ajaccio.com\/photocopie\/","name":"Copy Flash System","description":"Photocopies &amp; Impressions sur ajaccio","potentialAction":[{"@type":"SearchAction","target":{"@type":"EntryPoint","urlTemplate":"https:\/\/photocopie-ajaccio.com\/photocopie\/?s={search_term_string}"},"query-input":"required name=search_term_string"}],"inLanguage":"fr-FR"},{"@type":"ImageObject","inLanguage":"fr-FR","@id":"http:\/\/photocopie-ajaccio.com\/photocopie\/flocage\/#primaryimage","url":"https:\/\/photocopie-ajaccio.com\/photocopie\/wp-content\/uploads\/tshirt.jpg","contentUrl":"https:\/\/photocopie-ajaccio.com\/photocopie\/wp-content\/uploads\/tshirt.jpg","width":900,"height":579},{"@type":"WebPage","@id":"http:\/\/photocopie-ajaccio.com\/photocopie\/flocage\/#webpage","url":"http:\/\/photocopie-ajaccio.com\/photocopie\/flocage\/","name":"Flocage - Copy Flash System","isPartOf":{"@id":"https:\/\/photocopie-ajaccio.com\/photocopie\/#website"},"primaryImageOfPage":{"@id":"http:\/\/photocopie-ajaccio.com\/photocopie\/flocage\/#primaryimage"},"datePublished":"2013-10-31T09:41:37+00:00","dateModified":"2015-03-24T16:31:51+00:00","breadcrumb":{"@id":"http:\/\/photocopie-ajaccio.com\/photocopie\/flocage\/#breadcrumb"},"inLanguage":"fr-FR","potentialAction":[{"@type":"ReadAction","target":["http:\/\/photocopie-ajaccio.com\/photocopie\/flocage\/"]}]},{"@type":"BreadcrumbList","@id":"http:\/\/photocopie-ajaccio.com\/photocopie\/flocage\/#breadcrumb","itemListElement":[{"@type":"ListItem","position":1,"name":"Accueil","item":"https:\/\/photocopie-ajaccio.com\/photocopie\/"},{"@type":"ListItem","position":2,"name":"Flocage"}]}]}},"_links":{"self":[{"href":"https:\/\/photocopie-ajaccio.com\/photocopie\/wp-json\/wp\/v2\/pages\/58","targetHints":{"allow":["GET"]}}],"collection":[{"href":"https:\/\/photocopie-ajaccio.com\/photocopie\/wp-json\/wp\/v2\/pages"}],"about":[{"href":"https:\/\/photocopie-ajaccio.com\/photocopie\/wp-json\/wp\/v2\/types\/page"}],"author":[{"embeddable":true,"href":"https:\/\/photocopie-ajaccio.com\/photocopie\/wp-json\/wp\/v2\/users\/1"}],"replies":[{"embeddable":true,"href":"https:\/\/photocopie-ajaccio.com\/photocopie\/wp-json\/wp\/v2\/comments?post=58"}],"version-history":[{"count":0,"href":"https:\/\/photocopie-ajaccio.com\/photocopie\/wp-json\/wp\/v2\/pages\/58\/revisions"}],"wp:attachment":[{"href":"https:\/\/photocopie-ajaccio.com\/photocopie\/wp-json\/wp\/v2\/media?parent=58"}],"curies":[{"name":"wp","href":"https:\/\/api.w.org\/{rel}","templated":true}]}}